{"id":5622,"date":"2026-03-12T11:15:46","date_gmt":"2026-03-12T16:15:46","guid":{"rendered":"https:\/\/andinoschool.edu.pe\/?page_id=5622"},"modified":"2026-03-23T12:40:46","modified_gmt":"2026-03-23T17:40:46","slug":"comunidad-educativa","status":"publish","type":"page","link":"https:\/\/andinoschool.edu.pe\/es\/comunidad-educativa\/","title":{"rendered":"Comunidad Educativa"},"content":{"rendered":"\t\t<div data-elementor-type=\"wp-page\" data-elementor-id=\"5622\" class=\"elementor elementor-5622\" data-elementor-post-type=\"page\">\n\t\t\t\t<div class=\"elementor-element elementor-element-86b250d e-con-full e-flex e-con e-parent\" data-id=\"86b250d\" data-element_type=\"container\" data-e-type=\"container\" data-settings=\"{&quot;background_background&quot;:&quot;classic&quot;,&quot;jet_parallax_layout_list&quot;:[]}\">\n\t\t\t\t<div class=\"elementor-element elementor-element-c5d4345 elementor-widget elementor-widget-heading\" data-id=\"c5d4345\" data-element_type=\"widget\" data-e-type=\"widget\" data-widget_type=\"heading.default\">\n\t\t\t\t<div class=\"elementor-widget-container\">\n\t\t\t\t\t<h2 class=\"elementor-heading-title elementor-size-default\">Nuestro equipo\n<\/h2>\t\t\t\t<\/div>\n\t\t\t\t<\/div>\n\t\t\t\t<\/div>\n\t\t<div class=\"elementor-element elementor-element-0a7d959 e-con-full e-flex e-con e-parent\" data-id=\"0a7d959\" data-element_type=\"container\" data-e-type=\"container\" data-settings=\"{&quot;jet_parallax_layout_list&quot;:[]}\">\n\t\t\t\t<div class=\"elementor-element elementor-element-dea7251 elementor-widget__width-inherit elementor-widget elementor-widget-image\" data-id=\"dea7251\" data-element_type=\"widget\" data-e-type=\"widget\" data-widget_type=\"image.default\">\n\t\t\t\t<div class=\"elementor-widget-container\">\n\t\t\t\t\t\t\t\t\t\t\t\t\t\t\t<img fetchpriority=\"high\" decoding=\"async\" width=\"1200\" height=\"800\" src=\"https:\/\/andinoschool.edu.pe\/wp-content\/uploads\/2026\/03\/2-1.png\" class=\"attachment-full size-full wp-image-5755\" alt=\"\" srcset=\"https:\/\/andinoschool.edu.pe\/wp-content\/uploads\/2026\/03\/2-1.png 1200w, https:\/\/andinoschool.edu.pe\/wp-content\/uploads\/2026\/03\/2-1-300x200.png 300w, https:\/\/andinoschool.edu.pe\/wp-content\/uploads\/2026\/03\/2-1-1024x683.png 1024w, https:\/\/andinoschool.edu.pe\/wp-content\/uploads\/2026\/03\/2-1-768x512.png 768w, https:\/\/andinoschool.edu.pe\/wp-content\/uploads\/2026\/03\/2-1-18x12.png 18w\" sizes=\"(max-width: 1200px) 100vw, 1200px\" \/>\t\t\t\t\t\t\t\t\t\t\t\t\t\t\t<\/div>\n\t\t\t\t<\/div>\n\t\t\t\t<\/div>\n\t\t<div class=\"elementor-element elementor-element-c2ca23b e-con-full e-flex e-con e-parent\" data-id=\"c2ca23b\" data-element_type=\"container\" data-e-type=\"container\" data-settings=\"{&quot;jet_parallax_layout_list&quot;:[]}\">\n\t\t<div class=\"elementor-element elementor-element-eca611b e-con-full e-flex e-con e-child\" data-id=\"eca611b\" data-element_type=\"container\" data-e-type=\"container\" data-settings=\"{&quot;jet_parallax_layout_list&quot;:[]}\">\n\t\t\t\t<div class=\"elementor-element elementor-element-3aab142 elementor-widget__width-initial elementor-widget elementor-widget-heading\" data-id=\"3aab142\" data-element_type=\"widget\" data-e-type=\"widget\" data-widget_type=\"heading.default\">\n\t\t\t\t<div class=\"elementor-widget-container\">\n\t\t\t\t\t<h2 class=\"elementor-heading-title elementor-size-default\">Qui\u00e9nes hacen posible Andino Cusco International School<\/h2>\t\t\t\t<\/div>\n\t\t\t\t<\/div>\n\t\t\t\t<div class=\"elementor-element elementor-element-223efb6 elementor-widget__width-initial elementor-widget elementor-widget-text-editor\" data-id=\"223efb6\" data-element_type=\"widget\" data-e-type=\"widget\" data-widget_type=\"text-editor.default\">\n\t\t\t\t<div class=\"elementor-widget-container\">\n\t\t\t\t\t\t\t\t\t<p>Presentamos al equipo de profesionales que hace posible Andino Cusco International School. Liderado por Promotor\u00eda, Direcci\u00f3n, Gerencia y Coordinaci\u00f3n Acad\u00e9mica, nuestro equipo trabaja siendo y formando agentes de cambio para un mundo mejor<\/p><p><strong><a href=\"https:\/\/andinoschool.edu.pe\/personal\/#promotoriaDirecionyGerencia\">Conoce m\u00e1s sobre nuestro equipo de Direcci\u00f3n y Coordinadores &gt;<\/a><\/strong><\/p>\t\t\t\t\t\t\t\t<\/div>\n\t\t\t\t<\/div>\n\t\t\t\t<\/div>\n\t\t<div class=\"elementor-element elementor-element-de26580 e-con-full e-flex e-con e-child\" data-id=\"de26580\" data-element_type=\"container\" data-e-type=\"container\" data-settings=\"{&quot;jet_parallax_layout_list&quot;:[]}\">\n\t\t\t\t<div class=\"elementor-element elementor-element-0ba78ed img-100vh elementor-widget elementor-widget-image\" data-id=\"0ba78ed\" data-element_type=\"widget\" data-e-type=\"widget\" data-widget_type=\"image.default\">\n\t\t\t\t<div class=\"elementor-widget-container\">\n\t\t\t\t\t\t\t\t\t\t\t\t\t\t\t<img decoding=\"async\" width=\"2400\" height=\"1600\" src=\"https:\/\/andinoschool.edu.pe\/wp-content\/uploads\/2026\/03\/Diseno-sin-titulo-18.png\" class=\"attachment-full size-full wp-image-5792\" alt=\"\" srcset=\"https:\/\/andinoschool.edu.pe\/wp-content\/uploads\/2026\/03\/Diseno-sin-titulo-18.png 2400w, https:\/\/andinoschool.edu.pe\/wp-content\/uploads\/2026\/03\/Diseno-sin-titulo-18-300x200.png 300w, https:\/\/andinoschool.edu.pe\/wp-content\/uploads\/2026\/03\/Diseno-sin-titulo-18-1024x683.png 1024w, https:\/\/andinoschool.edu.pe\/wp-content\/uploads\/2026\/03\/Diseno-sin-titulo-18-768x512.png 768w, https:\/\/andinoschool.edu.pe\/wp-content\/uploads\/2026\/03\/Diseno-sin-titulo-18-1536x1024.png 1536w, https:\/\/andinoschool.edu.pe\/wp-content\/uploads\/2026\/03\/Diseno-sin-titulo-18-2048x1365.png 2048w, https:\/\/andinoschool.edu.pe\/wp-content\/uploads\/2026\/03\/Diseno-sin-titulo-18-18x12.png 18w\" sizes=\"(max-width: 2400px) 100vw, 2400px\" \/>\t\t\t\t\t\t\t\t\t\t\t\t\t\t\t<\/div>\n\t\t\t\t<\/div>\n\t\t\t\t<div class=\"elementor-element elementor-element-f8fa028 elementor-absolute elementor-widget elementor-widget-heading\" data-id=\"f8fa028\" data-element_type=\"widget\" data-e-type=\"widget\" data-settings=\"{&quot;_position&quot;:&quot;absolute&quot;}\" data-widget_type=\"heading.default\">\n\t\t\t\t<div class=\"elementor-widget-container\">\n\t\t\t\t\t<h2 class=\"elementor-heading-title elementor-size-default\">Gerencia, Direcci\u00f3n y Coordinaciones\n<\/h2>\t\t\t\t<\/div>\n\t\t\t\t<\/div>\n\t\t\t\t<\/div>\n\t\t\t\t<\/div>\n\t\t<div class=\"elementor-element elementor-element-d199467 e-con-full e-flex e-con e-parent\" data-id=\"d199467\" data-element_type=\"container\" data-e-type=\"container\" data-settings=\"{&quot;jet_parallax_layout_list&quot;:[]}\">\n\t\t<div class=\"elementor-element elementor-element-69228f4 e-con-full e-flex e-con e-child\" data-id=\"69228f4\" data-element_type=\"container\" data-e-type=\"container\" data-settings=\"{&quot;jet_parallax_layout_list&quot;:[]}\">\n\t\t\t\t<div class=\"elementor-element elementor-element-18f47b4 img-100vh elementor-widget elementor-widget-image\" data-id=\"18f47b4\" data-element_type=\"widget\" data-e-type=\"widget\" data-widget_type=\"image.default\">\n\t\t\t\t<div class=\"elementor-widget-container\">\n\t\t\t\t\t\t\t\t\t\t\t\t\t\t\t<img decoding=\"async\" width=\"2400\" height=\"1600\" src=\"https:\/\/andinoschool.edu.pe\/wp-content\/uploads\/2026\/03\/Diseno-sin-titulo-20.png\" class=\"attachment-full size-full wp-image-5798\" alt=\"\" srcset=\"https:\/\/andinoschool.edu.pe\/wp-content\/uploads\/2026\/03\/Diseno-sin-titulo-20.png 2400w, https:\/\/andinoschool.edu.pe\/wp-content\/uploads\/2026\/03\/Diseno-sin-titulo-20-300x200.png 300w, https:\/\/andinoschool.edu.pe\/wp-content\/uploads\/2026\/03\/Diseno-sin-titulo-20-1024x683.png 1024w, https:\/\/andinoschool.edu.pe\/wp-content\/uploads\/2026\/03\/Diseno-sin-titulo-20-768x512.png 768w, https:\/\/andinoschool.edu.pe\/wp-content\/uploads\/2026\/03\/Diseno-sin-titulo-20-1536x1024.png 1536w, https:\/\/andinoschool.edu.pe\/wp-content\/uploads\/2026\/03\/Diseno-sin-titulo-20-2048x1365.png 2048w, https:\/\/andinoschool.edu.pe\/wp-content\/uploads\/2026\/03\/Diseno-sin-titulo-20-18x12.png 18w\" sizes=\"(max-width: 2400px) 100vw, 2400px\" \/>\t\t\t\t\t\t\t\t\t\t\t\t\t\t\t<\/div>\n\t\t\t\t<\/div>\n\t\t\t\t<div class=\"elementor-element elementor-element-bcce845 elementor-absolute elementor-widget elementor-widget-heading\" data-id=\"bcce845\" data-element_type=\"widget\" data-e-type=\"widget\" data-settings=\"{&quot;_position&quot;:&quot;absolute&quot;}\" data-widget_type=\"heading.default\">\n\t\t\t\t<div class=\"elementor-widget-container\">\n\t\t\t\t\t<h2 class=\"elementor-heading-title elementor-size-default\">Docentes<\/h2>\t\t\t\t<\/div>\n\t\t\t\t<\/div>\n\t\t\t\t<\/div>\n\t\t<div class=\"elementor-element elementor-element-e399887 e-con-full e-flex e-con e-child\" data-id=\"e399887\" data-element_type=\"container\" data-e-type=\"container\" data-settings=\"{&quot;jet_parallax_layout_list&quot;:[]}\">\n\t\t\t\t<div class=\"elementor-element elementor-element-74cfcbd elementor-widget__width-initial elementor-widget elementor-widget-text-editor\" data-id=\"74cfcbd\" data-element_type=\"widget\" data-e-type=\"widget\" data-widget_type=\"text-editor.default\">\n\t\t\t\t<div class=\"elementor-widget-container\">\n\t\t\t\t\t\t\t\t\t<div class=\"elementor-element elementor-element-ed214b8 texto-a elementor-widget elementor-widget-text-editor\" data-id=\"ed214b8\" data-element_type=\"widget\" data-e-type=\"widget\" data-widget_type=\"text-editor.default\"><div class=\"elementor-widget-container\"><p>Nuestros docentes se destacan por su alta calidad profesional, pasi\u00f3n por la ense\u00f1anza y entrega incondicional a nuestros estudiantes. El Bachillerato Internacional reconoce la labor esencial de los docentes para el \u00e9xito de los colegios y los considera miembros clave de una comunidad profesional de aprendizaje.<\/p><\/div><\/div><div class=\"elementor-element elementor-element-8b11ace elementor-widget elementor-widget-heading\" data-id=\"8b11ace\" data-element_type=\"widget\" data-e-type=\"widget\" data-widget_type=\"heading.default\"><div class=\"elementor-widget-container\"><p class=\"elementor-heading-title elementor-size-default\"><a href=\"https:\/\/andinoschool.edu.pe\/personal\/#docentes\">Conoce m\u00e1s sobre nuestra plana de docentes &gt;<\/a><\/p><\/div><\/div>\t\t\t\t\t\t\t\t<\/div>\n\t\t\t\t<\/div>\n\t\t\t\t<\/div>\n\t\t\t\t<\/div>\n\t\t<div class=\"elementor-element elementor-element-d90d983 e-con-full e-flex e-con e-parent\" data-id=\"d90d983\" data-element_type=\"container\" data-e-type=\"container\" data-settings=\"{&quot;jet_parallax_layout_list&quot;:[]}\">\n\t\t<div class=\"elementor-element elementor-element-c5411be e-con-full e-flex e-con e-child\" data-id=\"c5411be\" data-element_type=\"container\" data-e-type=\"container\" data-settings=\"{&quot;jet_parallax_layout_list&quot;:[]}\">\n\t\t\t\t<div class=\"elementor-element elementor-element-51d2db7 elementor-widget__width-initial elementor-widget elementor-widget-text-editor\" data-id=\"51d2db7\" data-element_type=\"widget\" data-e-type=\"widget\" data-widget_type=\"text-editor.default\">\n\t\t\t\t<div class=\"elementor-widget-container\">\n\t\t\t\t\t\t\t\t\t<div class=\"elementor-element elementor-element-c258d32 elementor-widget elementor-widget-text-editor\" data-id=\"c258d32\" data-element_type=\"widget\" data-e-type=\"widget\" data-widget_type=\"text-editor.default\"><div class=\"elementor-widget-container\"><p>Nuestro equipo administrativo se distingue por su proactividad, responsabilidad y enfoque en el servicio, actuando como un nexo esencial entre el colegio, las familias y la comunidad en general.<\/p><\/div><\/div><div class=\"elementor-element elementor-element-3766986 elementor-widget elementor-widget-heading\" data-id=\"3766986\" data-element_type=\"widget\" data-e-type=\"widget\" data-widget_type=\"heading.default\"><div class=\"elementor-widget-container\"><p class=\"elementor-heading-title elementor-size-default\"><a href=\"https:\/\/andinoschool.edu.pe\/personal\/#equipoAdministrativo\">Conoce m\u00e1s sobre nuestro equipo administrativo &gt;<\/a><\/p><\/div><\/div>\t\t\t\t\t\t\t\t<\/div>\n\t\t\t\t<\/div>\n\t\t\t\t<\/div>\n\t\t<div class=\"elementor-element elementor-element-5363032 e-con-full e-flex e-con e-child\" data-id=\"5363032\" data-element_type=\"container\" data-e-type=\"container\" data-settings=\"{&quot;jet_parallax_layout_list&quot;:[]}\">\n\t\t\t\t<div class=\"elementor-element elementor-element-bdb0655 img-100vh elementor-widget elementor-widget-image\" data-id=\"bdb0655\" data-element_type=\"widget\" data-e-type=\"widget\" data-widget_type=\"image.default\">\n\t\t\t\t<div class=\"elementor-widget-container\">\n\t\t\t\t\t\t\t\t\t\t\t\t\t\t\t<img loading=\"lazy\" decoding=\"async\" width=\"1200\" height=\"800\" src=\"https:\/\/andinoschool.edu.pe\/wp-content\/uploads\/2026\/03\/11.png\" class=\"attachment-full size-full wp-image-5761\" alt=\"\" srcset=\"https:\/\/andinoschool.edu.pe\/wp-content\/uploads\/2026\/03\/11.png 1200w, https:\/\/andinoschool.edu.pe\/wp-content\/uploads\/2026\/03\/11-300x200.png 300w, https:\/\/andinoschool.edu.pe\/wp-content\/uploads\/2026\/03\/11-1024x683.png 1024w, https:\/\/andinoschool.edu.pe\/wp-content\/uploads\/2026\/03\/11-768x512.png 768w, https:\/\/andinoschool.edu.pe\/wp-content\/uploads\/2026\/03\/11-18x12.png 18w\" sizes=\"(max-width: 1200px) 100vw, 1200px\" \/>\t\t\t\t\t\t\t\t\t\t\t\t\t\t\t<\/div>\n\t\t\t\t<\/div>\n\t\t\t\t<div class=\"elementor-element elementor-element-756a09a elementor-absolute elementor-widget elementor-widget-heading\" data-id=\"756a09a\" data-element_type=\"widget\" data-e-type=\"widget\" data-settings=\"{&quot;_position&quot;:&quot;absolute&quot;}\" data-widget_type=\"heading.default\">\n\t\t\t\t<div class=\"elementor-widget-container\">\n\t\t\t\t\t<h2 class=\"elementor-heading-title elementor-size-default\">Equipo administrativo\n<\/h2>\t\t\t\t<\/div>\n\t\t\t\t<\/div>\n\t\t\t\t<\/div>\n\t\t\t\t<\/div>\n\t\t<div class=\"elementor-element elementor-element-3360e9b e-con-full e-flex e-con e-parent\" data-id=\"3360e9b\" data-element_type=\"container\" data-e-type=\"container\" data-settings=\"{&quot;jet_parallax_layout_list&quot;:[]}\">\n\t\t<div class=\"elementor-element elementor-element-40bcaab e-con-full e-flex e-con e-child\" data-id=\"40bcaab\" data-element_type=\"container\" data-e-type=\"container\" data-settings=\"{&quot;jet_parallax_layout_list&quot;:[]}\">\n\t\t\t\t<div class=\"elementor-element elementor-element-3108a6b img-100vh elementor-widget elementor-widget-image\" data-id=\"3108a6b\" data-element_type=\"widget\" data-e-type=\"widget\" data-widget_type=\"image.default\">\n\t\t\t\t<div class=\"elementor-widget-container\">\n\t\t\t\t\t\t\t\t\t\t\t\t\t\t\t<img loading=\"lazy\" decoding=\"async\" width=\"1200\" height=\"800\" src=\"https:\/\/andinoschool.edu.pe\/wp-content\/uploads\/2026\/03\/1-1.png\" class=\"attachment-full size-full wp-image-5762\" alt=\"\" srcset=\"https:\/\/andinoschool.edu.pe\/wp-content\/uploads\/2026\/03\/1-1.png 1200w, https:\/\/andinoschool.edu.pe\/wp-content\/uploads\/2026\/03\/1-1-300x200.png 300w, https:\/\/andinoschool.edu.pe\/wp-content\/uploads\/2026\/03\/1-1-1024x683.png 1024w, https:\/\/andinoschool.edu.pe\/wp-content\/uploads\/2026\/03\/1-1-768x512.png 768w, https:\/\/andinoschool.edu.pe\/wp-content\/uploads\/2026\/03\/1-1-18x12.png 18w\" sizes=\"(max-width: 1200px) 100vw, 1200px\" \/>\t\t\t\t\t\t\t\t\t\t\t\t\t\t\t<\/div>\n\t\t\t\t<\/div>\n\t\t\t\t<div class=\"elementor-element elementor-element-64c5216 elementor-absolute elementor-widget elementor-widget-heading\" data-id=\"64c5216\" data-element_type=\"widget\" data-e-type=\"widget\" data-settings=\"{&quot;_position&quot;:&quot;absolute&quot;}\" data-widget_type=\"heading.default\">\n\t\t\t\t<div class=\"elementor-widget-container\">\n\t\t\t\t\t<h2 class=\"elementor-heading-title elementor-size-default\">Departamento Bienestar y Aprendizajes Integral (DBAI)<\/h2>\t\t\t\t<\/div>\n\t\t\t\t<\/div>\n\t\t\t\t<\/div>\n\t\t<div class=\"elementor-element elementor-element-742534f e-con-full e-flex e-con e-child\" data-id=\"742534f\" data-element_type=\"container\" data-e-type=\"container\" data-settings=\"{&quot;jet_parallax_layout_list&quot;:[]}\">\n\t\t\t\t<div class=\"elementor-element elementor-element-6e98e0a elementor-widget__width-initial elementor-widget elementor-widget-text-editor\" data-id=\"6e98e0a\" data-element_type=\"widget\" data-e-type=\"widget\" data-widget_type=\"text-editor.default\">\n\t\t\t\t<div class=\"elementor-widget-container\">\n\t\t\t\t\t\t\t\t\t<div class=\"elementor-element elementor-element-45a73c0 elementor-widget elementor-widget-text-editor\" data-id=\"45a73c0\" data-element_type=\"widget\" data-e-type=\"widget\" data-widget_type=\"text-editor.default\"><div class=\"elementor-widget-container\"><p>El equipo de DBAI trabaja de manera integrada con estudiantes, familias y colaboradores del colegio, con el fin de generar cambios, reestructuraciones y transformaciones que, desde el \u00e1mbito de la intervenci\u00f3n psicol\u00f3gica, acompa\u00f1en y aporten en la construcci\u00f3n de un mundo mejor.<\/p><\/div><\/div><div class=\"elementor-element elementor-element-a377f27 elementor-widget elementor-widget-heading\" data-id=\"a377f27\" data-element_type=\"widget\" data-e-type=\"widget\" data-widget_type=\"heading.default\"><div class=\"elementor-widget-container\"><p class=\"elementor-heading-title elementor-size-default\"><a href=\"https:\/\/andinoschool.edu.pe\/personal\/#dop\">Conoce m\u00e1s sobre nuestro equipo de DBAI&gt;<\/a><\/p><\/div><\/div>\t\t\t\t\t\t\t\t<\/div>\n\t\t\t\t<\/div>\n\t\t\t\t<\/div>\n\t\t\t\t<\/div>\n\t\t<div class=\"elementor-element elementor-element-0abf651 e-con-full e-flex e-con e-parent\" data-id=\"0abf651\" data-element_type=\"container\" data-e-type=\"container\" data-settings=\"{&quot;jet_parallax_layout_list&quot;:[]}\">\n\t\t<div class=\"elementor-element elementor-element-d24b393 e-con-full e-flex e-con e-child\" data-id=\"d24b393\" data-element_type=\"container\" data-e-type=\"container\" data-settings=\"{&quot;jet_parallax_layout_list&quot;:[]}\">\n\t\t\t\t<div class=\"elementor-element elementor-element-0464b89 elementor-widget__width-initial elementor-widget elementor-widget-text-editor\" data-id=\"0464b89\" data-element_type=\"widget\" data-e-type=\"widget\" data-widget_type=\"text-editor.default\">\n\t\t\t\t<div class=\"elementor-widget-container\">\n\t\t\t\t\t\t\t\t\t<div class=\"elementor-element elementor-element-45a73c0 elementor-widget elementor-widget-text-editor\" data-id=\"45a73c0\" data-element_type=\"widget\" data-e-type=\"widget\" data-widget_type=\"text-editor.default\"><div class=\"elementor-widget-container\"><p>Nuestro equipo de mantenimiento asegura el cuidado de las instalaciones del colegio, las aulas y las \u00e1reas comunes. Adem\u00e1s, est\u00e1n encargados de la conservaci\u00f3n de nuestras \u00e1reas verdes, promoviendo un entorno limpio y ordenado para la comunidad educativa.<\/p><\/div><\/div><div class=\"elementor-element elementor-element-a377f27 elementor-widget elementor-widget-heading\" data-id=\"a377f27\" data-element_type=\"widget\" data-e-type=\"widget\" data-widget_type=\"heading.default\"><div class=\"elementor-widget-container\">\u00a0<\/div><\/div>\t\t\t\t\t\t\t\t<\/div>\n\t\t\t\t<\/div>\n\t\t\t\t<\/div>\n\t\t<div class=\"elementor-element elementor-element-6a16fc9 e-con-full e-flex e-con e-child\" data-id=\"6a16fc9\" data-element_type=\"container\" data-e-type=\"container\" data-settings=\"{&quot;jet_parallax_layout_list&quot;:[]}\">\n\t\t\t\t<div class=\"elementor-element elementor-element-13f7773 img-100vh elementor-widget elementor-widget-image\" data-id=\"13f7773\" data-element_type=\"widget\" data-e-type=\"widget\" data-widget_type=\"image.default\">\n\t\t\t\t<div class=\"elementor-widget-container\">\n\t\t\t\t\t\t\t\t\t\t\t\t\t\t\t<img loading=\"lazy\" decoding=\"async\" width=\"961\" height=\"668\" src=\"https:\/\/andinoschool.edu.pe\/wp-content\/uploads\/2026\/03\/43826_equipo_mantenimiento-1.jpg\" class=\"attachment-full size-full wp-image-5634\" alt=\"\" srcset=\"https:\/\/andinoschool.edu.pe\/wp-content\/uploads\/2026\/03\/43826_equipo_mantenimiento-1.jpg 961w, https:\/\/andinoschool.edu.pe\/wp-content\/uploads\/2026\/03\/43826_equipo_mantenimiento-1-300x209.jpg 300w, https:\/\/andinoschool.edu.pe\/wp-content\/uploads\/2026\/03\/43826_equipo_mantenimiento-1-768x534.jpg 768w, https:\/\/andinoschool.edu.pe\/wp-content\/uploads\/2026\/03\/43826_equipo_mantenimiento-1-18x12.jpg 18w\" sizes=\"(max-width: 961px) 100vw, 961px\" \/>\t\t\t\t\t\t\t\t\t\t\t\t\t\t\t<\/div>\n\t\t\t\t<\/div>\n\t\t\t\t<div class=\"elementor-element elementor-element-a36b9d4 elementor-absolute elementor-widget elementor-widget-heading\" data-id=\"a36b9d4\" data-element_type=\"widget\" data-e-type=\"widget\" data-settings=\"{&quot;_position&quot;:&quot;absolute&quot;}\" data-widget_type=\"heading.default\">\n\t\t\t\t<div class=\"elementor-widget-container\">\n\t\t\t\t\t<h2 class=\"elementor-heading-title elementor-size-default\">Equipo de mantenimiento<\/h2>\t\t\t\t<\/div>\n\t\t\t\t<\/div>\n\t\t\t\t<\/div>\n\t\t\t\t<\/div>\n\t\t<div class=\"elementor-element elementor-element-23c05fc e-con-full e-flex e-con e-parent\" data-id=\"23c05fc\" data-element_type=\"container\" data-e-type=\"container\" data-settings=\"{&quot;jet_parallax_layout_list&quot;:[]}\">\n\t\t<div class=\"elementor-element elementor-element-9b9270f e-con-full e-flex e-con e-child\" data-id=\"9b9270f\" data-element_type=\"container\" data-e-type=\"container\" data-settings=\"{&quot;jet_parallax_layout_list&quot;:[]}\">\n\t\t\t\t<div class=\"elementor-element elementor-element-9428a23 img-100vh elementor-widget elementor-widget-image\" data-id=\"9428a23\" data-element_type=\"widget\" data-e-type=\"widget\" data-widget_type=\"image.default\">\n\t\t\t\t<div class=\"elementor-widget-container\">\n\t\t\t\t\t\t\t\t\t\t\t\t\t\t\t<img loading=\"lazy\" decoding=\"async\" width=\"1200\" height=\"800\" src=\"https:\/\/andinoschool.edu.pe\/wp-content\/uploads\/2026\/03\/9-1.png\" class=\"attachment-full size-full wp-image-5759\" alt=\"\" srcset=\"https:\/\/andinoschool.edu.pe\/wp-content\/uploads\/2026\/03\/9-1.png 1200w, https:\/\/andinoschool.edu.pe\/wp-content\/uploads\/2026\/03\/9-1-300x200.png 300w, https:\/\/andinoschool.edu.pe\/wp-content\/uploads\/2026\/03\/9-1-1024x683.png 1024w, https:\/\/andinoschool.edu.pe\/wp-content\/uploads\/2026\/03\/9-1-768x512.png 768w, https:\/\/andinoschool.edu.pe\/wp-content\/uploads\/2026\/03\/9-1-18x12.png 18w\" sizes=\"(max-width: 1200px) 100vw, 1200px\" \/>\t\t\t\t\t\t\t\t\t\t\t\t\t\t\t<\/div>\n\t\t\t\t<\/div>\n\t\t\t\t<div class=\"elementor-element elementor-element-35a5e06 elementor-absolute elementor-widget elementor-widget-heading\" data-id=\"35a5e06\" data-element_type=\"widget\" data-e-type=\"widget\" data-settings=\"{&quot;_position&quot;:&quot;absolute&quot;}\" data-widget_type=\"heading.default\">\n\t\t\t\t<div class=\"elementor-widget-container\">\n\t\t\t\t\t<h2 class=\"elementor-heading-title elementor-size-default\">Seguridad<\/h2>\t\t\t\t<\/div>\n\t\t\t\t<\/div>\n\t\t\t\t<\/div>\n\t\t<div class=\"elementor-element elementor-element-a9d1209 e-con-full e-flex e-con e-child\" data-id=\"a9d1209\" data-element_type=\"container\" data-e-type=\"container\" data-settings=\"{&quot;jet_parallax_layout_list&quot;:[]}\">\n\t\t\t\t<div class=\"elementor-element elementor-element-5f84cc8 elementor-widget__width-initial elementor-widget elementor-widget-text-editor\" data-id=\"5f84cc8\" data-element_type=\"widget\" data-e-type=\"widget\" data-widget_type=\"text-editor.default\">\n\t\t\t\t<div class=\"elementor-widget-container\">\n\t\t\t\t\t\t\t\t\t<div class=\"elementor-element elementor-element-f981fc2 elementor-widget elementor-widget-text-editor\" data-id=\"f981fc2\" data-element_type=\"widget\" data-e-type=\"widget\" data-widget_type=\"text-editor.default\"><div class=\"elementor-widget-container\"><p>Contamos con personal de seguridad capacitado, que controla la totalidad de los espacios interiores y exteriores. Adem\u00e1s, supervisan el estacionamiento de buses, movilidades y veh\u00edculos particulares, asegurando un flujo ordenado durante el ingreso y salida de estudiantes, colaboradores y visitantes.<\/p><\/div><\/div><div class=\"elementor-element elementor-element-8dc78af elementor-widget elementor-widget-heading\" data-id=\"8dc78af\" data-element_type=\"widget\" data-e-type=\"widget\" data-widget_type=\"heading.default\"><div class=\"elementor-widget-container\"><p class=\"elementor-heading-title elementor-size-default\"><a href=\"https:\/\/andinoschool.edu.pe\/personal\/#seguridad\">Conoce m\u00e1s sobre nuestro equipo de seguridad&gt;<\/a><\/p><\/div><\/div>\t\t\t\t\t\t\t\t<\/div>\n\t\t\t\t<\/div>\n\t\t\t\t<\/div>\n\t\t\t\t<\/div>\n\t\t\t\t<\/div>\n\t\t","protected":false},"excerpt":{"rendered":"<p>Nuestro equipo Qui\u00e9nes hacen posible Andino Cusco International School Presentamos al equipo de profesionales que hace posible Andino Cusco International School. Liderado por Promotor\u00eda, Direcci\u00f3n, Gerencia y Coordinaci\u00f3n Acad\u00e9mica, nuestro equipo trabaja siendo y formando agentes de cambio para un mundo mejor Conoce m\u00e1s sobre nuestro equipo de Direcci\u00f3n y Coordinadores &gt; Gerencia, Direcci\u00f3n y [&hellip;]<\/p>\n","protected":false},"author":7,"featured_media":0,"parent":0,"menu_order":0,"comment_status":"closed","ping_status":"closed","template":"","meta":{"footnotes":""},"class_list":["post-5622","page","type-page","status-publish","hentry"],"_links":{"self":[{"href":"https:\/\/andinoschool.edu.pe\/es\/wp-json\/wp\/v2\/pages\/5622","targetHints":{"allow":["GET"]}}],"collection":[{"href":"https:\/\/andinoschool.edu.pe\/es\/wp-json\/wp\/v2\/pages"}],"about":[{"href":"https:\/\/andinoschool.edu.pe\/es\/wp-json\/wp\/v2\/types\/page"}],"author":[{"embeddable":true,"href":"https:\/\/andinoschool.edu.pe\/es\/wp-json\/wp\/v2\/users\/7"}],"replies":[{"embeddable":true,"href":"https:\/\/andinoschool.edu.pe\/es\/wp-json\/wp\/v2\/comments?post=5622"}],"version-history":[{"count":54,"href":"https:\/\/andinoschool.edu.pe\/es\/wp-json\/wp\/v2\/pages\/5622\/revisions"}],"predecessor-version":[{"id":5801,"href":"https:\/\/andinoschool.edu.pe\/es\/wp-json\/wp\/v2\/pages\/5622\/revisions\/5801"}],"wp:attachment":[{"href":"https:\/\/andinoschool.edu.pe\/es\/wp-json\/wp\/v2\/media?parent=5622"}],"curies":[{"name":"wp","href":"https:\/\/api.w.org\/{rel}","templated":true}]}}