{"id":419,"date":"2024-06-13T02:33:58","date_gmt":"2024-06-13T00:33:58","guid":{"rendered":"https:\/\/andinoschool.edu.pe\/?page_id=419"},"modified":"2026-03-18T11:56:30","modified_gmt":"2026-03-18T16:56:30","slug":"departamento-de-orientacion-y-psicopedagogia","status":"publish","type":"page","link":"https:\/\/andinoschool.edu.pe\/es\/departamento-de-orientacion-y-psicopedagogia\/","title":{"rendered":"Departamento de Orientaci\u00f3n y Psicopedagog\u00eda"},"content":{"rendered":"\t\t<div data-elementor-type=\"wp-page\" data-elementor-id=\"419\" class=\"elementor elementor-419\" data-elementor-post-type=\"page\">\n\t\t\t\t<div class=\"elementor-element elementor-element-c9047c2 e-con-full e-flex e-con e-parent\" data-id=\"c9047c2\" data-element_type=\"container\" data-e-type=\"container\" data-settings=\"{&quot;background_background&quot;:&quot;classic&quot;,&quot;jet_parallax_layout_list&quot;:[]}\">\n\t\t\t\t<div class=\"elementor-element elementor-element-64b6563 elementor-widget elementor-widget-heading\" data-id=\"64b6563\" data-element_type=\"widget\" data-e-type=\"widget\" data-widget_type=\"heading.default\">\n\t\t\t\t<div class=\"elementor-widget-container\">\n\t\t\t\t\t<h1 class=\"elementor-heading-title elementor-size-default\">Departamento de Bienestar y Aprendizaje Integral<\/h1>\t\t\t\t<\/div>\n\t\t\t\t<\/div>\n\t\t\t\t<\/div>\n\t\t<div class=\"elementor-element elementor-element-4bda38d e-con-full e-flex e-con e-parent\" data-id=\"4bda38d\" data-element_type=\"container\" data-e-type=\"container\" data-settings=\"{&quot;jet_parallax_layout_list&quot;:[]}\">\n\t\t\t\t<div class=\"elementor-element elementor-element-d1f7185 elementor-widget elementor-widget-heading\" data-id=\"d1f7185\" data-element_type=\"widget\" data-e-type=\"widget\" data-widget_type=\"heading.default\">\n\t\t\t\t<div class=\"elementor-widget-container\">\n\t\t\t\t\t<h2 class=\"elementor-heading-title elementor-size-default\">\u00bfQu\u00e9 es el DBAI?<\/h2>\t\t\t\t<\/div>\n\t\t\t\t<\/div>\n\t\t\t\t<div class=\"elementor-element elementor-element-7243c24 elementor-widget elementor-widget-text-editor\" data-id=\"7243c24\" data-element_type=\"widget\" data-e-type=\"widget\" data-widget_type=\"text-editor.default\">\n\t\t\t\t<div class=\"elementor-widget-container\">\n\t\t\t\t\t\t\t\t\t<p><span style=\"font-weight: 400;\">Nuestro Departamento de Bienestar y aprendizaje Integral (DBAI) se encarga de brindar acompa\u00f1amiento psicol\u00f3gico a toda nuestra comunidad educativa abarcando los componentes intelectual, social y afectivo-emocional.<\/span><\/p><p><span style=\"font-weight: 400;\">Trabajamos de manera integrada con los miembros de la comunidad educativa, con el fin de generar cambios\u00a0 y transformaciones que acompa\u00f1en y aporten en la construcci\u00f3n de agentes de cambio para un mundo mejor. acompa\u00f1en y aporten en la construcci\u00f3n de un mundo mejor.<\/span><\/p>\t\t\t\t\t\t\t\t<\/div>\n\t\t\t\t<\/div>\n\t\t\t\t<\/div>\n\t\t<div class=\"elementor-element elementor-element-ba7a751 e-con-full e-flex e-con e-parent\" data-id=\"ba7a751\" data-element_type=\"container\" data-e-type=\"container\" data-settings=\"{&quot;background_background&quot;:&quot;classic&quot;,&quot;jet_parallax_layout_list&quot;:[]}\">\n\t\t<div class=\"elementor-element elementor-element-80a297c e-con-full e-flex e-con e-child\" data-id=\"80a297c\" data-element_type=\"container\" data-e-type=\"container\" data-settings=\"{&quot;jet_parallax_layout_list&quot;:[]}\">\n\t\t\t\t<div class=\"elementor-element elementor-element-6a6a15b elementor-widget__width-initial img-h-100 elementor-widget elementor-widget-image\" data-id=\"6a6a15b\" data-element_type=\"widget\" data-e-type=\"widget\" data-widget_type=\"image.default\">\n\t\t\t\t<div class=\"elementor-widget-container\">\n\t\t\t\t\t\t\t\t\t\t\t\t\t\t\t<img fetchpriority=\"high\" decoding=\"async\" width=\"1200\" height=\"800\" src=\"https:\/\/andinoschool.edu.pe\/wp-content\/uploads\/2026\/03\/1-1.png\" class=\"attachment-full size-full wp-image-5762\" alt=\"\" srcset=\"https:\/\/andinoschool.edu.pe\/wp-content\/uploads\/2026\/03\/1-1.png 1200w, https:\/\/andinoschool.edu.pe\/wp-content\/uploads\/2026\/03\/1-1-300x200.png 300w, https:\/\/andinoschool.edu.pe\/wp-content\/uploads\/2026\/03\/1-1-1024x683.png 1024w, https:\/\/andinoschool.edu.pe\/wp-content\/uploads\/2026\/03\/1-1-768x512.png 768w, https:\/\/andinoschool.edu.pe\/wp-content\/uploads\/2026\/03\/1-1-18x12.png 18w\" sizes=\"(max-width: 1200px) 100vw, 1200px\" \/>\t\t\t\t\t\t\t\t\t\t\t\t\t\t\t<\/div>\n\t\t\t\t<\/div>\n\t\t\t\t<\/div>\n\t\t<div class=\"elementor-element elementor-element-2489d53 e-con-full e-flex e-con e-child\" data-id=\"2489d53\" data-element_type=\"container\" data-e-type=\"container\" data-settings=\"{&quot;jet_parallax_layout_list&quot;:[]}\">\n\t\t\t\t<div class=\"elementor-element elementor-element-911b73b elementor-widget elementor-widget-heading\" data-id=\"911b73b\" data-element_type=\"widget\" data-e-type=\"widget\" data-widget_type=\"heading.default\">\n\t\t\t\t<div class=\"elementor-widget-container\">\n\t\t\t\t\t<h4 class=\"elementor-heading-title elementor-size-default\">Conoce al DBAI<\/h4>\t\t\t\t<\/div>\n\t\t\t\t<\/div>\n\t\t\t\t<div class=\"elementor-element elementor-element-4391679 elementor-widget elementor-widget-text-editor\" data-id=\"4391679\" data-element_type=\"widget\" data-e-type=\"widget\" data-widget_type=\"text-editor.default\">\n\t\t\t\t<div class=\"elementor-widget-container\">\n\t\t\t\t\t\t\t\t\t<div class=\"row pt-0 mx-0 aos-init aos-animate\" data-aos=\"fade-right\"><div class=\"col-12 col-lg-6 pl-0\" style=\"text-align: left;\"><p><span style=\"font-weight: 400;\">Contamos con un amplio equipo de profesionales de la Psicolog\u00eda que <\/span><span style=\"font-weight: 400;\">promueven el desarrollo integral de los estudiantes, articulando el acompa\u00f1amiento emocional, psicopedag\u00f3gico y la gesti\u00f3n de la convivencia desde un enfoque preventivo, inclusivo y formativo, en coherencia con los principios del Bachillerato Internacional (IB) y los lineamientos del Ministerio de Educaci\u00f3n del Per\u00fa (Ley N.\u00b0 29719, CGE 5 y pol\u00edticas de inclusi\u00f3n).<\/span><\/p><\/div><\/div>\t\t\t\t\t\t\t\t<\/div>\n\t\t\t\t<\/div>\n\t\t<div class=\"elementor-element elementor-element-5fd33e0 e-con-full e-flex e-con e-child\" data-id=\"5fd33e0\" data-element_type=\"container\" data-e-type=\"container\" data-settings=\"{&quot;jet_parallax_layout_list&quot;:[]}\">\n\t\t<div class=\"elementor-element elementor-element-5df46d7 e-flex e-con-boxed e-con e-child\" data-id=\"5df46d7\" data-element_type=\"container\" data-e-type=\"container\" data-settings=\"{&quot;jet_parallax_layout_list&quot;:[]}\">\n\t\t\t\t\t<div class=\"e-con-inner\">\n\t\t\t\t<div class=\"elementor-element elementor-element-a3b8f5b elementor-widget elementor-widget-text-editor\" data-id=\"a3b8f5b\" data-element_type=\"widget\" data-e-type=\"widget\" data-widget_type=\"text-editor.default\">\n\t\t\t\t<div class=\"elementor-widget-container\">\n\t\t\t\t\t\t\t\t\t<ul><li style=\"font-weight: 400;\" aria-level=\"1\"><span style=\"font-weight: 400;\">Implementar estrategias de orientaci\u00f3n, bienestar emocional y convivencia positiva en todos los niveles educativos.<\/span><\/li><li style=\"font-weight: 400;\" aria-level=\"1\"><span style=\"font-weight: 400;\">Promover un enfoque inclusivo que atienda la diversidad y necesidades individuales de aprendizaje.<\/span><\/li><li style=\"font-weight: 400;\" aria-level=\"1\"><span style=\"font-weight: 400;\">Fortalecer la autorregulaci\u00f3n, la autonom\u00eda y la resiliencia en los estudiantes.<\/span><\/li><\/ul>\t\t\t\t\t\t\t\t<\/div>\n\t\t\t\t<\/div>\n\t\t\t\t\t<\/div>\n\t\t\t\t<\/div>\n\t\t<div class=\"elementor-element elementor-element-2e8dafe e-flex e-con-boxed e-con e-child\" data-id=\"2e8dafe\" data-element_type=\"container\" data-e-type=\"container\" data-settings=\"{&quot;jet_parallax_layout_list&quot;:[]}\">\n\t\t\t\t\t<div class=\"e-con-inner\">\n\t\t\t\t<div class=\"elementor-element elementor-element-0412d0c elementor-widget elementor-widget-text-editor\" data-id=\"0412d0c\" data-element_type=\"widget\" data-e-type=\"widget\" data-widget_type=\"text-editor.default\">\n\t\t\t\t<div class=\"elementor-widget-container\">\n\t\t\t\t\t\t\t\t\t<ul><li><ul><li style=\"font-weight: 400;\" aria-level=\"1\"><span style=\"font-weight: 400;\">Organizar el desarrollo de la labor tutorial en todos los niveles del colegio.<\/span><\/li><li style=\"font-weight: 400;\" aria-level=\"1\"><span style=\"font-weight: 400;\">Fomentar la cultura de paz, la empat\u00eda y la ciudadan\u00eda digital responsable.<\/span><\/li><li style=\"font-weight: 400;\" aria-level=\"1\"><span style=\"font-weight: 400;\">Brindar soporte t\u00e9cnico y pedag\u00f3gico al personal docente en temas socioemocionales y de convivencia.<\/span><\/li><\/ul><span style=\"font-weight: 400;\">Consolidar la alianza entre familia y colegio para el bienestar educativo.<\/span><span style=\"font-weight: 400;\"><br \/><\/span><\/li><\/ul>\t\t\t\t\t\t\t\t<\/div>\n\t\t\t\t<\/div>\n\t\t\t\t\t<\/div>\n\t\t\t\t<\/div>\n\t\t\t\t<\/div>\n\t\t\t\t<\/div>\n\t\t\t\t<\/div>\n\t\t<div class=\"elementor-element elementor-element-fcfa2ee e-con-full e-flex e-con e-parent\" data-id=\"fcfa2ee\" data-element_type=\"container\" data-e-type=\"container\" data-settings=\"{&quot;jet_parallax_layout_list&quot;:[]}\">\n\t\t<div class=\"elementor-element elementor-element-af34846 e-con-full e-flex e-con e-child\" data-id=\"af34846\" data-element_type=\"container\" data-e-type=\"container\" data-settings=\"{&quot;jet_parallax_layout_list&quot;:[]}\">\n\t\t\t\t<div class=\"elementor-element elementor-element-7821347 elementor-widget elementor-widget-image\" data-id=\"7821347\" data-element_type=\"widget\" data-e-type=\"widget\" data-widget_type=\"image.default\">\n\t\t\t\t<div class=\"elementor-widget-container\">\n\t\t\t\t\t\t\t\t\t\t\t\t\t\t\t<img decoding=\"async\" width=\"1950\" height=\"1300\" src=\"https:\/\/andinoschool.edu.pe\/wp-content\/uploads\/2025\/04\/0Y8A4532-1.jpg\" class=\"attachment-full size-full wp-image-4894\" alt=\"\" srcset=\"https:\/\/andinoschool.edu.pe\/wp-content\/uploads\/2025\/04\/0Y8A4532-1.jpg 1950w, https:\/\/andinoschool.edu.pe\/wp-content\/uploads\/2025\/04\/0Y8A4532-1-300x200.jpg 300w, https:\/\/andinoschool.edu.pe\/wp-content\/uploads\/2025\/04\/0Y8A4532-1-1024x683.jpg 1024w, https:\/\/andinoschool.edu.pe\/wp-content\/uploads\/2025\/04\/0Y8A4532-1-768x512.jpg 768w, https:\/\/andinoschool.edu.pe\/wp-content\/uploads\/2025\/04\/0Y8A4532-1-1536x1024.jpg 1536w, https:\/\/andinoschool.edu.pe\/wp-content\/uploads\/2025\/04\/0Y8A4532-1-18x12.jpg 18w\" sizes=\"(max-width: 1950px) 100vw, 1950px\" \/>\t\t\t\t\t\t\t\t\t\t\t\t\t\t\t<\/div>\n\t\t\t\t<\/div>\n\t\t\t\t<\/div>\n\t\t<div class=\"elementor-element elementor-element-cc8ac93 e-con-full e-flex e-con e-child\" data-id=\"cc8ac93\" data-element_type=\"container\" data-e-type=\"container\" data-settings=\"{&quot;jet_parallax_layout_list&quot;:[]}\">\n\t\t\t\t<div class=\"elementor-element elementor-element-dc9f057 elementor-widget elementor-widget-heading\" data-id=\"dc9f057\" data-element_type=\"widget\" data-e-type=\"widget\" data-widget_type=\"heading.default\">\n\t\t\t\t<div class=\"elementor-widget-container\">\n\t\t\t\t\t<h2 class=\"elementor-heading-title elementor-size-default\">Atenci\u00f3n a la diversidad<\/h2>\t\t\t\t<\/div>\n\t\t\t\t<\/div>\n\t\t\t\t<div class=\"elementor-element elementor-element-b6f4672 elementor-widget elementor-widget-text-editor\" data-id=\"b6f4672\" data-element_type=\"widget\" data-e-type=\"widget\" data-widget_type=\"text-editor.default\">\n\t\t\t\t<div class=\"elementor-widget-container\">\n\t\t\t\t\t\t\t\t\t<p><span style=\"font-weight: 400;\">Contribuimos al desarrollo integral de los estudiantes mediante la identificaci\u00f3n, orientaci\u00f3n y acompa\u00f1amiento de las necesidades educativas especiales y de apoyo al aprendizaje, asegurando que todos los estudiantes accedan, participen y progresen en los aprendizajes en igualdad de oportunidades, en articulaci\u00f3n con el equipo del DBAI, las coordinaciones acad\u00e9micas y los docentes.<\/span><\/p><p><span style=\"font-weight: 400;\">Contamos con una <\/span><b><em>P<\/em><i>ol\u00edtica de Inclusi\u00f3n<\/i><\/b><span style=\"font-weight: 400;\"> que tiene como finalidad establecer un marco general de diferenciaci\u00f3n en aquellas \u00e1reas que implican un desaf\u00edo y, al mismo tiempo, visualizar las necesidades educativas de todos nuestros estudiantes, guiada por distintos protocolos y procedimientos de intervenci\u00f3n. <\/span><\/p>\t\t\t\t\t\t\t\t<\/div>\n\t\t\t\t<\/div>\n\t\t\t\t<div class=\"elementor-element elementor-element-cc351d2 elementor-widget elementor-widget-button\" data-id=\"cc351d2\" data-element_type=\"widget\" data-e-type=\"widget\" data-widget_type=\"button.default\">\n\t\t\t\t<div class=\"elementor-widget-container\">\n\t\t\t\t\t\t\t\t\t<div class=\"elementor-button-wrapper\">\n\t\t\t\t\t<a class=\"elementor-button elementor-button-link elementor-size-sm\" href=\"https:\/\/andinoschool.edu.pe\/es\/56377_politica-de-inclusion-docx\/\" target=\"_blank\">\n\t\t\t\t\t\t<span class=\"elementor-button-content-wrapper\">\n\t\t\t\t\t\t<span class=\"elementor-button-icon\">\n\t\t\t\t<svg aria-hidden=\"true\" class=\"e-font-icon-svg e-fas-file-pdf\" viewBox=\"0 0 384 512\" xmlns=\"http:\/\/www.w3.org\/2000\/svg\"><path d=\"M181.9 256.1c-5-16-4.9-46.9-2-46.9 8.4 0 7.6 36.9 2 46.9zm-1.7 47.2c-7.7 20.2-17.3 43.3-28.4 62.7 18.3-7 39-17.2 62.9-21.9-12.7-9.6-24.9-23.4-34.5-40.8zM86.1 428.1c0 .8 13.2-5.4 34.9-40.2-6.7 6.3-29.1 24.5-34.9 40.2zM248 160h136v328c0 13.3-10.7 24-24 24H24c-13.3 0-24-10.7-24-24V24C0 10.7 10.7 0 24 0h200v136c0 13.2 10.8 24 24 24zm-8 171.8c-20-12.2-33.3-29-42.7-53.8 4.5-18.5 11.6-46.6 6.2-64.2-4.7-29.4-42.4-26.5-47.8-6.8-5 18.3-.4 44.1 8.1 77-11.6 27.6-28.7 64.6-40.8 85.8-.1 0-.1.1-.2.1-27.1 13.9-73.6 44.5-54.5 68 5.6 6.9 16 10 21.5 10 17.9 0 35.7-18 61.1-61.8 25.8-8.5 54.1-19.1 79-23.2 21.7 11.8 47.1 19.5 64 19.5 29.2 0 31.2-32 19.7-43.4-13.9-13.6-54.3-9.7-73.6-7.2zM377 105L279 7c-4.5-4.5-10.6-7-17-7h-6v128h128v-6.1c0-6.3-2.5-12.4-7-16.9zm-74.1 255.3c4.1-2.7-2.5-11.9-42.8-9 37.1 15.8 42.8 9 42.8 9z\"><\/path><\/svg>\t\t\t<\/span>\n\t\t\t\t\t\t\t\t\t<span class=\"elementor-button-text\">Ver \"Pol\u00edtica de Inclusi\u00f3n\" <\/span>\n\t\t\t\t\t<\/span>\n\t\t\t\t\t<\/a>\n\t\t\t\t<\/div>\n\t\t\t\t\t\t\t\t<\/div>\n\t\t\t\t<\/div>\n\t\t\t\t<\/div>\n\t\t\t\t<\/div>\n\t\t<div class=\"elementor-element elementor-element-20e9ad2 e-con-full e-flex e-con e-parent\" data-id=\"20e9ad2\" data-element_type=\"container\" data-e-type=\"container\" data-settings=\"{&quot;background_background&quot;:&quot;classic&quot;,&quot;jet_parallax_layout_list&quot;:[]}\">\n\t\t<div class=\"elementor-element elementor-element-2c59e66 e-con-full e-flex e-con e-child\" data-id=\"2c59e66\" data-element_type=\"container\" data-e-type=\"container\" data-settings=\"{&quot;jet_parallax_layout_list&quot;:[]}\">\n\t\t\t\t<div class=\"elementor-element elementor-element-bb2e3d6 elementor-widget elementor-widget-heading\" data-id=\"bb2e3d6\" data-element_type=\"widget\" data-e-type=\"widget\" data-widget_type=\"heading.default\">\n\t\t\t\t<div class=\"elementor-widget-container\">\n\t\t\t\t\t<h4 class=\"elementor-heading-title elementor-size-default\">Tutor\u00edas\n<\/h4>\t\t\t\t<\/div>\n\t\t\t\t<\/div>\n\t\t\t\t<div class=\"elementor-element elementor-element-13661b0 elementor-widget elementor-widget-text-editor\" data-id=\"13661b0\" data-element_type=\"widget\" data-e-type=\"widget\" data-widget_type=\"text-editor.default\">\n\t\t\t\t<div class=\"elementor-widget-container\">\n\t\t\t\t\t\t\t\t\t<p><span style=\"font-weight: 400;\">La tutor\u00eda constituye un componente esencial del proceso educativo, orientado al acompa\u00f1amiento del desarrollo integral del estudiante m\u00e1s all\u00e1 del \u00e1mbito estrictamente acad\u00e9mico. En este marco, el tutor asume un rol de gu\u00eda personal y acad\u00e9mico, brindando apoyo para favorecer el bienestar del estudiante, la organizaci\u00f3n de su aprendizaje y el fortalecimiento de su crecimiento personal.<\/span><\/p><p><span style=\"font-weight: 400;\">La acci\u00f3n tutorial se desarrolla mediante una coordinaci\u00f3n permanente entre el equipo de DBAI y los tutores, con el prop\u00f3sito de realizar un seguimiento continuo del desarrollo de los estudiantes a lo largo del a\u00f1o escolar. Asimismo, esta articulaci\u00f3n permite proponer y estructurar los temas que conforman la malla tutorial, la cual aborda aspectos vinculados con el bienestar y la convivencia escolar, la diversidad, el desarrollo de competencias acad\u00e9micas y el cuidado personal y de la salud. A partir de esta planificaci\u00f3n, se programan las sesiones de tutor\u00eda que se implementan semanalmente durante las horas asignadas para este espacio formativo.<\/span><\/p>\t\t\t\t\t\t\t\t<\/div>\n\t\t\t\t<\/div>\n\t\t\t\t<\/div>\n\t\t<div class=\"elementor-element elementor-element-336adb3 e-con-full e-flex e-con e-child\" data-id=\"336adb3\" data-element_type=\"container\" data-e-type=\"container\" data-settings=\"{&quot;jet_parallax_layout_list&quot;:[]}\">\n\t\t\t\t<div class=\"elementor-element elementor-element-65b5648 elementor-widget__width-initial img-h-100 elementor-widget elementor-widget-image\" data-id=\"65b5648\" data-element_type=\"widget\" data-e-type=\"widget\" data-widget_type=\"image.default\">\n\t\t\t\t<div class=\"elementor-widget-container\">\n\t\t\t\t\t\t\t\t\t\t\t\t\t\t\t<img decoding=\"async\" width=\"692\" height=\"857\" src=\"https:\/\/andinoschool.edu.pe\/wp-content\/uploads\/2024\/06\/40462_dop_integrado.jpg\" class=\"attachment-full size-full wp-image-472\" alt=\"\" srcset=\"https:\/\/andinoschool.edu.pe\/wp-content\/uploads\/2024\/06\/40462_dop_integrado.jpg 692w, https:\/\/andinoschool.edu.pe\/wp-content\/uploads\/2024\/06\/40462_dop_integrado-242x300.jpg 242w\" sizes=\"(max-width: 692px) 100vw, 692px\" \/>\t\t\t\t\t\t\t\t\t\t\t\t\t\t\t<\/div>\n\t\t\t\t<\/div>\n\t\t\t\t<\/div>\n\t\t\t\t<\/div>\n\t\t<div class=\"elementor-element elementor-element-40ab7b8 e-con-full e-flex e-con e-parent\" data-id=\"40ab7b8\" data-element_type=\"container\" data-e-type=\"container\" data-settings=\"{&quot;background_background&quot;:&quot;classic&quot;,&quot;jet_parallax_layout_list&quot;:[]}\">\n\t\t\t\t<\/div>\n\t\t<div class=\"elementor-element elementor-element-e3de34c e-con-full e-flex e-con e-parent\" data-id=\"e3de34c\" data-element_type=\"container\" data-e-type=\"container\" data-settings=\"{&quot;jet_parallax_layout_list&quot;:[]}\">\n\t\t<div class=\"elementor-element elementor-element-3064fe2 e-con-full e-flex e-con e-child\" data-id=\"3064fe2\" data-element_type=\"container\" data-e-type=\"container\" data-settings=\"{&quot;background_background&quot;:&quot;classic&quot;,&quot;jet_parallax_layout_list&quot;:[]}\">\n\t\t\t\t<div class=\"elementor-element elementor-element-bacfe4d elementor-widget elementor-widget-heading\" data-id=\"bacfe4d\" data-element_type=\"widget\" data-e-type=\"widget\" data-widget_type=\"heading.default\">\n\t\t\t\t<div class=\"elementor-widget-container\">\n\t\t\t\t\t<h2 class=\"elementor-heading-title elementor-size-default\">Soporte y acompa\u00f1amiento<\/h2>\t\t\t\t<\/div>\n\t\t\t\t<\/div>\n\t\t<div class=\"elementor-element elementor-element-8ac0540 e-con-full e-flex e-con e-child\" data-id=\"8ac0540\" data-element_type=\"container\" data-e-type=\"container\" data-settings=\"{&quot;jet_parallax_layout_list&quot;:[]}\">\n\t\t<div class=\"elementor-element elementor-element-d77653c e-con-full e-flex e-con e-child\" data-id=\"d77653c\" data-element_type=\"container\" data-e-type=\"container\" data-settings=\"{&quot;jet_parallax_layout_list&quot;:[]}\">\n\t\t\t\t<div class=\"elementor-element elementor-element-b6be9bd elementor-widget elementor-widget-text-editor\" data-id=\"b6be9bd\" data-element_type=\"widget\" data-e-type=\"widget\" data-widget_type=\"text-editor.default\">\n\t\t\t\t<div class=\"elementor-widget-container\">\n\t\t\t\t\t\t\t\t\t<p><span style=\"font-weight: 400;\">Brindamos un acompa\u00f1amiento integral que aborda las necesidades emocionales, sociales y acad\u00e9micas de los estudiantes <\/span><span style=\"font-weight: 400;\">que es la base para su participaci\u00f3n activa, sostenida y efectiva en el aprendizaje escolar.\u00a0<\/span><\/p>\t\t\t\t\t\t\t\t<\/div>\n\t\t\t\t<\/div>\n\t\t\t\t<\/div>\n\t\t<div class=\"elementor-element elementor-element-75b1962 e-con-full e-flex e-con e-child\" data-id=\"75b1962\" data-element_type=\"container\" data-e-type=\"container\" data-settings=\"{&quot;jet_parallax_layout_list&quot;:[]}\">\n\t\t\t\t<div class=\"elementor-element elementor-element-133e5ba elementor-widget elementor-widget-text-editor\" data-id=\"133e5ba\" data-element_type=\"widget\" data-e-type=\"widget\" data-widget_type=\"text-editor.default\">\n\t\t\t\t<div class=\"elementor-widget-container\">\n\t\t\t\t\t\t\t\t\t<p><span style=\"font-weight: 400;\">El equipo de psic\u00f3logos trabaja estrechamente con docentes y tutores asegurando que cada estudiante se sienta escuchado, realizando seguimiento a las distintas particularidades de los estudiantes, con el fin de remover barreras que puedan afectar su desempe\u00f1o acad\u00e9mico.<\/span><\/p>\t\t\t\t\t\t\t\t<\/div>\n\t\t\t\t<\/div>\n\t\t\t\t<\/div>\n\t\t\t\t<\/div>\n\t\t\t\t<\/div>\n\t\t\t\t<\/div>\n\t\t\t\t<\/div>\n\t\t","protected":false},"excerpt":{"rendered":"<p>Departamento de Bienestar y Aprendizaje Integral \u00bfQu\u00e9 es el DBAI? Nuestro Departamento de Bienestar y aprendizaje Integral (DBAI) se encarga de brindar acompa\u00f1amiento psicol\u00f3gico a toda nuestra comunidad educativa abarcando los componentes intelectual, social y afectivo-emocional. Trabajamos de manera integrada con los miembros de la comunidad educativa, con el fin de generar cambios\u00a0 y transformaciones [&hellip;]<\/p>\n","protected":false},"author":1,"featured_media":0,"parent":0,"menu_order":0,"comment_status":"closed","ping_status":"closed","template":"","meta":{"footnotes":""},"class_list":["post-419","page","type-page","status-publish","hentry"],"_links":{"self":[{"href":"https:\/\/andinoschool.edu.pe\/es\/wp-json\/wp\/v2\/pages\/419","targetHints":{"allow":["GET"]}}],"collection":[{"href":"https:\/\/andinoschool.edu.pe\/es\/wp-json\/wp\/v2\/pages"}],"about":[{"href":"https:\/\/andinoschool.edu.pe\/es\/wp-json\/wp\/v2\/types\/page"}],"author":[{"embeddable":true,"href":"https:\/\/andinoschool.edu.pe\/es\/wp-json\/wp\/v2\/users\/1"}],"replies":[{"embeddable":true,"href":"https:\/\/andinoschool.edu.pe\/es\/wp-json\/wp\/v2\/comments?post=419"}],"version-history":[{"count":181,"href":"https:\/\/andinoschool.edu.pe\/es\/wp-json\/wp\/v2\/pages\/419\/revisions"}],"predecessor-version":[{"id":5781,"href":"https:\/\/andinoschool.edu.pe\/es\/wp-json\/wp\/v2\/pages\/419\/revisions\/5781"}],"wp:attachment":[{"href":"https:\/\/andinoschool.edu.pe\/es\/wp-json\/wp\/v2\/media?parent=419"}],"curies":[{"name":"wp","href":"https:\/\/api.w.org\/{rel}","templated":true}]}}