{"id":2369,"date":"2024-06-27T11:16:52","date_gmt":"2024-06-27T16:16:52","guid":{"rendered":"https:\/\/andinoschool.edu.pe\/?page_id=2369"},"modified":"2026-03-18T12:21:39","modified_gmt":"2026-03-18T17:21:39","slug":"convivencia-escolar","status":"publish","type":"page","link":"https:\/\/andinoschool.edu.pe\/es\/convivencia-escolar\/","title":{"rendered":"Convivencia Escolar"},"content":{"rendered":"\t\t<div data-elementor-type=\"wp-page\" data-elementor-id=\"2369\" class=\"elementor elementor-2369\" data-elementor-post-type=\"page\">\n\t\t\t\t<div class=\"elementor-element elementor-element-808e169 e-con-full e-flex e-con e-parent\" data-id=\"808e169\" data-element_type=\"container\" data-e-type=\"container\" data-settings=\"{&quot;background_background&quot;:&quot;classic&quot;,&quot;jet_parallax_layout_list&quot;:[]}\">\n\t\t\t\t<div class=\"elementor-element elementor-element-2b6957a elementor-widget elementor-widget-heading\" data-id=\"2b6957a\" data-element_type=\"widget\" data-e-type=\"widget\" data-widget_type=\"heading.default\">\n\t\t\t\t<div class=\"elementor-widget-container\">\n\t\t\t\t\t<h1 class=\"elementor-heading-title elementor-size-default\">Convivencia Escolar y Cultura de Paz<\/h1>\t\t\t\t<\/div>\n\t\t\t\t<\/div>\n\t\t\t\t<\/div>\n\t\t<div class=\"elementor-element elementor-element-1d99d30 e-con-full e-flex e-con e-parent\" data-id=\"1d99d30\" data-element_type=\"container\" data-e-type=\"container\" data-settings=\"{&quot;jet_parallax_layout_list&quot;:[]}\">\n\t\t\t\t<div class=\"elementor-element elementor-element-a48aa3a elementor-widget elementor-widget-text-editor\" data-id=\"a48aa3a\" data-element_type=\"widget\" data-e-type=\"widget\" data-widget_type=\"text-editor.default\">\n\t\t\t\t<div class=\"elementor-widget-container\">\n\t\t\t\t\t\t\t\t\t<p><span style=\"font-weight: 400;\">El \u00e1rea de Convivencia Escolar y Cultura de Paz est\u00e1 comprometida con el bienestar de la comunidad educativa y la soluci\u00f3n, a trav\u00e9s de la mediaci\u00f3n, de conflictos para prevenir la violencia escolar. Sus objetivos son promover la sana convivencia escolar, prevenir cualquier tipo de violencia a partir de la atenci\u00f3n oportuna en caso de acoso escolar.<\/span><\/p>\t\t\t\t\t\t\t\t<\/div>\n\t\t\t\t<\/div>\n\t\t\t\t<div class=\"elementor-element elementor-element-69a2b04 elementor-widget elementor-widget-button\" data-id=\"69a2b04\" data-element_type=\"widget\" data-e-type=\"widget\" data-widget_type=\"button.default\">\n\t\t\t\t<div class=\"elementor-widget-container\">\n\t\t\t\t\t\t\t\t\t<div class=\"elementor-button-wrapper\">\n\t\t\t\t\t<a class=\"elementor-button elementor-size-sm\" role=\"button\">\n\t\t\t\t\t\t<span class=\"elementor-button-content-wrapper\">\n\t\t\t\t\t\t<span class=\"elementor-button-icon\">\n\t\t\t\t<svg aria-hidden=\"true\" class=\"e-font-icon-svg e-fas-file-pdf\" viewBox=\"0 0 384 512\" xmlns=\"http:\/\/www.w3.org\/2000\/svg\"><path d=\"M181.9 256.1c-5-16-4.9-46.9-2-46.9 8.4 0 7.6 36.9 2 46.9zm-1.7 47.2c-7.7 20.2-17.3 43.3-28.4 62.7 18.3-7 39-17.2 62.9-21.9-12.7-9.6-24.9-23.4-34.5-40.8zM86.1 428.1c0 .8 13.2-5.4 34.9-40.2-6.7 6.3-29.1 24.5-34.9 40.2zM248 160h136v328c0 13.3-10.7 24-24 24H24c-13.3 0-24-10.7-24-24V24C0 10.7 10.7 0 24 0h200v136c0 13.2 10.8 24 24 24zm-8 171.8c-20-12.2-33.3-29-42.7-53.8 4.5-18.5 11.6-46.6 6.2-64.2-4.7-29.4-42.4-26.5-47.8-6.8-5 18.3-.4 44.1 8.1 77-11.6 27.6-28.7 64.6-40.8 85.8-.1 0-.1.1-.2.1-27.1 13.9-73.6 44.5-54.5 68 5.6 6.9 16 10 21.5 10 17.9 0 35.7-18 61.1-61.8 25.8-8.5 54.1-19.1 79-23.2 21.7 11.8 47.1 19.5 64 19.5 29.2 0 31.2-32 19.7-43.4-13.9-13.6-54.3-9.7-73.6-7.2zM377 105L279 7c-4.5-4.5-10.6-7-17-7h-6v128h128v-6.1c0-6.3-2.5-12.4-7-16.9zm-74.1 255.3c4.1-2.7-2.5-11.9-42.8-9 37.1 15.8 42.8 9 42.8 9z\"><\/path><\/svg>\t\t\t<\/span>\n\t\t\t\t\t\t\t\t\t<span class=\"elementor-button-text\">Ver \"Bolet\u00edn de Convivencia Escolar\"<\/span>\n\t\t\t\t\t<\/span>\n\t\t\t\t\t<\/a>\n\t\t\t\t<\/div>\n\t\t\t\t\t\t\t\t<\/div>\n\t\t\t\t<\/div>\n\t\t\t\t<\/div>\n\t\t<div class=\"elementor-element elementor-element-94ebd28 e-con-full e-flex e-con e-parent\" data-id=\"94ebd28\" data-element_type=\"container\" data-e-type=\"container\" data-settings=\"{&quot;background_background&quot;:&quot;classic&quot;,&quot;jet_parallax_layout_list&quot;:[]}\">\n\t\t<div class=\"elementor-element elementor-element-7a8f053 e-con-full e-flex e-con e-child\" data-id=\"7a8f053\" data-element_type=\"container\" data-e-type=\"container\" data-settings=\"{&quot;jet_parallax_layout_list&quot;:[]}\">\n\t\t\t\t<div class=\"elementor-element elementor-element-a32b5a9 elementor-widget__width-initial img-h-100 elementor-widget elementor-widget-image\" data-id=\"a32b5a9\" data-element_type=\"widget\" data-e-type=\"widget\" data-widget_type=\"image.default\">\n\t\t\t\t<div class=\"elementor-widget-container\">\n\t\t\t\t\t\t\t\t\t\t\t\t\t\t\t<img fetchpriority=\"high\" decoding=\"async\" width=\"1955\" height=\"1300\" src=\"https:\/\/andinoschool.edu.pe\/wp-content\/uploads\/2025\/04\/DSC0015-2-2.jpg\" class=\"attachment-full size-full wp-image-5118\" alt=\"\" srcset=\"https:\/\/andinoschool.edu.pe\/wp-content\/uploads\/2025\/04\/DSC0015-2-2.jpg 1955w, https:\/\/andinoschool.edu.pe\/wp-content\/uploads\/2025\/04\/DSC0015-2-2-300x199.jpg 300w, https:\/\/andinoschool.edu.pe\/wp-content\/uploads\/2025\/04\/DSC0015-2-2-1024x681.jpg 1024w, https:\/\/andinoschool.edu.pe\/wp-content\/uploads\/2025\/04\/DSC0015-2-2-768x511.jpg 768w, https:\/\/andinoschool.edu.pe\/wp-content\/uploads\/2025\/04\/DSC0015-2-2-1536x1021.jpg 1536w, https:\/\/andinoschool.edu.pe\/wp-content\/uploads\/2025\/04\/DSC0015-2-2-18x12.jpg 18w\" sizes=\"(max-width: 1955px) 100vw, 1955px\" \/>\t\t\t\t\t\t\t\t\t\t\t\t\t\t\t<\/div>\n\t\t\t\t<\/div>\n\t\t\t\t<\/div>\n\t\t<div class=\"elementor-element elementor-element-0302dfb e-con-full e-flex e-con e-child\" data-id=\"0302dfb\" data-element_type=\"container\" data-e-type=\"container\" data-settings=\"{&quot;jet_parallax_layout_list&quot;:[]}\">\n\t\t\t\t<div class=\"elementor-element elementor-element-c83b96d elementor-widget elementor-widget-heading\" data-id=\"c83b96d\" data-element_type=\"widget\" data-e-type=\"widget\" data-widget_type=\"heading.default\">\n\t\t\t\t<div class=\"elementor-widget-container\">\n\t\t\t\t\t<h4 class=\"elementor-heading-title elementor-size-default\">\u00bfQu\u00e9 es la convivencia escolar?<\/h4>\t\t\t\t<\/div>\n\t\t\t\t<\/div>\n\t\t\t\t<div class=\"elementor-element elementor-element-3c9fc3e elementor-widget elementor-widget-text-editor\" data-id=\"3c9fc3e\" data-element_type=\"widget\" data-e-type=\"widget\" data-widget_type=\"text-editor.default\">\n\t\t\t\t<div class=\"elementor-widget-container\">\n\t\t\t\t\t\t\t\t\t<div class=\"row pt-0 mx-0 aos-init aos-animate\" data-aos=\"fade-right\"><div class=\"col-12 col-lg-6 pl-0\">\u00a0<\/div><div class=\"col-12 col-lg-6 pl-0\"><p>La convivencia escolar es el conjunto de relaciones interpersonales entre los integrantes de la comunidad educativa. Es una construcci\u00f3n colectiva y cotidiana, cuya responsabilidad es compartida por directivos, docentes, administrativos, estudiantes y familias. Como tal, opera como un elemento fundamental de la gesti\u00f3n escolar, dado que la mejora continua de la calidad de las relaciones interpersonales en la instituci\u00f3n educativa, es el resultado de un trabajo organizado y planificado, motivado por el liderazgo del director y orientado por una visi\u00f3n colectiva construida en conjunto con la comunidad educativa. Sobre todo, aporta a la consolidaci\u00f3n de la propuesta educativa y contribuye a la formaci\u00f3n integral de las y los estudiantes. (MINEDU, 2021).<\/p><\/div><\/div>\t\t\t\t\t\t\t\t<\/div>\n\t\t\t\t<\/div>\n\t\t<div class=\"elementor-element elementor-element-57ef234 e-con-full e-flex e-con e-child\" data-id=\"57ef234\" data-element_type=\"container\" data-e-type=\"container\" data-settings=\"{&quot;jet_parallax_layout_list&quot;:[]}\">\n\t\t<div class=\"elementor-element elementor-element-d454d37 e-flex e-con-boxed e-con e-child\" data-id=\"d454d37\" data-element_type=\"container\" data-e-type=\"container\" data-settings=\"{&quot;jet_parallax_layout_list&quot;:[]}\">\n\t\t\t\t\t<div class=\"e-con-inner\">\n\t\t\t\t\t<\/div>\n\t\t\t\t<\/div>\n\t\t<div class=\"elementor-element elementor-element-fe83d6b e-flex e-con-boxed e-con e-child\" data-id=\"fe83d6b\" data-element_type=\"container\" data-e-type=\"container\" data-settings=\"{&quot;jet_parallax_layout_list&quot;:[]}\">\n\t\t\t\t\t<div class=\"e-con-inner\">\n\t\t\t\t\t<\/div>\n\t\t\t\t<\/div>\n\t\t\t\t<\/div>\n\t\t\t\t<\/div>\n\t\t\t\t<\/div>\n\t\t<div class=\"elementor-element elementor-element-6fa0e36 e-con-full e-flex e-con e-parent\" data-id=\"6fa0e36\" data-element_type=\"container\" data-e-type=\"container\" data-settings=\"{&quot;jet_parallax_layout_list&quot;:[]}\">\n\t\t<div class=\"elementor-element elementor-element-e536cb6 e-con-full e-flex e-con e-child\" data-id=\"e536cb6\" data-element_type=\"container\" data-e-type=\"container\" data-settings=\"{&quot;jet_parallax_layout_list&quot;:[]}\">\n\t\t\t\t<div class=\"elementor-element elementor-element-be055c6 elementor-widget elementor-widget-image\" data-id=\"be055c6\" data-element_type=\"widget\" data-e-type=\"widget\" data-widget_type=\"image.default\">\n\t\t\t\t<div class=\"elementor-widget-container\">\n\t\t\t\t\t\t\t\t\t\t\t\t\t\t\t<img decoding=\"async\" width=\"1080\" height=\"720\" src=\"https:\/\/andinoschool.edu.pe\/wp-content\/uploads\/2025\/01\/Andino-WebP-4393.jpg\" class=\"attachment-full size-full wp-image-4019\" alt=\"\" srcset=\"https:\/\/andinoschool.edu.pe\/wp-content\/uploads\/2025\/01\/Andino-WebP-4393.jpg 1080w, https:\/\/andinoschool.edu.pe\/wp-content\/uploads\/2025\/01\/Andino-WebP-4393-300x200.jpg 300w, https:\/\/andinoschool.edu.pe\/wp-content\/uploads\/2025\/01\/Andino-WebP-4393-1024x683.jpg 1024w, https:\/\/andinoschool.edu.pe\/wp-content\/uploads\/2025\/01\/Andino-WebP-4393-768x512.jpg 768w, https:\/\/andinoschool.edu.pe\/wp-content\/uploads\/2025\/01\/Andino-WebP-4393-18x12.jpg 18w\" sizes=\"(max-width: 1080px) 100vw, 1080px\" \/>\t\t\t\t\t\t\t\t\t\t\t\t\t\t\t<\/div>\n\t\t\t\t<\/div>\n\t\t\t\t<\/div>\n\t\t<div class=\"elementor-element elementor-element-c698cf3 e-con-full e-flex e-con e-child\" data-id=\"c698cf3\" data-element_type=\"container\" data-e-type=\"container\" data-settings=\"{&quot;jet_parallax_layout_list&quot;:[]}\">\n\t\t\t\t<div class=\"elementor-element elementor-element-f428b91 elementor-widget elementor-widget-heading\" data-id=\"f428b91\" data-element_type=\"widget\" data-e-type=\"widget\" data-widget_type=\"heading.default\">\n\t\t\t\t<div class=\"elementor-widget-container\">\n\t\t\t\t\t<h2 class=\"elementor-heading-title elementor-size-default\">Importancia de las normas en la convivencia escolar<\/h2>\t\t\t\t<\/div>\n\t\t\t\t<\/div>\n\t\t\t\t<div class=\"elementor-element elementor-element-39b30a1 elementor-widget elementor-widget-text-editor\" data-id=\"39b30a1\" data-element_type=\"widget\" data-e-type=\"widget\" data-widget_type=\"text-editor.default\">\n\t\t\t\t<div class=\"elementor-widget-container\">\n\t\t\t\t\t\t\t\t\t<p><span style=\"font-weight: 400;\">En Andino Cusco International School, nuestras normas de convivencia promueven una formaci\u00f3n integral, desarrollando habilidades de pensamiento cr\u00edtico, sociales y de autogesti\u00f3n, alineadas con los Enfoques de Ense\u00f1anza y Aprendizaje del Bachillerato Internacional.<\/span><\/p><p><span style=\"font-weight: 400;\">Estas normas son esenciales porque proporcionan una gu\u00eda clara sobre el funcionamiento de nuestra instituci\u00f3n y los principios que rigen la armon\u00eda en nuestra comunidad educativa. Facilitan la formaci\u00f3n integral de nuestros estudiantes y orientan el trabajo conjunto con las familias para el beneficio de la comunidad.<\/span><\/p><p><span style=\"font-weight: 400;\">A trav\u00e9s de su cumplimiento, los estudiantes desarrollan competencias valiosas para su presente y futuro, incluyendo habilidades de pensamiento cr\u00edtico, habilidades sociales y capacidad de autogesti\u00f3n.<\/span><\/p>\t\t\t\t\t\t\t\t<\/div>\n\t\t\t\t<\/div>\n\t\t\t\t<\/div>\n\t\t\t\t<\/div>\n\t\t<div class=\"elementor-element elementor-element-5a67cb8 e-con-full e-flex e-con e-parent\" data-id=\"5a67cb8\" data-element_type=\"container\" data-e-type=\"container\" data-settings=\"{&quot;background_background&quot;:&quot;classic&quot;,&quot;jet_parallax_layout_list&quot;:[]}\">\n\t\t<div class=\"elementor-element elementor-element-1c6451c e-con-full e-flex e-con e-child\" data-id=\"1c6451c\" data-element_type=\"container\" data-e-type=\"container\" data-settings=\"{&quot;jet_parallax_layout_list&quot;:[]}\">\n\t\t\t\t<div class=\"elementor-element elementor-element-530a0a2 elementor-widget elementor-widget-heading\" data-id=\"530a0a2\" data-element_type=\"widget\" data-e-type=\"widget\" data-widget_type=\"heading.default\">\n\t\t\t\t<div class=\"elementor-widget-container\">\n\t\t\t\t\t<h4 class=\"elementor-heading-title elementor-size-default\">El perfil del IB y la sana convivencia escolar. <\/h4>\t\t\t\t<\/div>\n\t\t\t\t<\/div>\n\t\t\t\t<div class=\"elementor-element elementor-element-1b6b0ca elementor-widget elementor-widget-text-editor\" data-id=\"1b6b0ca\" data-element_type=\"widget\" data-e-type=\"widget\" data-widget_type=\"text-editor.default\">\n\t\t\t\t<div class=\"elementor-widget-container\">\n\t\t\t\t\t\t\t\t\t<p><span style=\"font-weight: 400;\">Como colegio perteneciente a la organizaci\u00f3n del Bachillerato Internacional, nos apoyamos en la pr\u00e1ctica de los atributos que nos permiten lograr un estado de bienestar en el colegio, como:<\/span><\/p><ul><li style=\"font-weight: 400;\" aria-level=\"1\"><b>Solidaridad:<\/b><span style=\"font-weight: 400;\"> Para trabajar mejor como comunidad y brindar apoyo a quienes lo necesiten.<\/span><\/li><li style=\"font-weight: 400;\" aria-level=\"1\"><b>Reflexi\u00f3n: <\/b><span style=\"font-weight: 400;\">Para tomar decisiones basadas en el pensamiento cr\u00edtico y de manera calmada, asegurando que las acciones resultantes sean beneficiosas para todos.<\/span><\/li><li style=\"font-weight: 400;\" aria-level=\"1\"><b>Comunicaci\u00f3n:<\/b><span style=\"font-weight: 400;\"> Para promover una comunicaci\u00f3n clara y directa, evitando malos entendidos.<\/span><\/li><li style=\"font-weight: 400;\" aria-level=\"1\"><b>Integridad: <\/b><span style=\"font-weight: 400;\">Para generar confianza en los dem\u00e1s, evitando dificultades en nuestras interrelaciones y asumiendo la responsabilidad de nuestras acciones.<\/span><\/li><li style=\"font-weight: 400;\" aria-level=\"1\"><b>Equilibrio: <\/b><span style=\"font-weight: 400;\">Para fomentar un clima comunitario arm\u00f3nico que propicie la salud f\u00edsica y mental.<\/span><\/li><\/ul>\t\t\t\t\t\t\t\t<\/div>\n\t\t\t\t<\/div>\n\t\t\t\t<\/div>\n\t\t<div class=\"elementor-element elementor-element-92a6edb e-con-full e-flex e-con e-child\" data-id=\"92a6edb\" data-element_type=\"container\" data-e-type=\"container\" data-settings=\"{&quot;jet_parallax_layout_list&quot;:[]}\">\n\t\t\t\t<div class=\"elementor-element elementor-element-85f57a1 elementor-widget__width-initial img-h-100 elementor-widget elementor-widget-image\" data-id=\"85f57a1\" data-element_type=\"widget\" data-e-type=\"widget\" data-widget_type=\"image.default\">\n\t\t\t\t<div class=\"elementor-widget-container\">\n\t\t\t\t\t\t\t\t\t\t\t\t\t\t\t<img decoding=\"async\" width=\"692\" height=\"857\" src=\"https:\/\/andinoschool.edu.pe\/wp-content\/uploads\/2024\/06\/40462_dop_integrado.jpg\" class=\"attachment-full size-full wp-image-472\" alt=\"\" srcset=\"https:\/\/andinoschool.edu.pe\/wp-content\/uploads\/2024\/06\/40462_dop_integrado.jpg 692w, https:\/\/andinoschool.edu.pe\/wp-content\/uploads\/2024\/06\/40462_dop_integrado-242x300.jpg 242w\" sizes=\"(max-width: 692px) 100vw, 692px\" \/>\t\t\t\t\t\t\t\t\t\t\t\t\t\t\t<\/div>\n\t\t\t\t<\/div>\n\t\t\t\t<\/div>\n\t\t\t\t<\/div>\n\t\t<div class=\"elementor-element elementor-element-c06b24b e-con-full e-flex e-con e-parent\" data-id=\"c06b24b\" data-element_type=\"container\" data-e-type=\"container\" data-settings=\"{&quot;jet_parallax_layout_list&quot;:[]}\">\n\t\t<div class=\"elementor-element elementor-element-37862bd e-con-full e-flex e-con e-child\" data-id=\"37862bd\" data-element_type=\"container\" data-e-type=\"container\" data-settings=\"{&quot;jet_parallax_layout_list&quot;:[]}\">\n\t\t\t\t<div class=\"elementor-element elementor-element-6bcee53 elementor-widget elementor-widget-image\" data-id=\"6bcee53\" data-element_type=\"widget\" data-e-type=\"widget\" data-widget_type=\"image.default\">\n\t\t\t\t<div class=\"elementor-widget-container\">\n\t\t\t\t\t\t\t\t\t\t\t\t\t\t\t<img loading=\"lazy\" decoding=\"async\" width=\"682\" height=\"857\" src=\"https:\/\/andinoschool.edu.pe\/wp-content\/uploads\/2024\/06\/43932_DOPPAG2.jpg\" class=\"attachment-full size-full wp-image-483\" alt=\"\" srcset=\"https:\/\/andinoschool.edu.pe\/wp-content\/uploads\/2024\/06\/43932_DOPPAG2.jpg 682w, https:\/\/andinoschool.edu.pe\/wp-content\/uploads\/2024\/06\/43932_DOPPAG2-239x300.jpg 239w\" sizes=\"(max-width: 682px) 100vw, 682px\" \/>\t\t\t\t\t\t\t\t\t\t\t\t\t\t\t<\/div>\n\t\t\t\t<\/div>\n\t\t\t\t<\/div>\n\t\t<div class=\"elementor-element elementor-element-fe994f4 e-con-full e-flex e-con e-child\" data-id=\"fe994f4\" data-element_type=\"container\" data-e-type=\"container\" data-settings=\"{&quot;jet_parallax_layout_list&quot;:[]}\">\n\t\t\t\t<div class=\"elementor-element elementor-element-3a884d5 elementor-widget elementor-widget-heading\" data-id=\"3a884d5\" data-element_type=\"widget\" data-e-type=\"widget\" data-widget_type=\"heading.default\">\n\t\t\t\t<div class=\"elementor-widget-container\">\n\t\t\t\t\t<h2 class=\"elementor-heading-title elementor-size-default\">Pr\u00e1cticas para una buena convivencia escolar<\/h2>\t\t\t\t<\/div>\n\t\t\t\t<\/div>\n\t\t\t\t<div class=\"elementor-element elementor-element-8fc2ec9 elementor-widget elementor-widget-text-editor\" data-id=\"8fc2ec9\" data-element_type=\"widget\" data-e-type=\"widget\" data-widget_type=\"text-editor.default\">\n\t\t\t\t<div class=\"elementor-widget-container\">\n\t\t\t\t\t\t\t\t\t<p><span style=\"font-weight: 400;\">La convivencia escolar ocupa un lugar central en el proceso educativo. Para asegurar un entorno propicio para el aprendizaje y promover el desarrollo saludable de los estudiantes, es fundamental fomentar valores, actitudes y conductas que favorezcan una convivencia positiva entre todos los integrantes de la comunidad educativa. Por ello, en Andino School, promovemos un ambiente adecuado para los estudiantes mediante diversas pr\u00e1cticas preventivas, tales como:\u00a0<\/span><\/p><p><span style=\"font-weight: 400;\">El desarrollo de habilidades sociales durante las tutor\u00edas, como la empat\u00eda, comunicaci\u00f3n efectiva, resoluci\u00f3n pac\u00edfica de conflictos, escucha activa; y actividades promocionales como la producci\u00f3n de material de lectura y art\u00edsticos que visibilizan la sana convivencia escolar.<\/span><\/p>\t\t\t\t\t\t\t\t<\/div>\n\t\t\t\t<\/div>\n\t\t\t\t<\/div>\n\t\t\t\t<\/div>\n\t\t<div class=\"elementor-element elementor-element-1a97c80 e-con-full e-flex e-con e-parent\" data-id=\"1a97c80\" data-element_type=\"container\" data-e-type=\"container\" data-settings=\"{&quot;background_background&quot;:&quot;classic&quot;,&quot;jet_parallax_layout_list&quot;:[]}\">\n\t\t\t\t<\/div>\n\t\t<div class=\"elementor-element elementor-element-cbd7ad8 e-con-full e-flex e-con e-parent\" data-id=\"cbd7ad8\" data-element_type=\"container\" data-e-type=\"container\" data-settings=\"{&quot;jet_parallax_layout_list&quot;:[]}\">\n\t\t<div class=\"elementor-element elementor-element-db92a40 e-con-full e-flex e-con e-child\" data-id=\"db92a40\" data-element_type=\"container\" data-e-type=\"container\" data-settings=\"{&quot;background_background&quot;:&quot;classic&quot;,&quot;jet_parallax_layout_list&quot;:[]}\">\n\t\t\t\t<div class=\"elementor-element elementor-element-1ed8341 elementor-widget elementor-widget-heading\" data-id=\"1ed8341\" data-element_type=\"widget\" data-e-type=\"widget\" data-widget_type=\"heading.default\">\n\t\t\t\t<div class=\"elementor-widget-container\">\n\t\t\t\t\t<h2 class=\"elementor-heading-title elementor-size-default\">Las familias en la convivencia escolar<\/h2>\t\t\t\t<\/div>\n\t\t\t\t<\/div>\n\t\t<div class=\"elementor-element elementor-element-4169190 e-con-full e-flex e-con e-child\" data-id=\"4169190\" data-element_type=\"container\" data-e-type=\"container\" data-settings=\"{&quot;jet_parallax_layout_list&quot;:[]}\">\n\t\t<div class=\"elementor-element elementor-element-0a0748a e-con-full e-flex e-con e-child\" data-id=\"0a0748a\" data-element_type=\"container\" data-e-type=\"container\" data-settings=\"{&quot;jet_parallax_layout_list&quot;:[]}\">\n\t\t\t\t<div class=\"elementor-element elementor-element-f97f796 elementor-widget elementor-widget-text-editor\" data-id=\"f97f796\" data-element_type=\"widget\" data-e-type=\"widget\" data-widget_type=\"text-editor.default\">\n\t\t\t\t<div class=\"elementor-widget-container\">\n\t\t\t\t\t\t\t\t\t<p><span style=\"font-weight: 400;\">La familia es el primer entorno donde el ni\u00f1o se mueve, aprende valores y se desarrolla f\u00edsica y cognitivamente. Es aqu\u00ed donde adquiere h\u00e1bitos y desarrolla los rasgos de su personalidad. Por esta raz\u00f3n, la familia desempe\u00f1a un papel fundamental en la prevenci\u00f3n, detecci\u00f3n e intervenci\u00f3n del acoso escolar.<\/span><\/p>\t\t\t\t\t\t\t\t<\/div>\n\t\t\t\t<\/div>\n\t\t\t\t<\/div>\n\t\t<div class=\"elementor-element elementor-element-6732732 e-con-full e-flex e-con e-child\" data-id=\"6732732\" data-element_type=\"container\" data-e-type=\"container\" data-settings=\"{&quot;jet_parallax_layout_list&quot;:[]}\">\n\t\t\t\t<div class=\"elementor-element elementor-element-65a8e1f elementor-widget elementor-widget-text-editor\" data-id=\"65a8e1f\" data-element_type=\"widget\" data-e-type=\"widget\" data-widget_type=\"text-editor.default\">\n\t\t\t\t<div class=\"elementor-widget-container\">\n\t\t\t\t\t\t\t\t\t<p>Una familia comprometida y consciente de su impacto en la convivencia escolar puede contribuir significativamente a la formaci\u00f3n de estudiantes que sean respetuosos, emp\u00e1ticos y capaces de resolver conflictos de manera constructiva.<\/p>\t\t\t\t\t\t\t\t<\/div>\n\t\t\t\t<\/div>\n\t\t\t\t<\/div>\n\t\t\t\t<\/div>\n\t\t\t\t<\/div>\n\t\t\t\t<\/div>\n\t\t\t\t<\/div>\n\t\t","protected":false},"excerpt":{"rendered":"<p>Convivencia Escolar y Cultura de Paz El \u00e1rea de Convivencia Escolar y Cultura de Paz est\u00e1 comprometida con el bienestar de la comunidad educativa y la soluci\u00f3n, a trav\u00e9s de la mediaci\u00f3n, de conflictos para prevenir la violencia escolar. Sus objetivos son promover la sana convivencia escolar, prevenir cualquier tipo de violencia a partir de [&hellip;]<\/p>\n","protected":false},"author":1,"featured_media":0,"parent":0,"menu_order":0,"comment_status":"closed","ping_status":"closed","template":"","meta":{"footnotes":""},"class_list":["post-2369","page","type-page","status-publish","hentry"],"_links":{"self":[{"href":"https:\/\/andinoschool.edu.pe\/es\/wp-json\/wp\/v2\/pages\/2369","targetHints":{"allow":["GET"]}}],"collection":[{"href":"https:\/\/andinoschool.edu.pe\/es\/wp-json\/wp\/v2\/pages"}],"about":[{"href":"https:\/\/andinoschool.edu.pe\/es\/wp-json\/wp\/v2\/types\/page"}],"author":[{"embeddable":true,"href":"https:\/\/andinoschool.edu.pe\/es\/wp-json\/wp\/v2\/users\/1"}],"replies":[{"embeddable":true,"href":"https:\/\/andinoschool.edu.pe\/es\/wp-json\/wp\/v2\/comments?post=2369"}],"version-history":[{"count":52,"href":"https:\/\/andinoschool.edu.pe\/es\/wp-json\/wp\/v2\/pages\/2369\/revisions"}],"predecessor-version":[{"id":5785,"href":"https:\/\/andinoschool.edu.pe\/es\/wp-json\/wp\/v2\/pages\/2369\/revisions\/5785"}],"wp:attachment":[{"href":"https:\/\/andinoschool.edu.pe\/es\/wp-json\/wp\/v2\/media?parent=2369"}],"curies":[{"name":"wp","href":"https:\/\/api.w.org\/{rel}","templated":true}]}}