{"id":541,"date":"2024-06-13T04:58:48","date_gmt":"2024-06-13T02:58:48","guid":{"rendered":"https:\/\/andinoschool.edu.pe\/?page_id=541"},"modified":"2026-04-07T13:55:12","modified_gmt":"2026-04-07T18:55:12","slug":"servicios","status":"publish","type":"page","link":"https:\/\/andinoschool.edu.pe\/en\/servicios\/","title":{"rendered":"Servicios"},"content":{"rendered":"<div data-elementor-type=\"wp-page\" data-elementor-id=\"541\" class=\"elementor elementor-541\" data-elementor-post-type=\"page\">\n\t\t\t\t<div class=\"elementor-element elementor-element-859d721 e-con-full e-flex e-con e-parent\" data-id=\"859d721\" data-element_type=\"container\" data-e-type=\"container\" data-settings=\"{&quot;background_background&quot;:&quot;classic&quot;,&quot;jet_parallax_layout_list&quot;:[]}\">\n\t\t\t\t<div class=\"elementor-element elementor-element-a825770 elementor-widget elementor-widget-heading\" data-id=\"a825770\" data-element_type=\"widget\" data-e-type=\"widget\" data-widget_type=\"heading.default\">\n\t\t\t\t<div class=\"elementor-widget-container\">\n\t\t\t\t\t<h1 class=\"elementor-heading-title elementor-size-default\">Servicios<\/h1>\t\t\t\t<\/div>\n\t\t\t\t<\/div>\n\t\t\t\t<\/div>\n\t\t<div class=\"elementor-element elementor-element-c7c336c e-con-full e-flex e-con e-parent\" data-id=\"c7c336c\" data-element_type=\"container\" data-e-type=\"container\" data-settings=\"{&quot;jet_parallax_layout_list&quot;:[]}\">\n\t\t<div class=\"elementor-element elementor-element-09ea2f2 e-con-full e-flex e-con e-child\" data-id=\"09ea2f2\" data-element_type=\"container\" data-e-type=\"container\" data-settings=\"{&quot;jet_parallax_layout_list&quot;:[]}\">\n\t\t\t\t<div class=\"elementor-element elementor-element-4f9a770 elementor-widget elementor-widget-heading\" data-id=\"4f9a770\" data-element_type=\"widget\" data-e-type=\"widget\" data-widget_type=\"heading.default\">\n\t\t\t\t<div class=\"elementor-widget-container\">\n\t\t\t\t\t<h2 class=\"elementor-heading-title elementor-size-default\">T\u00f3pico\n<\/h2>\t\t\t\t<\/div>\n\t\t\t\t<\/div>\n\t\t\t\t<div class=\"elementor-element elementor-element-d6b6c32 elementor-widget elementor-widget-text-editor\" data-id=\"d6b6c32\" data-element_type=\"widget\" data-e-type=\"widget\" data-widget_type=\"text-editor.default\">\n\t\t\t\t<div class=\"elementor-widget-container\">\n\t\t\t\t\t\t\t\t\t<p>Contamos con <strong>atenci\u00f3n permanente<\/strong> de personal capacitado que brinda atenci\u00f3n oportuna, adem\u00e1s de encargarse del cuidado de aquellos estudiantes que lo necesiten durante el horario escolar en casos de malestares de salud y accidentes. <br \/>Este servicio incluye l<strong>a atenci\u00f3n, orientaci\u00f3n y diagn\u00f3stico primario<\/strong> de casos menores, as\u00ed como la administraci\u00f3n de medicaci\u00f3n b\u00e1sica para enfermedades comunes, previa autorizaci\u00f3n de la familia.<br \/>Si es necesario, se solicitar\u00e1 a la familia que recoja al estudiante que se encuentra mal de salud, y en casos de emergencia, se coordina la evacuaci\u00f3n del estudiante al centro de salud u hospital respectivo. <\/p><p><span style=\"font-weight: 400;\">Adem\u00e1s, el personal de T\u00f3pico informa de manera inmediata y diaria sobre las atenciones realizadas y organiza <\/span><strong>campa\u00f1as de promoci\u00f3n de la salud<\/strong><span style=\"font-weight: 400;\"> en colaboraci\u00f3n con el <\/span><strong>Ministerio de Salud.<\/strong><\/p>\t\t\t\t\t\t\t\t<\/div>\n\t\t\t\t<\/div>\n\t\t\t\t<\/div>\n\t\t<div class=\"elementor-element elementor-element-220bf17 e-con-full e-flex e-con e-child\" data-id=\"220bf17\" data-element_type=\"container\" data-e-type=\"container\" data-settings=\"{&quot;jet_parallax_layout_list&quot;:[]}\">\n\t\t\t\t<div class=\"elementor-element elementor-element-36f9878 img-100vh elementor-widget elementor-widget-image\" data-id=\"36f9878\" data-element_type=\"widget\" data-e-type=\"widget\" data-widget_type=\"image.default\">\n\t\t\t\t<div class=\"elementor-widget-container\">\n\t\t\t\t\t\t\t\t\t\t\t\t\t\t\t<img fetchpriority=\"high\" decoding=\"async\" width=\"1080\" height=\"720\" src=\"https:\/\/andinoschool.edu.pe\/wp-content\/uploads\/2025\/01\/Andino-WebP-5538.jpg\" class=\"attachment-full size-full wp-image-4017\" alt=\"\" srcset=\"https:\/\/andinoschool.edu.pe\/wp-content\/uploads\/2025\/01\/Andino-WebP-5538.jpg 1080w, https:\/\/andinoschool.edu.pe\/wp-content\/uploads\/2025\/01\/Andino-WebP-5538-300x200.jpg 300w, https:\/\/andinoschool.edu.pe\/wp-content\/uploads\/2025\/01\/Andino-WebP-5538-1024x683.jpg 1024w, https:\/\/andinoschool.edu.pe\/wp-content\/uploads\/2025\/01\/Andino-WebP-5538-768x512.jpg 768w, https:\/\/andinoschool.edu.pe\/wp-content\/uploads\/2025\/01\/Andino-WebP-5538-18x12.jpg 18w\" sizes=\"(max-width: 1080px) 100vw, 1080px\" \/>\t\t\t\t\t\t\t\t\t\t\t\t\t\t\t<\/div>\n\t\t\t\t<\/div>\n\t\t\t\t<\/div>\n\t\t\t\t<\/div>\n\t\t<div class=\"elementor-element elementor-element-d402241 e-con-full e-flex e-con e-parent\" data-id=\"d402241\" data-element_type=\"container\" data-e-type=\"container\" data-settings=\"{&quot;jet_parallax_layout_list&quot;:[]}\">\n\t\t<div class=\"elementor-element elementor-element-395a797 e-con-full e-flex e-con e-child\" data-id=\"395a797\" data-element_type=\"container\" data-e-type=\"container\" data-settings=\"{&quot;jet_parallax_layout_list&quot;:[]}\">\n\t\t\t\t<div class=\"elementor-element elementor-element-aa30768 img-100vh elementor-widget elementor-widget-image\" data-id=\"aa30768\" data-element_type=\"widget\" data-e-type=\"widget\" data-widget_type=\"image.default\">\n\t\t\t\t<div class=\"elementor-widget-container\">\n\t\t\t\t\t\t\t\t\t\t\t\t\t\t\t<img decoding=\"async\" width=\"960\" height=\"671\" src=\"https:\/\/andinoschool.edu.pe\/wp-content\/uploads\/2024\/06\/51882_servicios_seguro.jpg\" class=\"attachment-full size-full wp-image-548\" alt=\"\" srcset=\"https:\/\/andinoschool.edu.pe\/wp-content\/uploads\/2024\/06\/51882_servicios_seguro.jpg 960w, https:\/\/andinoschool.edu.pe\/wp-content\/uploads\/2024\/06\/51882_servicios_seguro-300x210.jpg 300w, https:\/\/andinoschool.edu.pe\/wp-content\/uploads\/2024\/06\/51882_servicios_seguro-768x537.jpg 768w\" sizes=\"(max-width: 960px) 100vw, 960px\" \/>\t\t\t\t\t\t\t\t\t\t\t\t\t\t\t<\/div>\n\t\t\t\t<\/div>\n\t\t\t\t<\/div>\n\t\t<div class=\"elementor-element elementor-element-0251872 e-con-full e-flex e-con e-child\" data-id=\"0251872\" data-element_type=\"container\" data-e-type=\"container\" data-settings=\"{&quot;jet_parallax_layout_list&quot;:[]}\">\n\t\t\t\t<div class=\"elementor-element elementor-element-8b9a6e4 elementor-widget elementor-widget-heading\" data-id=\"8b9a6e4\" data-element_type=\"widget\" data-e-type=\"widget\" data-widget_type=\"heading.default\">\n\t\t\t\t<div class=\"elementor-widget-container\">\n\t\t\t\t\t<h2 class=\"elementor-heading-title elementor-size-default\">Seguro escolar<\/h2>\t\t\t\t<\/div>\n\t\t\t\t<\/div>\n\t\t\t\t<div class=\"elementor-element elementor-element-a4d5025 elementor-widget elementor-widget-text-editor\" data-id=\"a4d5025\" data-element_type=\"widget\" data-e-type=\"widget\" data-widget_type=\"text-editor.default\">\n\t\t\t\t<div class=\"elementor-widget-container\">\n\t\t\t\t\t\t\t\t\t<p>Todos los estudiantes matriculados cuentan con un <strong>seguro gratuito contra accidentes<\/strong>, ofrecido por nuestro colegio. <br \/>Este seguro es brindado por la compa\u00f1\u00eda de seguros La Positiva, tiene cobertura a nivel nacional y protege a nuestros estudiantes durante todo el a\u00f1o escolar, brindando a las familias la tranquilidad de contar con atenci\u00f3n inmediata y oportuna. En caso de accidentes fuera de la instituci\u00f3n, se debe solicitar la ficha f\u00edsica en el colegio. <br \/>Adicionalmente a este seguro, se espera que cada estudiante cuente con un seguro m\u00e9dico p\u00fablico o privado, el cual debe ser informado al momento de la matr\u00edcula.<\/p>\t\t\t\t\t\t\t\t<\/div>\n\t\t\t\t<\/div>\n\t\t\t\t<\/div>\n\t\t\t\t<\/div>\n\t\t<div class=\"elementor-element elementor-element-324eac3 e-con-full e-flex e-con e-parent\" data-id=\"324eac3\" data-element_type=\"container\" data-e-type=\"container\" data-settings=\"{&quot;jet_parallax_layout_list&quot;:[]}\">\n\t\t<div class=\"elementor-element elementor-element-3576097 e-con-full e-flex e-con e-child\" data-id=\"3576097\" data-element_type=\"container\" data-e-type=\"container\" data-settings=\"{&quot;jet_parallax_layout_list&quot;:[]}\">\n\t\t\t\t<div class=\"elementor-element elementor-element-382d207 elementor-widget elementor-widget-heading\" data-id=\"382d207\" data-element_type=\"widget\" data-e-type=\"widget\" data-widget_type=\"heading.default\">\n\t\t\t\t<div class=\"elementor-widget-container\">\n\t\t\t\t\t<h2 class=\"elementor-heading-title elementor-size-default\">Transporte\n<\/h2>\t\t\t\t<\/div>\n\t\t\t\t<\/div>\n\t\t\t\t<div class=\"elementor-element elementor-element-91a6b33 elementor-widget elementor-widget-text-editor\" data-id=\"91a6b33\" data-element_type=\"widget\" data-e-type=\"widget\" data-widget_type=\"text-editor.default\">\n\t\t\t\t<div class=\"elementor-widget-container\">\n\t\t\t\t\t\t\t\t\t<p>El colegio ofrece un servicio de <strong>transporte opcional <\/strong>brindando opciones con diversos paraderos establecidos, que permite a las familias elegir la ruta que mejor se adapte a sus necesidades. Contamos con buses modernos con capacidad para 33 pasajeros, que cubren rutas <strong>desde Control San Jer\u00f3nimo en Cusco, hasta Urubamba y Yucay.<\/strong><\/p><p>Cada ruta de bus <strong>cuenta con un acompa\u00f1ante<\/strong> que supervisa el viaje. Adem\u00e1s, mantenemos una comunicaci\u00f3n constante con las familias durante el recorrido.<\/p>\t\t\t\t\t\t\t\t<\/div>\n\t\t\t\t<\/div>\n\t\t\t\t<\/div>\n\t\t<div class=\"elementor-element elementor-element-99d2e26 e-con-full e-flex e-con e-child\" data-id=\"99d2e26\" data-element_type=\"container\" data-e-type=\"container\" data-settings=\"{&quot;jet_parallax_layout_list&quot;:[]}\">\n\t\t\t\t<div class=\"elementor-element elementor-element-843f611 img-100vh elementor-widget elementor-widget-image\" data-id=\"843f611\" data-element_type=\"widget\" data-e-type=\"widget\" data-widget_type=\"image.default\">\n\t\t\t\t<div class=\"elementor-widget-container\">\n\t\t\t\t\t\t\t\t\t\t\t\t\t\t\t<img decoding=\"async\" width=\"1080\" height=\"720\" src=\"https:\/\/andinoschool.edu.pe\/wp-content\/uploads\/2025\/01\/Andino-WebP-3084.jpg\" class=\"attachment-full size-full wp-image-4043\" alt=\"\" srcset=\"https:\/\/andinoschool.edu.pe\/wp-content\/uploads\/2025\/01\/Andino-WebP-3084.jpg 1080w, https:\/\/andinoschool.edu.pe\/wp-content\/uploads\/2025\/01\/Andino-WebP-3084-300x200.jpg 300w, https:\/\/andinoschool.edu.pe\/wp-content\/uploads\/2025\/01\/Andino-WebP-3084-1024x683.jpg 1024w, https:\/\/andinoschool.edu.pe\/wp-content\/uploads\/2025\/01\/Andino-WebP-3084-768x512.jpg 768w, https:\/\/andinoschool.edu.pe\/wp-content\/uploads\/2025\/01\/Andino-WebP-3084-18x12.jpg 18w\" sizes=\"(max-width: 1080px) 100vw, 1080px\" \/>\t\t\t\t\t\t\t\t\t\t\t\t\t\t\t<\/div>\n\t\t\t\t<\/div>\n\t\t\t\t<\/div>\n\t\t\t\t<\/div>\n\t\t<div class=\"elementor-element elementor-element-0bcec0b e-con-full e-flex e-con e-parent\" data-id=\"0bcec0b\" data-element_type=\"container\" data-e-type=\"container\" data-settings=\"{&quot;jet_parallax_layout_list&quot;:[]}\">\n\t\t<div class=\"elementor-element elementor-element-b3c883a e-con-full e-flex e-con e-child\" data-id=\"b3c883a\" data-element_type=\"container\" data-e-type=\"container\" data-settings=\"{&quot;jet_parallax_layout_list&quot;:[]}\">\n\t\t\t\t<div class=\"elementor-element elementor-element-4edf9de img-100vh elementor-widget elementor-widget-image\" data-id=\"4edf9de\" data-element_type=\"widget\" data-e-type=\"widget\" data-widget_type=\"image.default\">\n\t\t\t\t<div class=\"elementor-widget-container\">\n\t\t\t\t\t\t\t\t\t\t\t\t\t\t\t<img loading=\"lazy\" decoding=\"async\" width=\"1080\" height=\"720\" src=\"https:\/\/andinoschool.edu.pe\/wp-content\/uploads\/2025\/02\/Andino-400-4802.jpg\" class=\"attachment-full size-full wp-image-4364\" alt=\"\" srcset=\"https:\/\/andinoschool.edu.pe\/wp-content\/uploads\/2025\/02\/Andino-400-4802.jpg 1080w, https:\/\/andinoschool.edu.pe\/wp-content\/uploads\/2025\/02\/Andino-400-4802-300x200.jpg 300w, https:\/\/andinoschool.edu.pe\/wp-content\/uploads\/2025\/02\/Andino-400-4802-1024x683.jpg 1024w, https:\/\/andinoschool.edu.pe\/wp-content\/uploads\/2025\/02\/Andino-400-4802-768x512.jpg 768w, https:\/\/andinoschool.edu.pe\/wp-content\/uploads\/2025\/02\/Andino-400-4802-18x12.jpg 18w\" sizes=\"(max-width: 1080px) 100vw, 1080px\" \/>\t\t\t\t\t\t\t\t\t\t\t\t\t\t\t<\/div>\n\t\t\t\t<\/div>\n\t\t\t\t<\/div>\n\t\t<div class=\"elementor-element elementor-element-cc89a46 e-con-full e-flex e-con e-child\" data-id=\"cc89a46\" data-element_type=\"container\" data-e-type=\"container\" data-settings=\"{&quot;jet_parallax_layout_list&quot;:[]}\">\n\t\t\t\t<div class=\"elementor-element elementor-element-684d2fd elementor-widget elementor-widget-heading\" data-id=\"684d2fd\" data-element_type=\"widget\" data-e-type=\"widget\" data-widget_type=\"heading.default\">\n\t\t\t\t<div class=\"elementor-widget-container\">\n\t\t\t\t\t<h2 class=\"elementor-heading-title elementor-size-default\">Quiosco saludable<\/h2>\t\t\t\t<\/div>\n\t\t\t\t<\/div>\n\t\t\t\t<div class=\"elementor-element elementor-element-af025c1 elementor-widget elementor-widget-text-editor\" data-id=\"af025c1\" data-element_type=\"widget\" data-e-type=\"widget\" data-widget_type=\"text-editor.default\">\n\t\t\t\t<div class=\"elementor-widget-container\">\n\t\t\t\t\t\t\t\t\t<p>Contamos con un proveedor que se encarga de brindar el servicio de alimentaci\u00f3n a trav\u00e9s de nuestro quiosco escolar, Entendiendo la importancia de una <strong>alimentaci\u00f3n nutritiva<\/strong> para el bienestar general de los estudiantes, buscamos que se proporcione opciones que respalden su <strong>salud y vitalidad.<\/strong><\/p>\t\t\t\t\t\t\t\t<\/div>\n\t\t\t\t<\/div>\n\t\t\t\t<\/div>\n\t\t\t\t<\/div>\n\t\t<div class=\"elementor-element elementor-element-1331134 e-con-full e-flex e-con e-parent\" data-id=\"1331134\" data-element_type=\"container\" data-e-type=\"container\" data-settings=\"{&quot;jet_parallax_layout_list&quot;:[]}\">\n\t\t<div class=\"elementor-element elementor-element-b244b30 e-con-full e-flex e-con e-child\" data-id=\"b244b30\" data-element_type=\"container\" data-e-type=\"container\" data-settings=\"{&quot;jet_parallax_layout_list&quot;:[]}\">\n\t\t\t\t<div class=\"elementor-element elementor-element-be74ba3 elementor-widget elementor-widget-heading\" data-id=\"be74ba3\" data-element_type=\"widget\" data-e-type=\"widget\" data-widget_type=\"heading.default\">\n\t\t\t\t<div class=\"elementor-widget-container\">\n\t\t\t\t\t<h2 class=\"elementor-heading-title elementor-size-default\">Uniformes\n<\/h2>\t\t\t\t<\/div>\n\t\t\t\t<\/div>\n\t\t\t\t<div class=\"elementor-element elementor-element-c390cb9 elementor-widget elementor-widget-text-editor\" data-id=\"c390cb9\" data-element_type=\"widget\" data-e-type=\"widget\" data-widget_type=\"text-editor.default\">\n\t\t\t\t<div class=\"elementor-widget-container\">\n\t\t\t\t\t\t\t\t\t<p>En Andino School, el uso del uniforme escolar es obligatorio para todos los estudiantes, desde Inicial hasta el Programa del Diploma. El uniforme es unisex, consta de un polo plomo o blanco, una polera celeste o morada, jean azul o el buzo del colegio.<br \/>Contamos con diversos proveedores para facilitar su adquisici\u00f3n. Para m\u00e1s detalles sobre el uniforme y los proveedores, podr\u00e1n consultar a trav\u00e9s de la plataforma de comunicaci\u00f3n SieWeb.<\/p>\t\t\t\t\t\t\t\t<\/div>\n\t\t\t\t<\/div>\n\t\t\t\t<\/div>\n\t\t<div class=\"elementor-element elementor-element-3d6b408 e-con-full e-flex e-con e-child\" data-id=\"3d6b408\" data-element_type=\"container\" data-e-type=\"container\" data-settings=\"{&quot;jet_parallax_layout_list&quot;:[]}\">\n\t\t\t\t<div class=\"elementor-element elementor-element-e26e4c3 img-100vh elementor-widget elementor-widget-image\" data-id=\"e26e4c3\" data-element_type=\"widget\" data-e-type=\"widget\" data-widget_type=\"image.default\">\n\t\t\t\t<div class=\"elementor-widget-container\">\n\t\t\t\t\t\t\t\t\t\t\t\t\t\t\t<img loading=\"lazy\" decoding=\"async\" width=\"1080\" height=\"720\" src=\"https:\/\/andinoschool.edu.pe\/wp-content\/uploads\/2025\/01\/Andino-WebP-4393.jpg\" class=\"attachment-full size-full wp-image-4019\" alt=\"\" srcset=\"https:\/\/andinoschool.edu.pe\/wp-content\/uploads\/2025\/01\/Andino-WebP-4393.jpg 1080w, https:\/\/andinoschool.edu.pe\/wp-content\/uploads\/2025\/01\/Andino-WebP-4393-300x200.jpg 300w, https:\/\/andinoschool.edu.pe\/wp-content\/uploads\/2025\/01\/Andino-WebP-4393-1024x683.jpg 1024w, https:\/\/andinoschool.edu.pe\/wp-content\/uploads\/2025\/01\/Andino-WebP-4393-768x512.jpg 768w, https:\/\/andinoschool.edu.pe\/wp-content\/uploads\/2025\/01\/Andino-WebP-4393-18x12.jpg 18w\" sizes=\"(max-width: 1080px) 100vw, 1080px\" \/>\t\t\t\t\t\t\t\t\t\t\t\t\t\t\t<\/div>\n\t\t\t\t<\/div>\n\t\t\t\t<\/div>\n\t\t\t\t<\/div>\n\t\t\t\t<\/div>","protected":false},"excerpt":{"rendered":"<p>Servicios T\u00f3pico Contamos con atenci\u00f3n permanente de personal capacitado que brinda atenci\u00f3n oportuna, adem\u00e1s de encargarse del cuidado de aquellos estudiantes que lo necesiten durante el horario escolar en casos de malestares de salud y accidentes. Este servicio incluye la atenci\u00f3n, orientaci\u00f3n y diagn\u00f3stico primario de casos menores, as\u00ed como la administraci\u00f3n de medicaci\u00f3n b\u00e1sica [&hellip;]<\/p>\n","protected":false},"author":1,"featured_media":0,"parent":0,"menu_order":0,"comment_status":"closed","ping_status":"closed","template":"","meta":{"footnotes":""},"class_list":["post-541","page","type-page","status-publish","hentry"],"_links":{"self":[{"href":"https:\/\/andinoschool.edu.pe\/en\/wp-json\/wp\/v2\/pages\/541","targetHints":{"allow":["GET"]}}],"collection":[{"href":"https:\/\/andinoschool.edu.pe\/en\/wp-json\/wp\/v2\/pages"}],"about":[{"href":"https:\/\/andinoschool.edu.pe\/en\/wp-json\/wp\/v2\/types\/page"}],"author":[{"embeddable":true,"href":"https:\/\/andinoschool.edu.pe\/en\/wp-json\/wp\/v2\/users\/1"}],"replies":[{"embeddable":true,"href":"https:\/\/andinoschool.edu.pe\/en\/wp-json\/wp\/v2\/comments?post=541"}],"version-history":[{"count":49,"href":"https:\/\/andinoschool.edu.pe\/en\/wp-json\/wp\/v2\/pages\/541\/revisions"}],"predecessor-version":[{"id":5822,"href":"https:\/\/andinoschool.edu.pe\/en\/wp-json\/wp\/v2\/pages\/541\/revisions\/5822"}],"wp:attachment":[{"href":"https:\/\/andinoschool.edu.pe\/en\/wp-json\/wp\/v2\/media?parent=541"}],"curies":[{"name":"wp","href":"https:\/\/api.w.org\/{rel}","templated":true}]}}