{"id":521,"date":"2024-06-13T03:34:48","date_gmt":"2024-06-13T01:34:48","guid":{"rendered":"https:\/\/andinoschool.edu.pe\/?page_id=521"},"modified":"2026-04-07T14:03:45","modified_gmt":"2026-04-07T19:03:45","slug":"cas-y-talleres","status":"publish","type":"page","link":"https:\/\/andinoschool.edu.pe\/en\/cas-y-talleres\/","title":{"rendered":"CAS y talleres"},"content":{"rendered":"<div data-elementor-type=\"wp-page\" data-elementor-id=\"521\" class=\"elementor elementor-521\" data-elementor-post-type=\"page\">\n\t\t\t\t<div class=\"elementor-element elementor-element-47c593d e-con-full e-flex e-con e-parent\" data-id=\"47c593d\" data-element_type=\"container\" data-e-type=\"container\" data-settings=\"{&quot;background_background&quot;:&quot;classic&quot;,&quot;jet_parallax_layout_list&quot;:[]}\">\n\t\t\t\t<div class=\"elementor-element elementor-element-91cae1c elementor-widget elementor-widget-heading\" data-id=\"91cae1c\" data-element_type=\"widget\" data-e-type=\"widget\" data-widget_type=\"heading.default\">\n\t\t\t\t<div class=\"elementor-widget-container\">\n\t\t\t\t\t<h1 class=\"elementor-heading-title elementor-size-default\">Talleres<\/h1>\t\t\t\t<\/div>\n\t\t\t\t<\/div>\n\t\t\t\t<\/div>\n\t\t<div class=\"elementor-element elementor-element-b82df59 e-con-full e-flex e-con e-parent\" data-id=\"b82df59\" data-element_type=\"container\" data-e-type=\"container\" data-settings=\"{&quot;jet_parallax_layout_list&quot;:[]}\">\n\t\t<div class=\"elementor-element elementor-element-17feb29 e-con-full e-flex e-con e-child\" data-id=\"17feb29\" data-element_type=\"container\" data-e-type=\"container\" data-settings=\"{&quot;jet_parallax_layout_list&quot;:[]}\">\n\t\t\t\t<div class=\"elementor-element elementor-element-ebbb248 elementor-widget elementor-widget-heading\" data-id=\"ebbb248\" data-element_type=\"widget\" data-e-type=\"widget\" data-widget_type=\"heading.default\">\n\t\t\t\t<div class=\"elementor-widget-container\">\n\t\t\t\t\t<h2 class=\"elementor-heading-title elementor-size-default\">Exposici\u00f3n de artes visuales \n<\/h2>\t\t\t\t<\/div>\n\t\t\t\t<\/div>\n\t\t\t\t<div class=\"elementor-element elementor-element-01ec1ff elementor-widget elementor-widget-text-editor\" data-id=\"01ec1ff\" data-element_type=\"widget\" data-e-type=\"widget\" data-widget_type=\"text-editor.default\">\n\t\t\t\t<div class=\"elementor-widget-container\">\n\t\t\t\t\t\t\t\t\t<p><span style=\"font-weight: 400;\">Como parte de la evaluaci\u00f3n interna en el segundo a\u00f1o del Programa del Diploma PD, los estudiantes presentan sus obras en una galer\u00eda de arte, lo cual es clave para su desarrollo personal y art\u00edstico. Este espacio les permite compartir su visi\u00f3n, expresar emociones y ganar confianza. Enfrentar la cr\u00edtica del p\u00fablico fomenta la reflexi\u00f3n y autocr\u00edtica, prepar\u00e1ndolos para futuros desaf\u00edos. La exhibici\u00f3n valida su esfuerzo, les otorga reconocimiento y fortalece su identidad como artistas emergentes, impulsando su crecimiento creativo y acad\u00e9mico.<\/span><\/p>\t\t\t\t\t\t\t\t<\/div>\n\t\t\t\t<\/div>\n\t\t\t\t<\/div>\n\t\t<div class=\"elementor-element elementor-element-fccd182 e-con-full e-flex e-con e-child\" data-id=\"fccd182\" data-element_type=\"container\" data-e-type=\"container\" data-settings=\"{&quot;jet_parallax_layout_list&quot;:[]}\">\n\t\t\t\t<div class=\"elementor-element elementor-element-3da6658 img-100vh elementor-widget elementor-widget-image\" data-id=\"3da6658\" data-element_type=\"widget\" data-e-type=\"widget\" data-widget_type=\"image.default\">\n\t\t\t\t<div class=\"elementor-widget-container\">\n\t\t\t\t\t\t\t\t\t\t\t\t\t\t\t<img fetchpriority=\"high\" decoding=\"async\" width=\"1950\" height=\"1300\" src=\"https:\/\/andinoschool.edu.pe\/wp-content\/uploads\/2025\/04\/Arte-Andino-School.jpg\" class=\"attachment-full size-full wp-image-5136\" alt=\"\" srcset=\"https:\/\/andinoschool.edu.pe\/wp-content\/uploads\/2025\/04\/Arte-Andino-School.jpg 1950w, https:\/\/andinoschool.edu.pe\/wp-content\/uploads\/2025\/04\/Arte-Andino-School-300x200.jpg 300w, https:\/\/andinoschool.edu.pe\/wp-content\/uploads\/2025\/04\/Arte-Andino-School-1024x683.jpg 1024w, https:\/\/andinoschool.edu.pe\/wp-content\/uploads\/2025\/04\/Arte-Andino-School-768x512.jpg 768w, https:\/\/andinoschool.edu.pe\/wp-content\/uploads\/2025\/04\/Arte-Andino-School-1536x1024.jpg 1536w, https:\/\/andinoschool.edu.pe\/wp-content\/uploads\/2025\/04\/Arte-Andino-School-18x12.jpg 18w\" sizes=\"(max-width: 1950px) 100vw, 1950px\" \/>\t\t\t\t\t\t\t\t\t\t\t\t\t\t\t<\/div>\n\t\t\t\t<\/div>\n\t\t\t\t<\/div>\n\t\t\t\t<\/div>\n\t\t<div class=\"elementor-element elementor-element-36d6a4a e-con-full e-flex e-con e-parent\" data-id=\"36d6a4a\" data-element_type=\"container\" data-e-type=\"container\" data-settings=\"{&quot;jet_parallax_layout_list&quot;:[]}\">\n\t\t<div class=\"elementor-element elementor-element-11b2ad1 e-con-full e-flex e-con e-child\" data-id=\"11b2ad1\" data-element_type=\"container\" data-e-type=\"container\" data-settings=\"{&quot;jet_parallax_layout_list&quot;:[]}\">\n\t\t\t\t<div class=\"elementor-element elementor-element-6ba7de9 img-100vh elementor-widget elementor-widget-image\" data-id=\"6ba7de9\" data-element_type=\"widget\" data-e-type=\"widget\" data-widget_type=\"image.default\">\n\t\t\t\t<div class=\"elementor-widget-container\">\n\t\t\t\t\t\t\t\t\t\t\t\t\t\t\t<img decoding=\"async\" width=\"963\" height=\"733\" src=\"https:\/\/andinoschool.edu.pe\/wp-content\/uploads\/2024\/06\/33671_Sintitulo1.jpg\" class=\"attachment-full size-full wp-image-531\" alt=\"\" srcset=\"https:\/\/andinoschool.edu.pe\/wp-content\/uploads\/2024\/06\/33671_Sintitulo1.jpg 963w, https:\/\/andinoschool.edu.pe\/wp-content\/uploads\/2024\/06\/33671_Sintitulo1-300x228.jpg 300w, https:\/\/andinoschool.edu.pe\/wp-content\/uploads\/2024\/06\/33671_Sintitulo1-768x585.jpg 768w\" sizes=\"(max-width: 963px) 100vw, 963px\" \/>\t\t\t\t\t\t\t\t\t\t\t\t\t\t\t<\/div>\n\t\t\t\t<\/div>\n\t\t\t\t<\/div>\n\t\t<div class=\"elementor-element elementor-element-0cc02ae e-con-full e-flex e-con e-child\" data-id=\"0cc02ae\" data-element_type=\"container\" data-e-type=\"container\" data-settings=\"{&quot;jet_parallax_layout_list&quot;:[]}\">\n\t\t\t\t<div class=\"elementor-element elementor-element-c72ad34 elementor-widget elementor-widget-heading\" data-id=\"c72ad34\" data-element_type=\"widget\" data-e-type=\"widget\" data-widget_type=\"heading.default\">\n\t\t\t\t<div class=\"elementor-widget-container\">\n\t\t\t\t\t<h2 class=\"elementor-heading-title elementor-size-default\">Arte en el Diploma IB\n<\/h2>\t\t\t\t<\/div>\n\t\t\t\t<\/div>\n\t\t\t\t<div class=\"elementor-element elementor-element-87d92c9 elementor-widget elementor-widget-text-editor\" data-id=\"87d92c9\" data-element_type=\"widget\" data-e-type=\"widget\" data-widget_type=\"text-editor.default\">\n\t\t\t\t<div class=\"elementor-widget-container\">\n\t\t\t\t\t\t\t\t\t<p><span style=\"font-weight: 400;\">El curso de Artes Visuales en el Programa del Diploma es fundamental para el desarrollo creativo y cr\u00edtico de los estudiantes, fomentando la expresi\u00f3n personal y el an\u00e1lisis profundo del arte. En Andino Cusco International School, somos el \u00fanico colegio que divide esta asignatura en dos enfoques:<\/span><\/p><ul><li style=\"font-weight: 400;\" aria-level=\"1\"><b>Artes Visuales,<\/b><span style=\"font-weight: 400;\"> centrado en la pr\u00e1ctica art\u00edstica.<\/span><\/li><li style=\"font-weight: 400;\" aria-level=\"1\"><b>Investigaci\u00f3n art\u00edstica,<\/b><span style=\"font-weight: 400;\"> enfocado en profundizar la teor\u00eda y an\u00e1lisis de las obras.\u00a0<\/span><\/li><\/ul><p>\u00a0<\/p><p><span style=\"font-weight: 400;\">Esta diferenciaci\u00f3n permite a los estudiantes explorar su creatividad mientras desarrollan habilidades de investigaci\u00f3n y reflexi\u00f3n cr\u00edtica, fundamentales para su formaci\u00f3n integral.<\/span><\/p>\t\t\t\t\t\t\t\t<\/div>\n\t\t\t\t<\/div>\n\t\t\t\t<\/div>\n\t\t\t\t<\/div>\n\t\t<div class=\"elementor-element elementor-element-9a2c1ce e-con-full e-flex e-con e-parent\" data-id=\"9a2c1ce\" data-element_type=\"container\" data-e-type=\"container\" data-settings=\"{&quot;jet_parallax_layout_list&quot;:[]}\">\n\t\t<div class=\"elementor-element elementor-element-ea6e4a3 e-con-full e-flex e-con e-child\" data-id=\"ea6e4a3\" data-element_type=\"container\" data-e-type=\"container\" data-settings=\"{&quot;jet_parallax_layout_list&quot;:[]}\">\n\t\t\t\t<div class=\"elementor-element elementor-element-9b50bfd elementor-widget elementor-widget-heading\" data-id=\"9b50bfd\" data-element_type=\"widget\" data-e-type=\"widget\" data-widget_type=\"heading.default\">\n\t\t\t\t<div class=\"elementor-widget-container\">\n\t\t\t\t\t<h2 class=\"elementor-heading-title elementor-size-default\">Talleres en Secundaria<\/h2>\t\t\t\t<\/div>\n\t\t\t\t<\/div>\n\t\t\t\t<div class=\"elementor-element elementor-element-97d1cdc elementor-widget elementor-widget-text-editor\" data-id=\"97d1cdc\" data-element_type=\"widget\" data-e-type=\"widget\" data-widget_type=\"text-editor.default\">\n\t\t\t\t<div class=\"elementor-widget-container\">\n\t\t\t\t\t\t\t\t\t<p><span style=\"font-weight: 400;\">En Secundaria se llevan a cabo talleres de artes pl\u00e1sticas, donde se desarrolla la formaci\u00f3n necesaria para el curso de Arte que propone el <\/span><b>Curr\u00edculo de Educaci\u00f3n B\u00e1sica Regular y el Programa del Diploma de Bachillerato.<\/b><span style=\"font-weight: 400;\"> Este curso hace \u00e9nfasis, no solo en desarrollar las habilidades art\u00edsticas de los estudiantes, sino adem\u00e1s en el sentido expresivo y en el an\u00e1lisis art\u00edstico tanto de sus propias obras, como de artistas nacionales e internacionales.<\/span><\/p><p><b>Asimismo<\/b><span style=\"font-weight: 400;\">, nuestros estudiantes disfrutan de diversos talleres como: <strong>Performing Arts (danza), M\u00fasica (percusi\u00f3n y guitarra), Canto, Teatro y Rob\u00f3tica<\/strong>; los cuales est\u00e1n enfocados a fomentar el desarrollo de los atributos del perfil en diversos espacios, as\u00ed como, habilidades creativas y art\u00edsticas.<\/span><\/p><p>El desarrollo de habilidades art\u00edsticas es parte fundamental de la propuesta educativa del IB, logrando formar estudiantes equilibrados en diversas \u00e1reas de conocimiento.<\/p>\t\t\t\t\t\t\t\t<\/div>\n\t\t\t\t<\/div>\n\t\t\t\t<\/div>\n\t\t<div class=\"elementor-element elementor-element-fcea83e e-con-full e-flex e-con e-child\" data-id=\"fcea83e\" data-element_type=\"container\" data-e-type=\"container\" data-settings=\"{&quot;jet_parallax_layout_list&quot;:[]}\">\n\t\t\t\t<div class=\"elementor-element elementor-element-e233bf1 img-100vh elementor-widget elementor-widget-image\" data-id=\"e233bf1\" data-element_type=\"widget\" data-e-type=\"widget\" data-widget_type=\"image.default\">\n\t\t\t\t<div class=\"elementor-widget-container\">\n\t\t\t\t\t\t\t\t\t\t\t\t\t\t\t<img decoding=\"async\" width=\"1080\" height=\"720\" src=\"https:\/\/andinoschool.edu.pe\/wp-content\/uploads\/2025\/01\/Andino-WebP-5823-1.jpg\" class=\"attachment-full size-full wp-image-4143\" alt=\"\" srcset=\"https:\/\/andinoschool.edu.pe\/wp-content\/uploads\/2025\/01\/Andino-WebP-5823-1.jpg 1080w, https:\/\/andinoschool.edu.pe\/wp-content\/uploads\/2025\/01\/Andino-WebP-5823-1-300x200.jpg 300w, https:\/\/andinoschool.edu.pe\/wp-content\/uploads\/2025\/01\/Andino-WebP-5823-1-1024x683.jpg 1024w, https:\/\/andinoschool.edu.pe\/wp-content\/uploads\/2025\/01\/Andino-WebP-5823-1-768x512.jpg 768w, https:\/\/andinoschool.edu.pe\/wp-content\/uploads\/2025\/01\/Andino-WebP-5823-1-18x12.jpg 18w\" sizes=\"(max-width: 1080px) 100vw, 1080px\" \/>\t\t\t\t\t\t\t\t\t\t\t\t\t\t\t<\/div>\n\t\t\t\t<\/div>\n\t\t\t\t<\/div>\n\t\t\t\t<\/div>\n\t\t<div class=\"elementor-element elementor-element-eec6d15 e-con-full e-flex e-con e-parent\" data-id=\"eec6d15\" data-element_type=\"container\" data-e-type=\"container\" data-settings=\"{&quot;jet_parallax_layout_list&quot;:[]}\">\n\t\t<div class=\"elementor-element elementor-element-d443387 e-con-full e-flex e-con e-child\" data-id=\"d443387\" data-element_type=\"container\" data-e-type=\"container\" data-settings=\"{&quot;jet_parallax_layout_list&quot;:[]}\">\n\t\t\t\t<div class=\"elementor-element elementor-element-10a7385 img-100vh elementor-widget elementor-widget-image\" data-id=\"10a7385\" data-element_type=\"widget\" data-e-type=\"widget\" data-widget_type=\"image.default\">\n\t\t\t\t<div class=\"elementor-widget-container\">\n\t\t\t\t\t\t\t\t\t\t\t\t\t\t\t<img loading=\"lazy\" decoding=\"async\" width=\"959\" height=\"733\" src=\"https:\/\/andinoschool.edu.pe\/wp-content\/uploads\/2024\/06\/41245_taller-primaria.jpg\" class=\"attachment-full size-full wp-image-534\" alt=\"\" srcset=\"https:\/\/andinoschool.edu.pe\/wp-content\/uploads\/2024\/06\/41245_taller-primaria.jpg 959w, https:\/\/andinoschool.edu.pe\/wp-content\/uploads\/2024\/06\/41245_taller-primaria-300x229.jpg 300w, https:\/\/andinoschool.edu.pe\/wp-content\/uploads\/2024\/06\/41245_taller-primaria-768x587.jpg 768w\" sizes=\"(max-width: 959px) 100vw, 959px\" \/>\t\t\t\t\t\t\t\t\t\t\t\t\t\t\t<\/div>\n\t\t\t\t<\/div>\n\t\t\t\t<\/div>\n\t\t<div class=\"elementor-element elementor-element-e6b1584 e-con-full e-flex e-con e-child\" data-id=\"e6b1584\" data-element_type=\"container\" data-e-type=\"container\" data-settings=\"{&quot;jet_parallax_layout_list&quot;:[]}\">\n\t\t\t\t<div class=\"elementor-element elementor-element-a1d64ea elementor-widget elementor-widget-heading\" data-id=\"a1d64ea\" data-element_type=\"widget\" data-e-type=\"widget\" data-widget_type=\"heading.default\">\n\t\t\t\t<div class=\"elementor-widget-container\">\n\t\t\t\t\t<h2 class=\"elementor-heading-title elementor-size-default\">Talles en Primaria \n<\/h2>\t\t\t\t<\/div>\n\t\t\t\t<\/div>\n\t\t\t\t<div class=\"elementor-element elementor-element-c2d88f0 elementor-widget elementor-widget-text-editor\" data-id=\"c2d88f0\" data-element_type=\"widget\" data-e-type=\"widget\" data-widget_type=\"text-editor.default\">\n\t\t\t\t<div class=\"elementor-widget-container\">\n\t\t\t\t\t\t\t\t\t<p><span style=\"font-weight: 400;\">Nuestros estudiantes de primaria disfrutan de diversos talleres que promueven su imaginaci\u00f3n y participaci\u00f3n activa, adem\u00e1s de potenciar sus habilidades,\u00a0 atributos y actitudes.\u00a0<\/span><\/p><p><span style=\"font-weight: 400;\">Los talleres que se ofrecen en el nivel Primaria son: <strong>Arte, Performing Arts, M\u00fasica, Percusi\u00f3n, Canto, Guitarra, Danza y Rob\u00f3tica.<\/strong><\/span><\/p><p><span style=\"font-weight: 400;\">Estos talleres tienen como objetivo que nuestros estudiantes sean buenos comunicadores al comprender y expresar\u00a0 sus ideas en diversos lenguajes art\u00edsticos y comunicativos con confianza y creatividad.\u00a0<\/span><\/p><p><span style=\"font-weight: 400;\">El desarrollo de habilidades art\u00edsticas es parte fundamental de la formaci\u00f3n integral del IB, formando estudiantes equilibrados que reconozcan la importancia del equilibrio f\u00edsico, mental y emocional\u00a0 para lograr tanto el bienestar personal como el de los dem\u00e1s. <\/span><\/p>\t\t\t\t\t\t\t\t<\/div>\n\t\t\t\t<\/div>\n\t\t\t\t<\/div>\n\t\t\t\t<\/div>\n\t\t<div class=\"elementor-element elementor-element-215601c e-con-full e-flex e-con e-parent\" data-id=\"215601c\" data-element_type=\"container\" data-e-type=\"container\" id=\"educacionFisica\" data-settings=\"{&quot;jet_parallax_layout_list&quot;:[]}\">\n\t\t<div class=\"elementor-element elementor-element-f7719c5 e-con-full e-flex e-con e-child\" data-id=\"f7719c5\" data-element_type=\"container\" data-e-type=\"container\" data-settings=\"{&quot;jet_parallax_layout_list&quot;:[]}\">\n\t\t\t\t<div class=\"elementor-element elementor-element-0bdc209 elementor-widget elementor-widget-heading\" data-id=\"0bdc209\" data-element_type=\"widget\" data-e-type=\"widget\" data-widget_type=\"heading.default\">\n\t\t\t\t<div class=\"elementor-widget-container\">\n\t\t\t\t\t<h2 class=\"elementor-heading-title elementor-size-default\">Talleres en Inicial <\/h2>\t\t\t\t<\/div>\n\t\t\t\t<\/div>\n\t\t\t\t<div class=\"elementor-element elementor-element-3302af9 elementor-widget elementor-widget-text-editor\" data-id=\"3302af9\" data-element_type=\"widget\" data-e-type=\"widget\" data-widget_type=\"text-editor.default\">\n\t\t\t\t<div class=\"elementor-widget-container\">\n\t\t\t\t\t\t\t\t\t<p><span style=\"font-weight: 400;\">Nuestros estudiantes de Inicial disfrutan de diversos talleres que promueven su imaginaci\u00f3n y participaci\u00f3n activa, adem\u00e1s de potenciar sus m\u00faltiples habilidades.<\/span><\/p><p><span style=\"font-weight: 400;\">Los talleres que se dictan en el nivel Inicial son: <strong>Arte, M\u00fasica y Performing Arts.<\/strong><\/span><\/p><p><span style=\"font-weight: 400;\">Los talleres propuestos buscan que nuestros estudiantes sean buenos comunicadores al comprender y expresar\u00a0 sus ideas en diversos lenguajes art\u00edsticos y comunicativos, con confianza y creatividad.\u00a0<\/span><\/p><p><span style=\"font-weight: 400;\">El desarrollo de habilidades art\u00edsticas es parte fundamental de la formaci\u00f3n integral del IB, formando estudiantes equilibrados que entiendan la importancia del equilibrio f\u00edsico, mental y emocional para lograr su propio bienestar y el de los dem\u00e1s. <\/span><\/p>\t\t\t\t\t\t\t\t<\/div>\n\t\t\t\t<\/div>\n\t\t\t\t<\/div>\n\t\t<div class=\"elementor-element elementor-element-c99179e e-con-full e-flex e-con e-child\" data-id=\"c99179e\" data-element_type=\"container\" data-e-type=\"container\" data-settings=\"{&quot;jet_parallax_layout_list&quot;:[]}\">\n\t\t\t\t<div class=\"elementor-element elementor-element-e947422 img-100vh elementor-widget elementor-widget-image\" data-id=\"e947422\" data-element_type=\"widget\" data-e-type=\"widget\" data-widget_type=\"image.default\">\n\t\t\t\t<div class=\"elementor-widget-container\">\n\t\t\t\t\t\t\t\t\t\t\t\t\t\t\t<img loading=\"lazy\" decoding=\"async\" width=\"1080\" height=\"720\" src=\"https:\/\/andinoschool.edu.pe\/wp-content\/uploads\/2025\/01\/Andino-WebP-4229.jpg\" class=\"attachment-full size-full wp-image-4028\" alt=\"\" srcset=\"https:\/\/andinoschool.edu.pe\/wp-content\/uploads\/2025\/01\/Andino-WebP-4229.jpg 1080w, https:\/\/andinoschool.edu.pe\/wp-content\/uploads\/2025\/01\/Andino-WebP-4229-300x200.jpg 300w, https:\/\/andinoschool.edu.pe\/wp-content\/uploads\/2025\/01\/Andino-WebP-4229-1024x683.jpg 1024w, https:\/\/andinoschool.edu.pe\/wp-content\/uploads\/2025\/01\/Andino-WebP-4229-768x512.jpg 768w, https:\/\/andinoschool.edu.pe\/wp-content\/uploads\/2025\/01\/Andino-WebP-4229-18x12.jpg 18w\" sizes=\"(max-width: 1080px) 100vw, 1080px\" \/>\t\t\t\t\t\t\t\t\t\t\t\t\t\t\t<\/div>\n\t\t\t\t<\/div>\n\t\t\t\t<\/div>\n\t\t\t\t<\/div>\n\t\t\t\t<\/div>","protected":false},"excerpt":{"rendered":"<p>Talleres Exposici\u00f3n de artes visuales Como parte de la evaluaci\u00f3n interna en el segundo a\u00f1o del Programa del Diploma PD, los estudiantes presentan sus obras en una galer\u00eda de arte, lo cual es clave para su desarrollo personal y art\u00edstico. Este espacio les permite compartir su visi\u00f3n, expresar emociones y ganar confianza. Enfrentar la cr\u00edtica [&hellip;]<\/p>\n","protected":false},"author":1,"featured_media":0,"parent":0,"menu_order":0,"comment_status":"closed","ping_status":"closed","template":"","meta":{"footnotes":""},"class_list":["post-521","page","type-page","status-publish","hentry"],"_links":{"self":[{"href":"https:\/\/andinoschool.edu.pe\/en\/wp-json\/wp\/v2\/pages\/521","targetHints":{"allow":["GET"]}}],"collection":[{"href":"https:\/\/andinoschool.edu.pe\/en\/wp-json\/wp\/v2\/pages"}],"about":[{"href":"https:\/\/andinoschool.edu.pe\/en\/wp-json\/wp\/v2\/types\/page"}],"author":[{"embeddable":true,"href":"https:\/\/andinoschool.edu.pe\/en\/wp-json\/wp\/v2\/users\/1"}],"replies":[{"embeddable":true,"href":"https:\/\/andinoschool.edu.pe\/en\/wp-json\/wp\/v2\/comments?post=521"}],"version-history":[{"count":49,"href":"https:\/\/andinoschool.edu.pe\/en\/wp-json\/wp\/v2\/pages\/521\/revisions"}],"predecessor-version":[{"id":5838,"href":"https:\/\/andinoschool.edu.pe\/en\/wp-json\/wp\/v2\/pages\/521\/revisions\/5838"}],"wp:attachment":[{"href":"https:\/\/andinoschool.edu.pe\/en\/wp-json\/wp\/v2\/media?parent=521"}],"curies":[{"name":"wp","href":"https:\/\/api.w.org\/{rel}","templated":true}]}}