{"id":404,"date":"2024-06-13T02:26:42","date_gmt":"2024-06-13T00:26:42","guid":{"rendered":"https:\/\/andinoschool.edu.pe\/?page_id=404"},"modified":"2025-04-07T14:26:13","modified_gmt":"2025-04-07T19:26:13","slug":"idiomas","status":"publish","type":"page","link":"https:\/\/andinoschool.edu.pe\/en\/idiomas\/","title":{"rendered":"idiomas"},"content":{"rendered":"<div data-elementor-type=\"wp-page\" data-elementor-id=\"404\" class=\"elementor elementor-404\" data-elementor-post-type=\"page\">\n\t\t\t\t<div class=\"elementor-element elementor-element-d05dec5 e-con-full e-flex e-con e-parent\" data-id=\"d05dec5\" data-element_type=\"container\" data-e-type=\"container\" data-settings=\"{&quot;background_background&quot;:&quot;classic&quot;,&quot;jet_parallax_layout_list&quot;:[]}\">\n\t\t\t\t<div class=\"elementor-element elementor-element-4314463 elementor-widget elementor-widget-heading\" data-id=\"4314463\" data-element_type=\"widget\" data-e-type=\"widget\" data-widget_type=\"heading.default\">\n\t\t\t\t<div class=\"elementor-widget-container\">\n\t\t\t\t\t<h2 class=\"elementor-heading-title elementor-size-default\">Idiomas<\/h2>\t\t\t\t<\/div>\n\t\t\t\t<\/div>\n\t\t\t\t<\/div>\n\t\t<div class=\"elementor-element elementor-element-9d1e757 e-con-full e-flex e-con e-parent\" data-id=\"9d1e757\" data-element_type=\"container\" data-e-type=\"container\" data-settings=\"{&quot;jet_parallax_layout_list&quot;:[]}\">\n\t\t<div class=\"elementor-element elementor-element-6710cd3 e-con-full e-flex e-con e-child\" data-id=\"6710cd3\" data-element_type=\"container\" data-e-type=\"container\" data-settings=\"{&quot;jet_parallax_layout_list&quot;:[]}\">\n\t\t\t\t<div class=\"elementor-element elementor-element-4b18ad6 elementor-widget elementor-widget-heading\" data-id=\"4b18ad6\" data-element_type=\"widget\" data-e-type=\"widget\" data-widget_type=\"heading.default\">\n\t\t\t\t<div class=\"elementor-widget-container\">\n\t\t\t\t\t<h2 class=\"elementor-heading-title elementor-size-default\">Biling\u00fcismo: ense\u00f1amos en espa\u00f1ol y en ingl\u00e9s<\/h2>\t\t\t\t<\/div>\n\t\t\t\t<\/div>\n\t\t\t\t<div class=\"elementor-element elementor-element-5aebd2e elementor-widget elementor-widget-text-editor\" data-id=\"5aebd2e\" data-element_type=\"widget\" data-e-type=\"widget\" data-widget_type=\"text-editor.default\">\n\t\t\t\t<div class=\"elementor-widget-container\">\n\t\t\t\t\t\t\t\t\t<p><strong>Espa\u00f1ol en Andino School<\/strong><\/p><p><span style=\"font-weight: 400;\">La ense\u00f1anza del espa\u00f1ol en todos los niveles marca la vida de nuestros estudiantes. Este proceso implica el <strong>desarrollo de habilidades<\/strong> de lectura y escritura que les permitan adquirir conocimientos f\u00e1cilmente en su entorno escolar y social.<\/span><\/p><p><span style=\"font-weight: 400;\">En primaria, implementamos el <strong>Plan Lector<\/strong>, que motiva a\u00a0 los estudiantes a llevar un libro a casa todas las semanas. Adem\u00e1s, se <\/span><span style=\"font-weight: 400;\">fomenta la lectura digital multiformato y los <strong>aprendizajes en diversas \u00e1reas<\/strong> de conocimiento a trav\u00e9s de la plataforma Odilo.\u00a0<\/span><\/p><p><span style=\"font-weight: 400;\">Estos aprendizajes motivan tambi\u00e9n la creatividad, estimulan el pensamiento y les dan la oportunidad de alcanzar su propia <strong>autonom\u00eda<\/strong> a trav\u00e9s de la palabra escrita y oral.\u00a0\u00a0<\/span><\/p><p><span style=\"font-weight: 400;\">En Secundaria se redactan ensayos, se participa de juegos literarios y la creaci\u00f3n de afiches o boletines para <strong>enriquecer su comprensi\u00f3n<\/strong> y contenidos en esta \u00e1rea.<\/span><\/p><p><span style=\"font-weight: 400;\">Buscamos que nuestros estudiantes comprendan lo que leen y a trav\u00e9s de la lectura, hagan suyo el mundo.<\/span><\/p>\t\t\t\t\t\t\t\t<\/div>\n\t\t\t\t<\/div>\n\t\t\t\t<\/div>\n\t\t<div class=\"elementor-element elementor-element-dc95599 e-con-full e-flex e-con e-child\" data-id=\"dc95599\" data-element_type=\"container\" data-e-type=\"container\" data-settings=\"{&quot;jet_parallax_layout_list&quot;:[]}\">\n\t\t\t\t<div class=\"elementor-element elementor-element-e0feb6c img-100vh elementor-widget elementor-widget-image\" data-id=\"e0feb6c\" data-element_type=\"widget\" data-e-type=\"widget\" data-widget_type=\"image.default\">\n\t\t\t\t<div class=\"elementor-widget-container\">\n\t\t\t\t\t\t\t\t\t\t\t\t\t\t\t<img fetchpriority=\"high\" decoding=\"async\" width=\"960\" height=\"921\" src=\"https:\/\/andinoschool.edu.pe\/wp-content\/uploads\/2024\/06\/26485_8.jpg\" class=\"attachment-full size-full wp-image-406\" alt=\"\" srcset=\"https:\/\/andinoschool.edu.pe\/wp-content\/uploads\/2024\/06\/26485_8.jpg 960w, https:\/\/andinoschool.edu.pe\/wp-content\/uploads\/2024\/06\/26485_8-300x288.jpg 300w, https:\/\/andinoschool.edu.pe\/wp-content\/uploads\/2024\/06\/26485_8-768x737.jpg 768w\" sizes=\"(max-width: 960px) 100vw, 960px\" \/>\t\t\t\t\t\t\t\t\t\t\t\t\t\t\t<\/div>\n\t\t\t\t<\/div>\n\t\t\t\t<\/div>\n\t\t\t\t<\/div>\n\t\t<div class=\"elementor-element elementor-element-853569f e-con-full e-flex e-con e-parent\" data-id=\"853569f\" data-element_type=\"container\" data-e-type=\"container\" data-settings=\"{&quot;jet_parallax_layout_list&quot;:[]}\">\n\t\t<div class=\"elementor-element elementor-element-49f724a e-con-full e-flex e-con e-child\" data-id=\"49f724a\" data-element_type=\"container\" data-e-type=\"container\" data-settings=\"{&quot;jet_parallax_layout_list&quot;:[]}\">\n\t\t\t\t<div class=\"elementor-element elementor-element-7a67276 img-100vh elementor-widget elementor-widget-image\" data-id=\"7a67276\" data-element_type=\"widget\" data-e-type=\"widget\" data-widget_type=\"image.default\">\n\t\t\t\t<div class=\"elementor-widget-container\">\n\t\t\t\t\t\t\t\t\t\t\t\t\t\t\t<img decoding=\"async\" width=\"960\" height=\"905\" src=\"https:\/\/andinoschool.edu.pe\/wp-content\/uploads\/2024\/06\/18561_idioma_ingles.jpg\" class=\"attachment-full size-full wp-image-410\" alt=\"\" srcset=\"https:\/\/andinoschool.edu.pe\/wp-content\/uploads\/2024\/06\/18561_idioma_ingles.jpg 960w, https:\/\/andinoschool.edu.pe\/wp-content\/uploads\/2024\/06\/18561_idioma_ingles-300x283.jpg 300w, https:\/\/andinoschool.edu.pe\/wp-content\/uploads\/2024\/06\/18561_idioma_ingles-768x724.jpg 768w\" sizes=\"(max-width: 960px) 100vw, 960px\" \/>\t\t\t\t\t\t\t\t\t\t\t\t\t\t\t<\/div>\n\t\t\t\t<\/div>\n\t\t\t\t<\/div>\n\t\t<div class=\"elementor-element elementor-element-71a7d48 e-con-full e-flex e-con e-child\" data-id=\"71a7d48\" data-element_type=\"container\" data-e-type=\"container\" data-settings=\"{&quot;jet_parallax_layout_list&quot;:[]}\">\n\t\t\t\t<div class=\"elementor-element elementor-element-820c8b1 elementor-widget elementor-widget-heading\" data-id=\"820c8b1\" data-element_type=\"widget\" data-e-type=\"widget\" data-widget_type=\"heading.default\">\n\t\t\t\t<div class=\"elementor-widget-container\">\n\t\t\t\t\t<h2 class=\"elementor-heading-title elementor-size-default\">Ingl\u00e9s en Andino School<\/h2>\t\t\t\t<\/div>\n\t\t\t\t<\/div>\n\t\t\t\t<div class=\"elementor-element elementor-element-e7be9c2 elementor-widget elementor-widget-text-editor\" data-id=\"e7be9c2\" data-element_type=\"widget\" data-e-type=\"widget\" data-widget_type=\"text-editor.default\">\n\t\t\t\t<div class=\"elementor-widget-container\">\n\t\t\t\t\t\t\t\t\t<p><span style=\"font-weight: 400;\">En Andino School, el aprendizaje del ingl\u00e9s se lleva a cabo de manera interactiva y din\u00e1mica. Los estudiantes tienen <strong>m\u00faltiples oportunidades<\/strong> para aprender y utilizar el idioma en contextos variados, garantizando un <strong>equilibrio en el desarrollo de habilidades productivas y receptivas.<\/strong><\/span><\/p><p><span style=\"font-weight: 400;\">Las sesiones de ingl\u00e9s conectan el aprendizaje con prop\u00f3sitos comunicativos reales, lo que enriquece la experiencia educativa. Adem\u00e1s, se incorporan <strong>aspectos culturales<\/strong> del idioma, lo que permite a los estudiantes comprender mejor el contexto en el que se utiliza el ingl\u00e9s.<\/span><\/p><p><span style=\"font-weight: 400;\">Nuestro enfoque no solo se centra en el dominio del idioma, sino que tambi\u00e9n promueve el <strong>desarrollo de habilidades cognitivas.<\/strong> Fomentamos el uso del ingl\u00e9s como una herramienta para la creaci\u00f3n de nuevos conocimientos, animando a nuestros estudiantes a explorar, investigar y comunicarse de manera efectiva. De este modo, el ingl\u00e9s se convierte en una competencia clave que los prepara para enfrentar los retos del futuro con confianza.<\/span><\/p>\t\t\t\t\t\t\t\t<\/div>\n\t\t\t\t<\/div>\n\t\t\t\t<\/div>\n\t\t\t\t<\/div>\n\t\t<div class=\"elementor-element elementor-element-9c5aaaf e-con-full e-flex e-con e-parent\" data-id=\"9c5aaaf\" data-element_type=\"container\" data-e-type=\"container\" data-settings=\"{&quot;jet_parallax_layout_list&quot;:[]}\">\n\t\t<div class=\"elementor-element elementor-element-51737b9 e-con-full e-flex e-con e-child\" data-id=\"51737b9\" data-element_type=\"container\" data-e-type=\"container\" data-settings=\"{&quot;jet_parallax_layout_list&quot;:[]}\">\n\t\t\t\t<div class=\"elementor-element elementor-element-9b0676a elementor-widget elementor-widget-heading\" data-id=\"9b0676a\" data-element_type=\"widget\" data-e-type=\"widget\" data-widget_type=\"heading.default\">\n\t\t\t\t<div class=\"elementor-widget-container\">\n\t\t\t\t\t<h2 class=\"elementor-heading-title elementor-size-default\">Cosmovisi\u00f3n<\/h2>\t\t\t\t<\/div>\n\t\t\t\t<\/div>\n\t\t\t\t<div class=\"elementor-element elementor-element-6e8aa34 elementor-widget elementor-widget-text-editor\" data-id=\"6e8aa34\" data-element_type=\"widget\" data-e-type=\"widget\" data-widget_type=\"text-editor.default\">\n\t\t\t\t<div class=\"elementor-widget-container\">\n\t\t\t\t\t\t\t\t\t<p><span style=\"font-weight: 400;\">Ense\u00f1amos la <strong>diversidad de interpretaci\u00f3n del mundo<\/strong>, en la cual se explican las bases te\u00f3ricas necesarias para comprender las dimensiones que conforman y componen una cultura.<\/span><\/p><p><span style=\"font-weight: 400;\">A trav\u00e9s de estudios de casos a nivel local, regional y global, los estudiantes adquieren una <strong>comprensi\u00f3n profunda de las pr\u00e1cticas y patrones culturales<\/strong>. Estos aprendizajes\u00a0 se consolidan con el trabajo de campo, donde los estudiantes interact\u00faan con estudiantes de primaria y llevan a cabo actividades en comunidades aldeanas con el fin de comprender su entorno real y su capacidad de acci\u00f3n en el mundo.<\/span><\/p>\t\t\t\t\t\t\t\t<\/div>\n\t\t\t\t<\/div>\n\t\t\t\t<\/div>\n\t\t<div class=\"elementor-element elementor-element-463fbf6 e-con-full e-flex e-con e-child\" data-id=\"463fbf6\" data-element_type=\"container\" data-e-type=\"container\" data-settings=\"{&quot;jet_parallax_layout_list&quot;:[]}\">\n\t\t\t\t<div class=\"elementor-element elementor-element-c0623dd img-100vh elementor-widget elementor-widget-image\" data-id=\"c0623dd\" data-element_type=\"widget\" data-e-type=\"widget\" data-widget_type=\"image.default\">\n\t\t\t\t<div class=\"elementor-widget-container\">\n\t\t\t\t\t\t\t\t\t\t\t\t\t\t\t<img decoding=\"async\" width=\"2560\" height=\"1707\" src=\"https:\/\/andinoschool.edu.pe\/wp-content\/uploads\/2025\/01\/IMG_5075-scaled.jpg\" class=\"attachment-full size-full wp-image-4132\" alt=\"\" srcset=\"https:\/\/andinoschool.edu.pe\/wp-content\/uploads\/2025\/01\/IMG_5075-scaled.jpg 2560w, https:\/\/andinoschool.edu.pe\/wp-content\/uploads\/2025\/01\/IMG_5075-300x200.jpg 300w, https:\/\/andinoschool.edu.pe\/wp-content\/uploads\/2025\/01\/IMG_5075-1024x683.jpg 1024w, https:\/\/andinoschool.edu.pe\/wp-content\/uploads\/2025\/01\/IMG_5075-768x512.jpg 768w, https:\/\/andinoschool.edu.pe\/wp-content\/uploads\/2025\/01\/IMG_5075-1536x1024.jpg 1536w, https:\/\/andinoschool.edu.pe\/wp-content\/uploads\/2025\/01\/IMG_5075-2048x1365.jpg 2048w, https:\/\/andinoschool.edu.pe\/wp-content\/uploads\/2025\/01\/IMG_5075-18x12.jpg 18w\" sizes=\"(max-width: 2560px) 100vw, 2560px\" \/>\t\t\t\t\t\t\t\t\t\t\t\t\t\t\t<\/div>\n\t\t\t\t<\/div>\n\t\t\t\t<\/div>\n\t\t\t\t<\/div>\n\t\t\t\t<\/div>","protected":false},"excerpt":{"rendered":"<p>Idiomas Biling\u00fcismo: ense\u00f1amos en espa\u00f1ol y en ingl\u00e9s Espa\u00f1ol en Andino School La ense\u00f1anza del espa\u00f1ol en todos los niveles marca la vida de nuestros estudiantes. Este proceso implica el desarrollo de habilidades de lectura y escritura que les permitan adquirir conocimientos f\u00e1cilmente en su entorno escolar y social. En primaria, implementamos el Plan Lector, [&hellip;]<\/p>\n","protected":false},"author":1,"featured_media":0,"parent":0,"menu_order":0,"comment_status":"closed","ping_status":"closed","template":"","meta":{"footnotes":""},"class_list":["post-404","page","type-page","status-publish","hentry"],"_links":{"self":[{"href":"https:\/\/andinoschool.edu.pe\/en\/wp-json\/wp\/v2\/pages\/404","targetHints":{"allow":["GET"]}}],"collection":[{"href":"https:\/\/andinoschool.edu.pe\/en\/wp-json\/wp\/v2\/pages"}],"about":[{"href":"https:\/\/andinoschool.edu.pe\/en\/wp-json\/wp\/v2\/types\/page"}],"author":[{"embeddable":true,"href":"https:\/\/andinoschool.edu.pe\/en\/wp-json\/wp\/v2\/users\/1"}],"replies":[{"embeddable":true,"href":"https:\/\/andinoschool.edu.pe\/en\/wp-json\/wp\/v2\/comments?post=404"}],"version-history":[{"count":40,"href":"https:\/\/andinoschool.edu.pe\/en\/wp-json\/wp\/v2\/pages\/404\/revisions"}],"predecessor-version":[{"id":5042,"href":"https:\/\/andinoschool.edu.pe\/en\/wp-json\/wp\/v2\/pages\/404\/revisions\/5042"}],"wp:attachment":[{"href":"https:\/\/andinoschool.edu.pe\/en\/wp-json\/wp\/v2\/media?parent=404"}],"curies":[{"name":"wp","href":"https:\/\/api.w.org\/{rel}","templated":true}]}}