{"id":368,"date":"2024-06-13T00:50:18","date_gmt":"2024-06-12T22:50:18","guid":{"rendered":"https:\/\/andinoschool.edu.pe\/?page_id=368"},"modified":"2026-04-07T13:53:02","modified_gmt":"2026-04-07T18:53:02","slug":"infraestructura","status":"publish","type":"page","link":"https:\/\/andinoschool.edu.pe\/en\/infraestructura\/","title":{"rendered":"infraestructura"},"content":{"rendered":"\t\t<div data-elementor-type=\"wp-page\" data-elementor-id=\"368\" class=\"elementor elementor-368\" data-elementor-post-type=\"page\">\n\t\t\t\t<div class=\"elementor-element elementor-element-7805aea e-con-full e-flex e-con e-parent\" data-id=\"7805aea\" data-element_type=\"container\" data-e-type=\"container\" data-settings=\"{&quot;background_background&quot;:&quot;classic&quot;,&quot;jet_parallax_layout_list&quot;:[]}\">\n\t\t\t\t<div class=\"elementor-element elementor-element-48b01e0 elementor-widget elementor-widget-heading\" data-id=\"48b01e0\" data-element_type=\"widget\" data-e-type=\"widget\" data-widget_type=\"heading.default\">\n\t\t\t\t<div class=\"elementor-widget-container\">\n\t\t\t\t\t<h2 class=\"elementor-heading-title elementor-size-default\"> Instalaciones <\/h2>\t\t\t\t<\/div>\n\t\t\t\t<\/div>\n\t\t\t\t<\/div>\n\t\t<div class=\"elementor-element elementor-element-1590441 e-con-full e-flex e-con e-parent\" data-id=\"1590441\" data-element_type=\"container\" data-e-type=\"container\" data-settings=\"{&quot;jet_parallax_layout_list&quot;:[]}\">\n\t\t<div class=\"elementor-element elementor-element-97ea755 e-con-full e-flex e-con e-child\" data-id=\"97ea755\" data-element_type=\"container\" data-e-type=\"container\" data-settings=\"{&quot;jet_parallax_layout_list&quot;:[]}\">\n\t\t\t\t<div class=\"elementor-element elementor-element-3066e20 elementor-widget__width-initial elementor-widget elementor-widget-heading\" data-id=\"3066e20\" data-element_type=\"widget\" data-e-type=\"widget\" data-widget_type=\"heading.default\">\n\t\t\t\t<div class=\"elementor-widget-container\">\n\t\t\t\t\t<h2 class=\"elementor-heading-title elementor-size-default\">Campus dise\u00f1ado para la comodidad estudiantil<\/h2>\t\t\t\t<\/div>\n\t\t\t\t<\/div>\n\t\t\t\t<div class=\"elementor-element elementor-element-b046d3c elementor-widget__width-initial elementor-widget elementor-widget-text-editor\" data-id=\"b046d3c\" data-element_type=\"widget\" data-e-type=\"widget\" data-widget_type=\"text-editor.default\">\n\t\t\t\t<div class=\"elementor-widget-container\">\n\t\t\t\t\t\t\t\t\t<p><span style=\"font-weight: 400;\">Nuestro campus, ubicado en el distrito de <\/span><strong>Cachimayo<\/strong><span style=\"font-weight: 400;\">, a solo media hora de la ciudad de Cusco, se extiende sobre un terreno de 5000 m\u00b2. Cada espacio ha sido dise\u00f1ado pensando en la <strong>comodidad, el <\/strong><\/span><strong>bienestar educativo<\/strong><span style=\"font-weight: 400;\"> y el desarrollo <\/span><span style=\"font-weight: 400;\">acad\u00e9mico y social<\/span><span style=\"font-weight: 400;\"> de nuestra comunidad.<\/span><\/p><div class=\"flex max-w-full flex-col flex-grow\"><div class=\"min-h-8 text-message flex w-full flex-col items-end gap-2 whitespace-normal break-words text-start [.text-message+&amp;]:mt-5\" dir=\"auto\" data-message-author-role=\"assistant\" data-message-id=\"e710aeb4-9ac6-4d3c-a961-28ea342292dc\" data-message-model-slug=\"gpt-4o\"><div class=\"flex w-full flex-col gap-1 empty:hidden first:pt-[3px]\"><div class=\"markdown prose w-full break-words dark:prose-invert light\"><p>Rodeados de paisajes naturales, contamos con una infraestructura que promueve la concentraci\u00f3n, r<strong>eflexi\u00f3n y equilibrio<\/strong>, embellecida con plantas ornamentales y medicinales en oficinas, pasillos, patios, vivero, anfiteatro y muros.<\/p><\/div><\/div><\/div><\/div>\t\t\t\t\t\t\t\t<\/div>\n\t\t\t\t<\/div>\n\t\t\t\t<\/div>\n\t\t<div class=\"elementor-element elementor-element-68631dd e-con-full e-flex e-con e-child\" data-id=\"68631dd\" data-element_type=\"container\" data-e-type=\"container\" data-settings=\"{&quot;jet_parallax_layout_list&quot;:[]}\">\n\t\t\t\t<div class=\"elementor-element elementor-element-230e512 img-100vh elementor-widget elementor-widget-image\" data-id=\"230e512\" data-element_type=\"widget\" data-e-type=\"widget\" data-widget_type=\"image.default\">\n\t\t\t\t<div class=\"elementor-widget-container\">\n\t\t\t\t\t\t\t\t\t\t\t\t\t\t\t<img fetchpriority=\"high\" decoding=\"async\" width=\"960\" height=\"592\" src=\"https:\/\/andinoschool.edu.pe\/wp-content\/uploads\/2024\/06\/81433_campus.jpg\" class=\"attachment-full size-full wp-image-377\" alt=\"\" srcset=\"https:\/\/andinoschool.edu.pe\/wp-content\/uploads\/2024\/06\/81433_campus.jpg 960w, https:\/\/andinoschool.edu.pe\/wp-content\/uploads\/2024\/06\/81433_campus-300x185.jpg 300w, https:\/\/andinoschool.edu.pe\/wp-content\/uploads\/2024\/06\/81433_campus-768x474.jpg 768w\" sizes=\"(max-width: 960px) 100vw, 960px\" \/>\t\t\t\t\t\t\t\t\t\t\t\t\t\t\t<\/div>\n\t\t\t\t<\/div>\n\t\t\t\t<\/div>\n\t\t\t\t<\/div>\n\t\t<div class=\"elementor-element elementor-element-956c2ce e-con-full e-flex e-con e-parent\" data-id=\"956c2ce\" data-element_type=\"container\" data-e-type=\"container\" data-settings=\"{&quot;jet_parallax_layout_list&quot;:[]}\">\n\t\t<div class=\"elementor-element elementor-element-d3931ca e-con-full e-flex e-con e-child\" data-id=\"d3931ca\" data-element_type=\"container\" data-e-type=\"container\" data-settings=\"{&quot;jet_parallax_layout_list&quot;:[]}\">\n\t\t\t\t<div class=\"elementor-element elementor-element-f0a7c66 img-100vh elementor-widget elementor-widget-image\" data-id=\"f0a7c66\" data-element_type=\"widget\" data-e-type=\"widget\" data-widget_type=\"image.default\">\n\t\t\t\t<div class=\"elementor-widget-container\">\n\t\t\t\t\t\t\t\t\t\t\t\t\t\t\t<img decoding=\"async\" width=\"960\" height=\"592\" src=\"https:\/\/andinoschool.edu.pe\/wp-content\/uploads\/2024\/06\/71235_colegio_aulas.jpg\" class=\"attachment-full size-full wp-image-384\" alt=\"\" srcset=\"https:\/\/andinoschool.edu.pe\/wp-content\/uploads\/2024\/06\/71235_colegio_aulas.jpg 960w, https:\/\/andinoschool.edu.pe\/wp-content\/uploads\/2024\/06\/71235_colegio_aulas-300x185.jpg 300w, https:\/\/andinoschool.edu.pe\/wp-content\/uploads\/2024\/06\/71235_colegio_aulas-768x474.jpg 768w\" sizes=\"(max-width: 960px) 100vw, 960px\" \/>\t\t\t\t\t\t\t\t\t\t\t\t\t\t\t<\/div>\n\t\t\t\t<\/div>\n\t\t\t\t<\/div>\n\t\t<div class=\"elementor-element elementor-element-b33e066 e-con-full e-flex e-con e-child\" data-id=\"b33e066\" data-element_type=\"container\" data-e-type=\"container\" data-settings=\"{&quot;jet_parallax_layout_list&quot;:[]}\">\n\t\t\t\t<div class=\"elementor-element elementor-element-9417696 elementor-widget elementor-widget-heading\" data-id=\"9417696\" data-element_type=\"widget\" data-e-type=\"widget\" data-widget_type=\"heading.default\">\n\t\t\t\t<div class=\"elementor-widget-container\">\n\t\t\t\t\t<h2 class=\"elementor-heading-title elementor-size-default\">Aulas espaciosas, modernas, iluminadas y conectadas<\/h2>\t\t\t\t<\/div>\n\t\t\t\t<\/div>\n\t\t\t\t<div class=\"elementor-element elementor-element-1765b06 elementor-widget elementor-widget-text-editor\" data-id=\"1765b06\" data-element_type=\"widget\" data-e-type=\"widget\" data-widget_type=\"text-editor.default\">\n\t\t\t\t<div class=\"elementor-widget-container\">\n\t\t\t\t\t\t\t\t\t<p><span style=\"font-weight: 400;\">Contamos con aulas amplias, modernas e iluminadas, que permiten un mejor aprendizaje.\u00a0 <\/span><span style=\"font-weight: 400;\">Cada sal\u00f3n cuenta con Wi-Fi, lo que ofrece valiosas oportunidades para la indagaci\u00f3n y el <strong>aprendizaje en l\u00ednea<\/strong>.<\/span><\/p><p><span style=\"font-weight: 400;\">Nuestro laboratorio de ciencias ofrece los equipos necesarios para realizar diversas <strong>experiencias cient\u00edficas.<\/strong><\/span><\/p><p><span style=\"font-weight: 400;\">Adem\u00e1s, contamos con dos salas de artes pl\u00e1sticas, dise\u00f1adas para inspirar y<strong> potenciar la creatividad<\/strong> de nuestros estudiantes.<\/span><\/p>\t\t\t\t\t\t\t\t<\/div>\n\t\t\t\t<\/div>\n\t\t\t\t<\/div>\n\t\t\t\t<\/div>\n\t\t<div class=\"elementor-element elementor-element-b0f6796 e-con-full e-flex e-con e-parent\" data-id=\"b0f6796\" data-element_type=\"container\" data-e-type=\"container\" data-settings=\"{&quot;jet_parallax_layout_list&quot;:[]}\">\n\t\t<div class=\"elementor-element elementor-element-9987e12 e-con-full e-flex e-con e-child\" data-id=\"9987e12\" data-element_type=\"container\" data-e-type=\"container\" data-settings=\"{&quot;jet_parallax_layout_list&quot;:[]}\">\n\t\t\t\t<div class=\"elementor-element elementor-element-d5d79c4 elementor-widget elementor-widget-heading\" data-id=\"d5d79c4\" data-element_type=\"widget\" data-e-type=\"widget\" data-widget_type=\"heading.default\">\n\t\t\t\t<div class=\"elementor-widget-container\">\n\t\t\t\t\t<h2 class=\"elementor-heading-title elementor-size-default\">Espacios seguros y vigilados para todas las edades<\/h2>\t\t\t\t<\/div>\n\t\t\t\t<\/div>\n\t\t\t\t<div class=\"elementor-element elementor-element-c06f691 elementor-widget elementor-widget-text-editor\" data-id=\"c06f691\" data-element_type=\"widget\" data-e-type=\"widget\" data-widget_type=\"text-editor.default\">\n\t\t\t\t<div class=\"elementor-widget-container\">\n\t\t\t\t\t\t\t\t\t<p><span style=\"font-weight: 400;\">Ofrecemos <strong>espacios seguros<\/strong> tanto dentro como fuera de las aulas. Nuestro personal de seguridad, apoyado por un sistema de <strong>c\u00e1maras de vigilancia<\/strong> en puntos estrat\u00e9gicos del campus, garantiza el cuidado de nuestra comunidad educativa. Adem\u00e1s, las \u00e1reas de circulaci\u00f3n adecuadas facilitan un tr\u00e1nsito fluido y ordenado.<br \/>Tambi\u00e9n contamos con estacionamiento para las familias y una zona de recojo supervisada, optimizando la llegada y salida de los <\/span><span style=\"font-weight: 400;\">buses escolares.<\/span><\/p>\t\t\t\t\t\t\t\t<\/div>\n\t\t\t\t<\/div>\n\t\t\t\t<\/div>\n\t\t<div class=\"elementor-element elementor-element-62747ce e-con-full e-flex e-con e-child\" data-id=\"62747ce\" data-element_type=\"container\" data-e-type=\"container\" data-settings=\"{&quot;jet_parallax_layout_list&quot;:[]}\">\n\t\t\t\t<div class=\"elementor-element elementor-element-6d99d37 img-100vh elementor-widget elementor-widget-image\" data-id=\"6d99d37\" data-element_type=\"widget\" data-e-type=\"widget\" data-widget_type=\"image.default\">\n\t\t\t\t<div class=\"elementor-widget-container\">\n\t\t\t\t\t\t\t\t\t\t\t\t\t\t\t<img decoding=\"async\" width=\"960\" height=\"592\" src=\"https:\/\/andinoschool.edu.pe\/wp-content\/uploads\/2024\/06\/29930_EspaciosSeguros.jpg\" class=\"attachment-full size-full wp-image-385\" alt=\"\" srcset=\"https:\/\/andinoschool.edu.pe\/wp-content\/uploads\/2024\/06\/29930_EspaciosSeguros.jpg 960w, https:\/\/andinoschool.edu.pe\/wp-content\/uploads\/2024\/06\/29930_EspaciosSeguros-300x185.jpg 300w, https:\/\/andinoschool.edu.pe\/wp-content\/uploads\/2024\/06\/29930_EspaciosSeguros-768x474.jpg 768w\" sizes=\"(max-width: 960px) 100vw, 960px\" \/>\t\t\t\t\t\t\t\t\t\t\t\t\t\t\t<\/div>\n\t\t\t\t<\/div>\n\t\t\t\t<\/div>\n\t\t\t\t<\/div>\n\t\t<div class=\"elementor-element elementor-element-2e5392d e-con-full e-flex e-con e-parent\" data-id=\"2e5392d\" data-element_type=\"container\" data-e-type=\"container\" data-settings=\"{&quot;jet_parallax_layout_list&quot;:[]}\">\n\t\t<div class=\"elementor-element elementor-element-0d1aa37 e-con-full e-flex e-con e-child\" data-id=\"0d1aa37\" data-element_type=\"container\" data-e-type=\"container\" data-settings=\"{&quot;jet_parallax_layout_list&quot;:[]}\">\n\t\t\t\t<div class=\"elementor-element elementor-element-55a17ae img-100vh elementor-widget elementor-widget-image\" data-id=\"55a17ae\" data-element_type=\"widget\" data-e-type=\"widget\" data-widget_type=\"image.default\">\n\t\t\t\t<div class=\"elementor-widget-container\">\n\t\t\t\t\t\t\t\t\t\t\t\t\t\t\t<img loading=\"lazy\" decoding=\"async\" width=\"960\" height=\"592\" src=\"https:\/\/andinoschool.edu.pe\/wp-content\/uploads\/2024\/06\/29926_colegio_accesibilidad.jpg\" class=\"attachment-full size-full wp-image-389\" alt=\"\" srcset=\"https:\/\/andinoschool.edu.pe\/wp-content\/uploads\/2024\/06\/29926_colegio_accesibilidad.jpg 960w, https:\/\/andinoschool.edu.pe\/wp-content\/uploads\/2024\/06\/29926_colegio_accesibilidad-300x185.jpg 300w, https:\/\/andinoschool.edu.pe\/wp-content\/uploads\/2024\/06\/29926_colegio_accesibilidad-768x474.jpg 768w\" sizes=\"(max-width: 960px) 100vw, 960px\" \/>\t\t\t\t\t\t\t\t\t\t\t\t\t\t\t<\/div>\n\t\t\t\t<\/div>\n\t\t\t\t<\/div>\n\t\t<div class=\"elementor-element elementor-element-38ce88c e-con-full e-flex e-con e-child\" data-id=\"38ce88c\" data-element_type=\"container\" data-e-type=\"container\" data-settings=\"{&quot;jet_parallax_layout_list&quot;:[]}\">\n\t\t\t\t<div class=\"elementor-element elementor-element-65074d9 elementor-widget elementor-widget-heading\" data-id=\"65074d9\" data-element_type=\"widget\" data-e-type=\"widget\" data-widget_type=\"heading.default\">\n\t\t\t\t<div class=\"elementor-widget-container\">\n\t\t\t\t\t<h2 class=\"elementor-heading-title elementor-size-default\">Accesibilidad para todo p\u00fablico<\/h2>\t\t\t\t<\/div>\n\t\t\t\t<\/div>\n\t\t\t\t<div class=\"elementor-element elementor-element-dfb7ac1 elementor-widget elementor-widget-text-editor\" data-id=\"dfb7ac1\" data-element_type=\"widget\" data-e-type=\"widget\" data-widget_type=\"text-editor.default\">\n\t\t\t\t<div class=\"elementor-widget-container\">\n\t\t\t\t\t\t\t\t\t<p><span style=\"font-weight: 400;\">Contamos con rampas que conectan todos los niveles del colegio. Ofrecemos <strong>accesibilidad para todas las personas<\/strong>, uniendo las aulas, s\u00f3tano, anfiteatro, \u00e1reas deportivas y recreativas.<\/span><\/p>\t\t\t\t\t\t\t\t<\/div>\n\t\t\t\t<\/div>\n\t\t\t\t<\/div>\n\t\t\t\t<\/div>\n\t\t<div class=\"elementor-element elementor-element-9d5c3b8 e-con-full e-flex e-con e-parent\" data-id=\"9d5c3b8\" data-element_type=\"container\" data-e-type=\"container\" data-settings=\"{&quot;jet_parallax_layout_list&quot;:[]}\">\n\t\t<div class=\"elementor-element elementor-element-9a2f6f7 e-con-full e-flex e-con e-child\" data-id=\"9a2f6f7\" data-element_type=\"container\" data-e-type=\"container\" data-settings=\"{&quot;jet_parallax_layout_list&quot;:[]}\">\n\t\t\t\t<div class=\"elementor-element elementor-element-03dd360 elementor-widget elementor-widget-heading\" data-id=\"03dd360\" data-element_type=\"widget\" data-e-type=\"widget\" data-widget_type=\"heading.default\">\n\t\t\t\t<div class=\"elementor-widget-container\">\n\t\t\t\t\t<h2 class=\"elementor-heading-title elementor-size-default\">Deporte, naturaleza y recreaci\u00f3n\n<\/h2>\t\t\t\t<\/div>\n\t\t\t\t<\/div>\n\t\t\t\t<div class=\"elementor-element elementor-element-8952ce2 elementor-widget elementor-widget-text-editor\" data-id=\"8952ce2\" data-element_type=\"widget\" data-e-type=\"widget\" data-widget_type=\"text-editor.default\">\n\t\t\t\t<div class=\"elementor-widget-container\">\n\t\t\t\t\t\t\t\t\t<p><span style=\"font-weight: 400;\">Disponemos de <strong>\u00e1reas deportivas y recreativas <\/strong>que incluyen\u00a0canchas, coliseo con grader\u00edas y espacios tranquilos para descanso y reflexi\u00f3n.<\/span><\/p><p><span style=\"font-weight: 400;\">Nuestro entorno natural incluye un <strong>huerto,<\/strong> donde los estudiantes participan activamente en el cuidado de plantas. Tambi\u00e9n contamos con plantas medicinales tradicionales, como la manzanilla, para uso del T\u00f3pico.\u00a0<\/span><\/p>\t\t\t\t\t\t\t\t<\/div>\n\t\t\t\t<\/div>\n\t\t\t\t<\/div>\n\t\t<div class=\"elementor-element elementor-element-1fe2cd2 e-con-full e-flex e-con e-child\" data-id=\"1fe2cd2\" data-element_type=\"container\" data-e-type=\"container\" data-settings=\"{&quot;jet_parallax_layout_list&quot;:[]}\">\n\t\t\t\t<div class=\"elementor-element elementor-element-05dd2f2 img-100vh elementor-widget elementor-widget-image\" data-id=\"05dd2f2\" data-element_type=\"widget\" data-e-type=\"widget\" data-widget_type=\"image.default\">\n\t\t\t\t<div class=\"elementor-widget-container\">\n\t\t\t\t\t\t\t\t\t\t\t\t\t\t\t<img loading=\"lazy\" decoding=\"async\" width=\"1080\" height=\"720\" src=\"https:\/\/andinoschool.edu.pe\/wp-content\/uploads\/2025\/01\/Andino-WebP-5501.jpg\" class=\"attachment-full size-full wp-image-4006\" alt=\"\" srcset=\"https:\/\/andinoschool.edu.pe\/wp-content\/uploads\/2025\/01\/Andino-WebP-5501.jpg 1080w, https:\/\/andinoschool.edu.pe\/wp-content\/uploads\/2025\/01\/Andino-WebP-5501-300x200.jpg 300w, https:\/\/andinoschool.edu.pe\/wp-content\/uploads\/2025\/01\/Andino-WebP-5501-1024x683.jpg 1024w, https:\/\/andinoschool.edu.pe\/wp-content\/uploads\/2025\/01\/Andino-WebP-5501-768x512.jpg 768w, https:\/\/andinoschool.edu.pe\/wp-content\/uploads\/2025\/01\/Andino-WebP-5501-18x12.jpg 18w\" sizes=\"(max-width: 1080px) 100vw, 1080px\" \/>\t\t\t\t\t\t\t\t\t\t\t\t\t\t\t<\/div>\n\t\t\t\t<\/div>\n\t\t\t\t<\/div>\n\t\t\t\t<\/div>\n\t\t<div class=\"elementor-element elementor-element-d8c57c3 e-con-full e-flex e-con e-parent\" data-id=\"d8c57c3\" data-element_type=\"container\" data-e-type=\"container\" data-settings=\"{&quot;jet_parallax_layout_list&quot;:[]}\">\n\t\t<div class=\"elementor-element elementor-element-e94e433 e-con-full e-flex e-con e-child\" data-id=\"e94e433\" data-element_type=\"container\" data-e-type=\"container\" data-settings=\"{&quot;jet_parallax_layout_list&quot;:[]}\">\n\t\t\t\t<div class=\"elementor-element elementor-element-a8eba53 img-100vh elementor-widget elementor-widget-image\" data-id=\"a8eba53\" data-element_type=\"widget\" data-e-type=\"widget\" data-widget_type=\"image.default\">\n\t\t\t\t<div class=\"elementor-widget-container\">\n\t\t\t\t\t\t\t\t\t\t\t\t\t\t\t<img loading=\"lazy\" decoding=\"async\" width=\"960\" height=\"592\" src=\"https:\/\/andinoschool.edu.pe\/wp-content\/uploads\/2024\/06\/59932_colegio_biblioteca.jpg\" class=\"attachment-full size-full wp-image-400\" alt=\"\" srcset=\"https:\/\/andinoschool.edu.pe\/wp-content\/uploads\/2024\/06\/59932_colegio_biblioteca.jpg 960w, https:\/\/andinoschool.edu.pe\/wp-content\/uploads\/2024\/06\/59932_colegio_biblioteca-300x185.jpg 300w, https:\/\/andinoschool.edu.pe\/wp-content\/uploads\/2024\/06\/59932_colegio_biblioteca-768x474.jpg 768w\" sizes=\"(max-width: 960px) 100vw, 960px\" \/>\t\t\t\t\t\t\t\t\t\t\t\t\t\t\t<\/div>\n\t\t\t\t<\/div>\n\t\t\t\t<\/div>\n\t\t<div class=\"elementor-element elementor-element-3d8402f e-con-full e-flex e-con e-child\" data-id=\"3d8402f\" data-element_type=\"container\" data-e-type=\"container\" data-settings=\"{&quot;jet_parallax_layout_list&quot;:[]}\">\n\t\t\t\t<div class=\"elementor-element elementor-element-2429b76 elementor-widget elementor-widget-heading\" data-id=\"2429b76\" data-element_type=\"widget\" data-e-type=\"widget\" data-widget_type=\"heading.default\">\n\t\t\t\t<div class=\"elementor-widget-container\">\n\t\t\t\t\t<h2 class=\"elementor-heading-title elementor-size-default\">Centro de recursos\n<\/h2>\t\t\t\t<\/div>\n\t\t\t\t<\/div>\n\t\t\t\t<div class=\"elementor-element elementor-element-647140f elementor-widget elementor-widget-text-editor\" data-id=\"647140f\" data-element_type=\"widget\" data-e-type=\"widget\" data-widget_type=\"text-editor.default\">\n\t\t\t\t<div class=\"elementor-widget-container\">\n\t\t\t\t\t\t\t\t\t<p><span style=\"font-weight: 400;\">El colegio ofrece una<strong> amplia variedad de recursos educativos<\/strong> a disposici\u00f3n de estudiantes y docentes, promoviendo la <\/span><span style=\"font-weight: 400;\">lectura, la investigaci\u00f3n y el aprendizaje interactivo.\u00a0<\/span><\/p><p><span style=\"font-weight: 400;\">Contamos con el espacio de trabajo y consulta, nuestra Biblioteca, donde los estudiantes pueden acceder a diferentes fuentes bibliogr\u00e1ficas, tanto f\u00edsicas como virtuales. Asimismo, los estudiantes cuentan con el acceso a juegos de mesa que tienen distintas categor\u00edas y din\u00e1micas de aprendizaje.<\/span><\/p>\t\t\t\t\t\t\t\t<\/div>\n\t\t\t\t<\/div>\n\t\t\t\t<div class=\"elementor-element elementor-element-7d46187 elementor-widget elementor-widget-button\" data-id=\"7d46187\" data-element_type=\"widget\" data-e-type=\"widget\" data-widget_type=\"button.default\">\n\t\t\t\t<div class=\"elementor-widget-container\">\n\t\t\t\t\t\t\t\t\t<div class=\"elementor-button-wrapper\">\n\t\t\t\t\t<a class=\"elementor-button elementor-button-link elementor-size-sm\" href=\"https:\/\/andinoschool.edu.pe\/herramientas\/\">\n\t\t\t\t\t\t<span class=\"elementor-button-content-wrapper\">\n\t\t\t\t\t\t<span class=\"elementor-button-icon\">\n\t\t\t\t<svg aria-hidden=\"true\" class=\"e-font-icon-svg e-far-arrow-alt-circle-right\" viewBox=\"0 0 512 512\" xmlns=\"http:\/\/www.w3.org\/2000\/svg\"><path d=\"M504 256C504 119 393 8 256 8S8 119 8 256s111 248 248 248 248-111 248-248zm-448 0c0-110.5 89.5-200 200-200s200 89.5 200 200-89.5 200-200 200S56 366.5 56 256zm72 20v-40c0-6.6 5.4-12 12-12h116v-67c0-10.7 12.9-16 20.5-8.5l99 99c4.7 4.7 4.7 12.3 0 17l-99 99c-7.6 7.6-20.5 2.2-20.5-8.5v-67H140c-6.6 0-12-5.4-12-12z\"><\/path><\/svg>\t\t\t<\/span>\n\t\t\t\t\t\t\t\t\t<span class=\"elementor-button-text\">Recursos virtuales <\/span>\n\t\t\t\t\t<\/span>\n\t\t\t\t\t<\/a>\n\t\t\t\t<\/div>\n\t\t\t\t\t\t\t\t<\/div>\n\t\t\t\t<\/div>\n\t\t\t\t<\/div>\n\t\t\t\t<\/div>\n\t\t\t\t<\/div>\n\t\t","protected":false},"excerpt":{"rendered":"<p>Instalaciones Campus dise\u00f1ado para la comodidad estudiantil Nuestro campus, ubicado en el distrito de Cachimayo, a solo media hora de la ciudad de Cusco, se extiende sobre un terreno de 5000 m\u00b2. Cada espacio ha sido dise\u00f1ado pensando en la comodidad, el bienestar educativo y el desarrollo acad\u00e9mico y social de nuestra comunidad. Rodeados de [&hellip;]<\/p>\n","protected":false},"author":1,"featured_media":0,"parent":0,"menu_order":0,"comment_status":"closed","ping_status":"closed","template":"","meta":{"footnotes":""},"class_list":["post-368","page","type-page","status-publish","hentry"],"_links":{"self":[{"href":"https:\/\/andinoschool.edu.pe\/en\/wp-json\/wp\/v2\/pages\/368","targetHints":{"allow":["GET"]}}],"collection":[{"href":"https:\/\/andinoschool.edu.pe\/en\/wp-json\/wp\/v2\/pages"}],"about":[{"href":"https:\/\/andinoschool.edu.pe\/en\/wp-json\/wp\/v2\/types\/page"}],"author":[{"embeddable":true,"href":"https:\/\/andinoschool.edu.pe\/en\/wp-json\/wp\/v2\/users\/1"}],"replies":[{"embeddable":true,"href":"https:\/\/andinoschool.edu.pe\/en\/wp-json\/wp\/v2\/comments?post=368"}],"version-history":[{"count":91,"href":"https:\/\/andinoschool.edu.pe\/en\/wp-json\/wp\/v2\/pages\/368\/revisions"}],"predecessor-version":[{"id":5819,"href":"https:\/\/andinoschool.edu.pe\/en\/wp-json\/wp\/v2\/pages\/368\/revisions\/5819"}],"wp:attachment":[{"href":"https:\/\/andinoschool.edu.pe\/en\/wp-json\/wp\/v2\/media?parent=368"}],"curies":[{"name":"wp","href":"https:\/\/api.w.org\/{rel}","templated":true}]}}