{"id":3384,"date":"2024-11-07T10:33:07","date_gmt":"2024-11-07T15:33:07","guid":{"rendered":"https:\/\/andinoschool.edu.pe\/?page_id=3384"},"modified":"2025-04-15T11:03:52","modified_gmt":"2025-04-15T16:03:52","slug":"deporte-y-educacion-fisica","status":"publish","type":"page","link":"https:\/\/andinoschool.edu.pe\/en\/deporte-y-educacion-fisica\/","title":{"rendered":"Deporte y Educaci\u00f3n F\u00edsica"},"content":{"rendered":"\t\t<div data-elementor-type=\"wp-page\" data-elementor-id=\"3384\" class=\"elementor elementor-3384\" data-elementor-post-type=\"page\">\n\t\t\t\t<div class=\"elementor-element elementor-element-835a842 e-con-full e-flex e-con e-parent\" data-id=\"835a842\" data-element_type=\"container\" data-e-type=\"container\" data-settings=\"{&quot;background_background&quot;:&quot;classic&quot;,&quot;jet_parallax_layout_list&quot;:[]}\">\n\t\t\t\t<div class=\"elementor-element elementor-element-75bf3df elementor-widget elementor-widget-heading\" data-id=\"75bf3df\" data-element_type=\"widget\" data-e-type=\"widget\" data-widget_type=\"heading.default\">\n\t\t\t\t<div class=\"elementor-widget-container\">\n\t\t\t\t\t<h1 class=\"elementor-heading-title elementor-size-default\">Deporte y Educaci\u00f3n F\u00edsica<\/h1>\t\t\t\t<\/div>\n\t\t\t\t<\/div>\n\t\t\t\t<\/div>\n\t\t<div class=\"elementor-element elementor-element-a366c0f e-con-full e-flex e-con e-parent\" data-id=\"a366c0f\" data-element_type=\"container\" data-e-type=\"container\" data-settings=\"{&quot;jet_parallax_layout_list&quot;:[]}\">\n\t\t<div class=\"elementor-element elementor-element-be5e595 e-con-full e-flex e-con e-child\" data-id=\"be5e595\" data-element_type=\"container\" data-e-type=\"container\" data-settings=\"{&quot;jet_parallax_layout_list&quot;:[]}\">\n\t\t\t\t<div class=\"elementor-element elementor-element-acf9cd6 elementor-widget elementor-widget-heading\" data-id=\"acf9cd6\" data-element_type=\"widget\" data-e-type=\"widget\" data-widget_type=\"heading.default\">\n\t\t\t\t<div class=\"elementor-widget-container\">\n\t\t\t\t\t<h2 class=\"elementor-heading-title elementor-size-default\">Inicial\n<\/h2>\t\t\t\t<\/div>\n\t\t\t\t<\/div>\n\t\t\t\t<div class=\"elementor-element elementor-element-f8cf5bd elementor-widget elementor-widget-text-editor\" data-id=\"f8cf5bd\" data-element_type=\"widget\" data-e-type=\"widget\" data-widget_type=\"text-editor.default\">\n\t\t\t\t<div class=\"elementor-widget-container\">\n\t\t\t\t\t\t\t\t\t<p>La formaci\u00f3n en el nivel inicial no solo se enfoca en habilidades intelectuales, sino que tambi\u00e9n integra la actividad l\u00fadica, f\u00edsica y deportiva para un desarrollo integral. La <strong>psicomotricidad<\/strong> promueve, a trav\u00e9s del juego, habilidades motoras y el conocimiento del esquema corporal.<\/p><p>Adem\u00e1s de disfrutar actividades f\u00edsicas, los ni\u00f1os se integran al grupo de pares, fomentando la creatividad e imaginaci\u00f3n. A trav\u00e9s de las actividades predeportivas, aprenden a gestionar emociones, trabajar en equipo y cuidar su salud.<\/p>\t\t\t\t\t\t\t\t<\/div>\n\t\t\t\t<\/div>\n\t\t\t\t<\/div>\n\t\t<div class=\"elementor-element elementor-element-921e2f8 e-con-full e-flex e-con e-child\" data-id=\"921e2f8\" data-element_type=\"container\" data-e-type=\"container\" data-settings=\"{&quot;jet_parallax_layout_list&quot;:[]}\">\n\t\t\t\t<div class=\"elementor-element elementor-element-4d24d44 img-100vh elementor-widget elementor-widget-image\" data-id=\"4d24d44\" data-element_type=\"widget\" data-e-type=\"widget\" data-widget_type=\"image.default\">\n\t\t\t\t<div class=\"elementor-widget-container\">\n\t\t\t\t\t\t\t\t\t\t\t\t\t\t\t<img fetchpriority=\"high\" decoding=\"async\" width=\"1950\" height=\"1300\" src=\"https:\/\/andinoschool.edu.pe\/wp-content\/uploads\/2025\/04\/Deporte-Inicial-Andino.jpg\" class=\"attachment-full size-full wp-image-5171\" alt=\"\" srcset=\"https:\/\/andinoschool.edu.pe\/wp-content\/uploads\/2025\/04\/Deporte-Inicial-Andino.jpg 1950w, https:\/\/andinoschool.edu.pe\/wp-content\/uploads\/2025\/04\/Deporte-Inicial-Andino-300x200.jpg 300w, https:\/\/andinoschool.edu.pe\/wp-content\/uploads\/2025\/04\/Deporte-Inicial-Andino-1024x683.jpg 1024w, https:\/\/andinoschool.edu.pe\/wp-content\/uploads\/2025\/04\/Deporte-Inicial-Andino-768x512.jpg 768w, https:\/\/andinoschool.edu.pe\/wp-content\/uploads\/2025\/04\/Deporte-Inicial-Andino-1536x1024.jpg 1536w, https:\/\/andinoschool.edu.pe\/wp-content\/uploads\/2025\/04\/Deporte-Inicial-Andino-18x12.jpg 18w\" sizes=\"(max-width: 1950px) 100vw, 1950px\" \/>\t\t\t\t\t\t\t\t\t\t\t\t\t\t\t<\/div>\n\t\t\t\t<\/div>\n\t\t\t\t<\/div>\n\t\t\t\t<\/div>\n\t\t<div class=\"elementor-element elementor-element-ae9fe79 e-con-full e-flex e-con e-parent\" data-id=\"ae9fe79\" data-element_type=\"container\" data-e-type=\"container\" data-settings=\"{&quot;jet_parallax_layout_list&quot;:[]}\">\n\t\t<div class=\"elementor-element elementor-element-f496c4e e-con-full e-flex e-con e-child\" data-id=\"f496c4e\" data-element_type=\"container\" data-e-type=\"container\" data-settings=\"{&quot;jet_parallax_layout_list&quot;:[]}\">\n\t\t\t\t<div class=\"elementor-element elementor-element-c2b4a53 img-100vh elementor-widget elementor-widget-image\" data-id=\"c2b4a53\" data-element_type=\"widget\" data-e-type=\"widget\" data-widget_type=\"image.default\">\n\t\t\t\t<div class=\"elementor-widget-container\">\n\t\t\t\t\t\t\t\t\t\t\t\t\t\t\t<img decoding=\"async\" width=\"1080\" height=\"720\" src=\"https:\/\/andinoschool.edu.pe\/wp-content\/uploads\/2025\/01\/Andino-WebP-6009.jpg\" class=\"attachment-full size-full wp-image-4150\" alt=\"\" srcset=\"https:\/\/andinoschool.edu.pe\/wp-content\/uploads\/2025\/01\/Andino-WebP-6009.jpg 1080w, https:\/\/andinoschool.edu.pe\/wp-content\/uploads\/2025\/01\/Andino-WebP-6009-300x200.jpg 300w, https:\/\/andinoschool.edu.pe\/wp-content\/uploads\/2025\/01\/Andino-WebP-6009-1024x683.jpg 1024w, https:\/\/andinoschool.edu.pe\/wp-content\/uploads\/2025\/01\/Andino-WebP-6009-768x512.jpg 768w, https:\/\/andinoschool.edu.pe\/wp-content\/uploads\/2025\/01\/Andino-WebP-6009-18x12.jpg 18w\" sizes=\"(max-width: 1080px) 100vw, 1080px\" \/>\t\t\t\t\t\t\t\t\t\t\t\t\t\t\t<\/div>\n\t\t\t\t<\/div>\n\t\t\t\t<\/div>\n\t\t<div class=\"elementor-element elementor-element-c11d03e e-con-full e-flex e-con e-child\" data-id=\"c11d03e\" data-element_type=\"container\" data-e-type=\"container\" data-settings=\"{&quot;jet_parallax_layout_list&quot;:[]}\">\n\t\t\t\t<div class=\"elementor-element elementor-element-e29e1bc elementor-widget elementor-widget-heading\" data-id=\"e29e1bc\" data-element_type=\"widget\" data-e-type=\"widget\" data-widget_type=\"heading.default\">\n\t\t\t\t<div class=\"elementor-widget-container\">\n\t\t\t\t\t<h2 class=\"elementor-heading-title elementor-size-default\">Primaria\n<\/h2>\t\t\t\t<\/div>\n\t\t\t\t<\/div>\n\t\t\t\t<div class=\"elementor-element elementor-element-22763a0 elementor-widget elementor-widget-text-editor\" data-id=\"22763a0\" data-element_type=\"widget\" data-e-type=\"widget\" data-widget_type=\"text-editor.default\">\n\t\t\t\t<div class=\"elementor-widget-container\">\n\t\t\t\t\t\t\t\t\t<div class=\"flex max-w-full flex-col flex-grow\"><div class=\"min-h-8 text-message flex w-full flex-col items-end gap-2 whitespace-normal break-words text-start [.text-message+&amp;]:mt-5\" dir=\"auto\" data-message-author-role=\"assistant\" data-message-id=\"ffa2b86c-1d98-44bd-aec3-f4c12b848d4a\" data-message-model-slug=\"gpt-4o-mini\"><div class=\"flex w-full flex-col gap-1 empty:hidden first:pt-[3px]\"><div class=\"markdown prose w-full break-words dark:prose-invert light\"><p>La Educaci\u00f3n F\u00edsica es clave para el desarrollo integral de los estudiantes, promoviendo experiencias de movimiento intencionadas que validan sus acciones y conductas motrices.<\/p><p>En primaria, se fomentan las motivaciones, aficiones y necesidades de movimiento, promoviendo la interacci\u00f3n en diversos entornos y actividades diarias.<\/p><p>El enfoque did\u00e1ctico se centra en que los estudiantes sean activos en su aprendizaje, participando en actividades f\u00edsicas que enriquecen su desarrollo motor, creatividad e interacci\u00f3n social.<\/p><\/div><\/div><\/div><\/div>\t\t\t\t\t\t\t\t<\/div>\n\t\t\t\t<\/div>\n\t\t\t\t<\/div>\n\t\t\t\t<\/div>\n\t\t<div class=\"elementor-element elementor-element-584b8a7 e-con-full e-flex e-con e-parent\" data-id=\"584b8a7\" data-element_type=\"container\" data-e-type=\"container\" data-settings=\"{&quot;jet_parallax_layout_list&quot;:[]}\">\n\t\t<div class=\"elementor-element elementor-element-4a1b6ed e-con-full e-flex e-con e-child\" data-id=\"4a1b6ed\" data-element_type=\"container\" data-e-type=\"container\" data-settings=\"{&quot;jet_parallax_layout_list&quot;:[]}\">\n\t\t\t\t<div class=\"elementor-element elementor-element-b67d448 elementor-widget elementor-widget-heading\" data-id=\"b67d448\" data-element_type=\"widget\" data-e-type=\"widget\" data-widget_type=\"heading.default\">\n\t\t\t\t<div class=\"elementor-widget-container\">\n\t\t\t\t\t<h2 class=\"elementor-heading-title elementor-size-default\">Secundaria\n<\/h2>\t\t\t\t<\/div>\n\t\t\t\t<\/div>\n\t\t\t\t<div class=\"elementor-element elementor-element-2d6acfa elementor-widget elementor-widget-text-editor\" data-id=\"2d6acfa\" data-element_type=\"widget\" data-e-type=\"widget\" data-widget_type=\"text-editor.default\">\n\t\t\t\t<div class=\"elementor-widget-container\">\n\t\t\t\t\t\t\t\t\t<p>El objetivo principal es capacitar a los estudiantes para ser f\u00edsicamente activos y tomar decisiones saludables, promoviendo habilidades, trabajo en equipo, y comunicaci\u00f3n efectiva.<\/p><p>Se ense\u00f1a sobre el sedentarismo y sus consecuencias, reflexionando sobre su importancia. Los estudiantes tambi\u00e9n aprenden a respetar las ideas de los dem\u00e1s y a fomentar relaciones interpersonales positivas, promoviendo la responsabilidad social.<\/p><p>El objetivo clave es aplicar este conocimiento para promover h\u00e1bitos saludables y mejorar su entorno, mediante ejercicios funcionales que mejoren postura y fuerza para una vida saludable.<\/p>\t\t\t\t\t\t\t\t<\/div>\n\t\t\t\t<\/div>\n\t\t\t\t<\/div>\n\t\t<div class=\"elementor-element elementor-element-9d5e0e5 e-con-full e-flex e-con e-child\" data-id=\"9d5e0e5\" data-element_type=\"container\" data-e-type=\"container\" data-settings=\"{&quot;jet_parallax_layout_list&quot;:[]}\">\n\t\t\t\t<div class=\"elementor-element elementor-element-bd404cf img-100vh elementor-widget elementor-widget-image\" data-id=\"bd404cf\" data-element_type=\"widget\" data-e-type=\"widget\" data-widget_type=\"image.default\">\n\t\t\t\t<div class=\"elementor-widget-container\">\n\t\t\t\t\t\t\t\t\t\t\t\t\t\t\t<img decoding=\"async\" width=\"1080\" height=\"720\" src=\"https:\/\/andinoschool.edu.pe\/wp-content\/uploads\/2025\/01\/Andino-WebP-5371.jpg\" class=\"attachment-full size-full wp-image-4154\" alt=\"\" srcset=\"https:\/\/andinoschool.edu.pe\/wp-content\/uploads\/2025\/01\/Andino-WebP-5371.jpg 1080w, https:\/\/andinoschool.edu.pe\/wp-content\/uploads\/2025\/01\/Andino-WebP-5371-300x200.jpg 300w, https:\/\/andinoschool.edu.pe\/wp-content\/uploads\/2025\/01\/Andino-WebP-5371-1024x683.jpg 1024w, https:\/\/andinoschool.edu.pe\/wp-content\/uploads\/2025\/01\/Andino-WebP-5371-768x512.jpg 768w, https:\/\/andinoschool.edu.pe\/wp-content\/uploads\/2025\/01\/Andino-WebP-5371-18x12.jpg 18w\" sizes=\"(max-width: 1080px) 100vw, 1080px\" \/>\t\t\t\t\t\t\t\t\t\t\t\t\t\t\t<\/div>\n\t\t\t\t<\/div>\n\t\t\t\t<\/div>\n\t\t\t\t<\/div>\n\t\t<div class=\"elementor-element elementor-element-874b914 e-con-full e-flex e-con e-parent\" data-id=\"874b914\" data-element_type=\"container\" data-e-type=\"container\" data-settings=\"{&quot;jet_parallax_layout_list&quot;:[]}\">\n\t\t<div class=\"elementor-element elementor-element-5a63795 e-con-full e-flex e-con e-child\" data-id=\"5a63795\" data-element_type=\"container\" data-e-type=\"container\" data-settings=\"{&quot;jet_parallax_layout_list&quot;:[]}\">\n\t\t\t\t<div class=\"elementor-element elementor-element-6b426f6 img-100vh elementor-widget elementor-widget-image\" data-id=\"6b426f6\" data-element_type=\"widget\" data-e-type=\"widget\" data-widget_type=\"image.default\">\n\t\t\t\t<div class=\"elementor-widget-container\">\n\t\t\t\t\t\t\t\t\t\t\t\t\t\t\t<img loading=\"lazy\" decoding=\"async\" width=\"1733\" height=\"1300\" src=\"https:\/\/andinoschool.edu.pe\/wp-content\/uploads\/2025\/04\/Campeones-deportes-Andino.jpg\" class=\"attachment-full size-full wp-image-5167\" alt=\"\" srcset=\"https:\/\/andinoschool.edu.pe\/wp-content\/uploads\/2025\/04\/Campeones-deportes-Andino.jpg 1733w, https:\/\/andinoschool.edu.pe\/wp-content\/uploads\/2025\/04\/Campeones-deportes-Andino-300x225.jpg 300w, https:\/\/andinoschool.edu.pe\/wp-content\/uploads\/2025\/04\/Campeones-deportes-Andino-1024x768.jpg 1024w, https:\/\/andinoschool.edu.pe\/wp-content\/uploads\/2025\/04\/Campeones-deportes-Andino-768x576.jpg 768w, https:\/\/andinoschool.edu.pe\/wp-content\/uploads\/2025\/04\/Campeones-deportes-Andino-1536x1152.jpg 1536w, https:\/\/andinoschool.edu.pe\/wp-content\/uploads\/2025\/04\/Campeones-deportes-Andino-16x12.jpg 16w\" sizes=\"(max-width: 1733px) 100vw, 1733px\" \/>\t\t\t\t\t\t\t\t\t\t\t\t\t\t\t<\/div>\n\t\t\t\t<\/div>\n\t\t\t\t<\/div>\n\t\t<div class=\"elementor-element elementor-element-3ed6981 e-con-full e-flex e-con e-child\" data-id=\"3ed6981\" data-element_type=\"container\" data-e-type=\"container\" data-settings=\"{&quot;jet_parallax_layout_list&quot;:[]}\">\n\t\t\t\t<div class=\"elementor-element elementor-element-7bc4dc5 elementor-widget elementor-widget-heading\" data-id=\"7bc4dc5\" data-element_type=\"widget\" data-e-type=\"widget\" data-widget_type=\"heading.default\">\n\t\t\t\t<div class=\"elementor-widget-container\">\n\t\t\t\t\t<h2 class=\"elementor-heading-title elementor-size-default\">Participaci\u00f3n Interescolares\n<\/h2>\t\t\t\t<\/div>\n\t\t\t\t<\/div>\n\t\t\t\t<div class=\"elementor-element elementor-element-ded15f3 elementor-widget elementor-widget-text-editor\" data-id=\"ded15f3\" data-element_type=\"widget\" data-e-type=\"widget\" data-widget_type=\"text-editor.default\">\n\t\t\t\t<div class=\"elementor-widget-container\">\n\t\t\t\t\t\t\t\t\t<p>Participamos en competencias deportivas escolares, destacando en los Juegos Escolares Deportivos y Paradeportivos 2024. Nuestros estudiantes nos representaron en disciplinas tanto individuales como colectivas:<\/p><ul><li>Taekwondo (categor\u00edas A, B)<\/li><li>Gimnasia (categor\u00eda A)<\/li><li>Atletismo (categor\u00edas A, B, C)<\/li><li>Tenis de campo (categor\u00eda A)<\/li><li>Tenis de mesa (categor\u00eda A)<\/li><li>Nataci\u00f3n (categor\u00edas A, B, C)<\/li><li>Ajedrez (categor\u00eda C)<\/li><li>Futsal (categor\u00edas A, B, C)<\/li><li>Baloncesto (categor\u00edas B, C)<\/li><\/ul>\t\t\t\t\t\t\t\t<\/div>\n\t\t\t\t<\/div>\n\t\t\t\t<\/div>\n\t\t\t\t<\/div>\n\t\t<div class=\"elementor-element elementor-element-bb77d0e e-con-full e-flex e-con e-parent\" data-id=\"bb77d0e\" data-element_type=\"container\" data-e-type=\"container\" data-settings=\"{&quot;jet_parallax_layout_list&quot;:[]}\">\n\t\t<div class=\"elementor-element elementor-element-86843c7 e-con-full e-flex e-con e-child\" data-id=\"86843c7\" data-element_type=\"container\" data-e-type=\"container\" data-settings=\"{&quot;jet_parallax_layout_list&quot;:[]}\">\n\t\t\t\t<div class=\"elementor-element elementor-element-014d4e7 elementor-widget elementor-widget-heading\" data-id=\"014d4e7\" data-element_type=\"widget\" data-e-type=\"widget\" data-widget_type=\"heading.default\">\n\t\t\t\t<div class=\"elementor-widget-container\">\n\t\t\t\t\t<h2 class=\"elementor-heading-title elementor-size-default\">Deportistas calificados\n<\/h2>\t\t\t\t<\/div>\n\t\t\t\t<\/div>\n\t\t\t\t<div class=\"elementor-element elementor-element-0425330 elementor-widget elementor-widget-text-editor\" data-id=\"0425330\" data-element_type=\"widget\" data-e-type=\"widget\" data-widget_type=\"text-editor.default\">\n\t\t\t\t<div class=\"elementor-widget-container\">\n\t\t\t\t\t\t\t\t\t<p>En nuestra comunidad de aprendizaje, nos enorgullece contar con estudiantes destacados que han obtenido premios nacionales y participaciones en competencias sudamericanas en diversas disciplinas:<\/p><ul><li>Taekwondo, Karate, Gimnasia, Ajedrez, Baloncesto, F\u00fatbol, Nataci\u00f3n, Tenis de mesa, Tenis de campo, Atletismo, Downhill, Escalada.<\/li><\/ul><p>\u00a0<\/p><p>Como comunidad educativa, siempre estamos pendientes de las participaciones y logros de nuestros estudiantes, motiv\u00e1ndolos y acompa\u00f1\u00e1ndolos en sus diferentes experiencias deportivas. <\/p>\t\t\t\t\t\t\t\t<\/div>\n\t\t\t\t<\/div>\n\t\t\t\t<\/div>\n\t\t<div class=\"elementor-element elementor-element-c844559 e-con-full e-flex e-con e-child\" data-id=\"c844559\" data-element_type=\"container\" data-e-type=\"container\" data-settings=\"{&quot;jet_parallax_layout_list&quot;:[]}\">\n\t\t\t\t<div class=\"elementor-element elementor-element-626e855 img-100vh elementor-widget elementor-widget-image\" data-id=\"626e855\" data-element_type=\"widget\" data-e-type=\"widget\" data-widget_type=\"image.default\">\n\t\t\t\t<div class=\"elementor-widget-container\">\n\t\t\t\t\t\t\t\t\t\t\t\t\t\t\t<img loading=\"lazy\" decoding=\"async\" width=\"2560\" height=\"1707\" src=\"https:\/\/andinoschool.edu.pe\/wp-content\/uploads\/2025\/01\/IMG_9228-scaled.jpg\" class=\"attachment-full size-full wp-image-4161\" alt=\"\" srcset=\"https:\/\/andinoschool.edu.pe\/wp-content\/uploads\/2025\/01\/IMG_9228-scaled.jpg 2560w, https:\/\/andinoschool.edu.pe\/wp-content\/uploads\/2025\/01\/IMG_9228-300x200.jpg 300w, https:\/\/andinoschool.edu.pe\/wp-content\/uploads\/2025\/01\/IMG_9228-1024x683.jpg 1024w, https:\/\/andinoschool.edu.pe\/wp-content\/uploads\/2025\/01\/IMG_9228-768x512.jpg 768w, https:\/\/andinoschool.edu.pe\/wp-content\/uploads\/2025\/01\/IMG_9228-1536x1024.jpg 1536w, https:\/\/andinoschool.edu.pe\/wp-content\/uploads\/2025\/01\/IMG_9228-2048x1365.jpg 2048w, https:\/\/andinoschool.edu.pe\/wp-content\/uploads\/2025\/01\/IMG_9228-18x12.jpg 18w\" sizes=\"(max-width: 2560px) 100vw, 2560px\" \/>\t\t\t\t\t\t\t\t\t\t\t\t\t\t\t<\/div>\n\t\t\t\t<\/div>\n\t\t\t\t<\/div>\n\t\t\t\t<\/div>\n\t\t\t\t<\/div>\n\t\t","protected":false},"excerpt":{"rendered":"<p>Deporte y Educaci\u00f3n F\u00edsica Inicial La formaci\u00f3n en el nivel inicial no solo se enfoca en habilidades intelectuales, sino que tambi\u00e9n integra la actividad l\u00fadica, f\u00edsica y deportiva para un desarrollo integral. La psicomotricidad promueve, a trav\u00e9s del juego, habilidades motoras y el conocimiento del esquema corporal. Adem\u00e1s de disfrutar actividades f\u00edsicas, los ni\u00f1os se [&hellip;]<\/p>\n","protected":false},"author":1,"featured_media":0,"parent":0,"menu_order":0,"comment_status":"closed","ping_status":"closed","template":"","meta":{"footnotes":""},"class_list":["post-3384","page","type-page","status-publish","hentry"],"_links":{"self":[{"href":"https:\/\/andinoschool.edu.pe\/en\/wp-json\/wp\/v2\/pages\/3384","targetHints":{"allow":["GET"]}}],"collection":[{"href":"https:\/\/andinoschool.edu.pe\/en\/wp-json\/wp\/v2\/pages"}],"about":[{"href":"https:\/\/andinoschool.edu.pe\/en\/wp-json\/wp\/v2\/types\/page"}],"author":[{"embeddable":true,"href":"https:\/\/andinoschool.edu.pe\/en\/wp-json\/wp\/v2\/users\/1"}],"replies":[{"embeddable":true,"href":"https:\/\/andinoschool.edu.pe\/en\/wp-json\/wp\/v2\/comments?post=3384"}],"version-history":[{"count":34,"href":"https:\/\/andinoschool.edu.pe\/en\/wp-json\/wp\/v2\/pages\/3384\/revisions"}],"predecessor-version":[{"id":5182,"href":"https:\/\/andinoschool.edu.pe\/en\/wp-json\/wp\/v2\/pages\/3384\/revisions\/5182"}],"wp:attachment":[{"href":"https:\/\/andinoschool.edu.pe\/en\/wp-json\/wp\/v2\/media?parent=3384"}],"curies":[{"name":"wp","href":"https:\/\/api.w.org\/{rel}","templated":true}]}}